{"id":190,"date":"2019-10-04T01:05:57","date_gmt":"2019-10-03T22:05:57","guid":{"rendered":"https:\/\/www.vintape.org\/urun\/import-placeholder-for-11519\/"},"modified":"2023-03-17T23:51:18","modified_gmt":"2023-03-17T22:51:18","slug":"dusunbil-sayi-80","status":"publish","type":"product","link":"https:\/\/www.vintape.org\/?product=dusunbil-sayi-80","title":{"rendered":"D\u00fc\u015f\u00fcnbil Say\u0131 80"},"content":{"rendered":"<div class=\"_2cuy _3dgx\">\n<div class=\"_1mf _1mj\">\n<p><strong>\u0130\u00c7\u0130NDEK\u0130LER<\/strong><\/p>\n<p>G\u00fcnah\u0131n Dijital \u015eeffafl\u0131\u011f\u0131: Sosyal Lin\u00e7<br \/>\nAhmet G\u00fcven<\/p>\n<p>Black Mirror Dizisinin Var Olma M\u00fccadelesi A\u00e7\u0131s\u0131ndan \u0130ncelenmesi<br \/>\n\u00c7a\u011fda\u015f Turhan<\/p>\n<p>Tekonopoli \u00c7a\u011f\u0131nda Sim\u00fclasyon ve G\u00f6zetim: Black Mirror Distopyas\u0131<br \/>\nEce \u00dcn\u00fcr<\/p>\n<p>Black Mirror ve \u0130deoloji Olarak Teknoloji<br \/>\nEmre Tansu Keten<\/p>\n<p>Black Mirror: Makinedeki Hayalet Ele\u015ftirisi ve \u00d6zg\u00fcr \u0130rade Sorunu<br \/>\nFigen G\u00fcnt\u00fcrk<\/p>\n<p>Ayr\u0131lma-Bireyle\u015fme \u0130\u00e7in Bir A\u011f\u0131t: Arkangel<br \/>\nRemzi O\u011fulcan \u00c7\u0131ray<\/p>\n<p>Dikkat Tabular Y\u0131k\u0131l\u0131yor! Black Mirror ve Kat\u0131l\u0131mc\u0131 \u0130zleyici K\u00fclt\u00fcr\u00fcn\u00fcn \u0130n\u015fas\u0131<br \/>\nTahsin Eren Sayar<\/p>\n<p>Black Mirror &#8211; Be Right Back: \u201cYine de \u0130nsan\u201d<br \/>\nS\u0131la Kasaro\u011flu<\/p>\n<p>White Bear ve Yarg\u0131laman\u0131n Tanr\u0131sal G\u00fcc\u00fc<br \/>\nNilsu Yi\u011fito\u011flu<\/p>\n<p>Black Mirror: Senin T\u00fcm Ge\u00e7mi\u015fin<br \/>\nCaemeron Crain<br \/>\n\u00c7eviren: Cemre Y\u0131lmaz<\/p>\n<p>Black Mirror ve Lacan\u2019\u0131n Ayna Evresi<br \/>\nOlcay Y\u0131lmaz<\/p>\n<p>Ba\u011f\u0131\u015flay\u0131c\u0131 Ak\u0131l: Sherlock Holmes\u2019un Ba\u015far\u0131s\u0131n\u0131n S\u0131rr\u0131<br \/>\nTim Weldon<br \/>\n\u00c7eviren: G\u00fcls\u00fcm Esen<\/p>\n<p>Neden Ger\u00e7ek Kurgudan Daha Garip?<br \/>\nPavlo Shopin<br \/>\n\u00c7eviren: G\u00fcls\u00fcm Esen<\/p>\n<p>Neden Okullar De\u011fi\u015fmeli?<br \/>\nZan Boag<br \/>\n\u00c7eviren: Damla M\u0131s\u0131r Henao Grisales<\/p>\n<p>Felsefe D\u00fcnyas\u0131<\/p>\n<p>Karikat\u00fcr<\/p>\n<p>Okuma \u00d6nerisi<\/p>\n<\/div>\n<\/div>\n","protected":false},"excerpt":{"rendered":"<p>\u0130\u00c7\u0130NDEK\u0130LER G\u00fcnah\u0131n Dijital \u015eeffafl\u0131\u011f\u0131: Sosyal Lin\u00e7 Ahmet G\u00fcven Black Mirror Dizisinin Var Olma M\u00fccadelesi A\u00e7\u0131s\u0131ndan \u0130ncelenmesi \u00c7a\u011fda\u015f Turhan Tekonopoli \u00c7a\u011f\u0131nda Sim\u00fclasyon ve G\u00f6zetim: Black Mirror Distopyas\u0131 Ece \u00dcn\u00fcr Black Mirror<\/p>\n","protected":false},"featured_media":206,"comment_status":"open","ping_status":"closed","template":"","meta":[],"product_cat":[21],"product_tag":[92,93,24,25,82],"class_list":{"0":"post-190","1":"product","2":"type-product","3":"status-publish","4":"has-post-thumbnail","6":"product_cat-magazine","7":"product_tag-black-mirror","8":"product_tag-dizi","9":"product_tag-dusunbil","10":"product_tag-felsefe","11":"product_tag-sinema","13":"first","14":"outofstock","15":"shipping-taxable","16":"purchasable","17":"product-type-simple"},"_links":{"self":[{"href":"https:\/\/www.vintape.org\/index.php?rest_route=\/wp\/v2\/product\/190","targetHints":{"allow":["GET"]}}],"collection":[{"href":"https:\/\/www.vintape.org\/index.php?rest_route=\/wp\/v2\/product"}],"about":[{"href":"https:\/\/www.vintape.org\/index.php?rest_route=\/wp\/v2\/types\/product"}],"replies":[{"embeddable":true,"href":"https:\/\/www.vintape.org\/index.php?rest_route=%2Fwp%2Fv2%2Fcomments&post=190"}],"version-history":[{"count":0,"href":"https:\/\/www.vintape.org\/index.php?rest_route=\/wp\/v2\/product\/190\/revisions"}],"wp:featuredmedia":[{"embeddable":true,"href":"https:\/\/www.vintape.org\/index.php?rest_route=\/wp\/v2\/media\/206"}],"wp:attachment":[{"href":"https:\/\/www.vintape.org\/index.php?rest_route=%2Fwp%2Fv2%2Fmedia&parent=190"}],"wp:term":[{"taxonomy":"product_cat","embeddable":true,"href":"https:\/\/www.vintape.org\/index.php?rest_route=%2Fwp%2Fv2%2Fproduct_cat&post=190"},{"taxonomy":"product_tag","embeddable":true,"href":"https:\/\/www.vintape.org\/index.php?rest_route=%2Fwp%2Fv2%2Fproduct_tag&post=190"}],"curies":[{"name":"wp","href":"https:\/\/api.w.org\/{rel}","templated":true}]}}