{"id":189,"date":"2019-10-04T01:05:57","date_gmt":"2019-10-03T22:05:57","guid":{"rendered":"https:\/\/www.vintape.org\/urun\/import-placeholder-for-11427\/"},"modified":"2026-03-18T14:45:15","modified_gmt":"2026-03-18T13:45:15","slug":"dusunbil-sayi-79","status":"publish","type":"product","link":"https:\/\/www.vintape.org\/?product=dusunbil-sayi-79","title":{"rendered":"D\u00fc\u015f\u00fcnbil Say\u0131 79"},"content":{"rendered":"<div class=\"_2cuy _3dgx\">\n<div class=\"_1mf _1mj\">\n<p><strong>\u0130\u00c7\u0130NDEK\u0130LER<\/strong><\/p>\n<\/div>\n<p>Y\u00f6ns\u00fcz Labirent: Kutsal\u0131n \u00c7\u0131plakl\u0131\u011f\u0131<br \/>\nY\u0131ld\u0131r\u0131m Ortao\u011flan<\/p>\n<p>Nietzsche \u0130nan\u00e7 Konusunda Hakl\u0131 m\u0131yd\u0131?: Ateist \u015e\u00f6lenindeki Hayalet<br \/>\nJohn Gray<br \/>\n\u00c7eviren: Arya Karada\u015f<\/p>\n<p>Tanr\u0131n\u0131n Son \u00d6l\u00fcm\u00fc<br \/>\nO\u011fuz Karayemi\u015f<\/p>\n<p>Toplumsal Cinsiyet Ba\u011flam\u0131nda Tanr\u0131y\u0131 \u00d6ld\u00fcrme Denemesi<br \/>\nSeray Soysal<\/p>\n<p>Friedrich Nietzsche ve Toplumsal Planlar\u0131<br \/>\nGavin Jacobson<br \/>\n\u00c7eviren: Zeynep \u015eenel Gencer<\/p>\n<p>Tanr\u0131 \u00d6ld\u00fc Bilincinin Fel\u00e2keti Tanr\u0131\u2019n\u0131n \u00d6l\u00fcm\u00fcn\u00fcn Deh\u015fet Uyand\u0131r\u0131c\u0131 ve \u0130lham Verici Sonu\u00e7lar\u0131<br \/>\nJosef Hasek K\u0131l\u00e7\u0131ks\u0131z<\/p>\n<p>Nietzsche \u201cTanr\u0131 \u00d6ld\u00fc\u201d Yazd\u0131\u011f\u0131nda Asl\u0131nda Ne Demek \u0130stedi?<br \/>\nJosh Jones<br \/>\n\u00c7eviren: \u00c7a\u011f\u0131n Nevruz \u00d6zsoy<\/p>\n<p>Nietzsche\u2019nin \u201cTanr\u0131 \u00d6ld\u00fc\u201d S\u00f6z\u00fc \u00dczerine<br \/>\nSebahattin \u00c7evikba\u015f<\/p>\n<p>Schopenhauer, Nietzsche, Heidegger<br \/>\nS\u00f6yle\u015fi: Richard Marshall<br \/>\n\u00c7eviren: M\u00fcleyke Barut\u00e7u<\/p>\n<p>Tanr\u0131 Olarak \u0130nsan: Bir Nietzsche Tragedyas\u0131<br \/>\nO\u011fuz Ha\u015flako\u011flu<\/p>\n<p>Lacan\u2019da Ego ve \u00d6zne<br \/>\nJohn P. Muller<br \/>\n\u00c7eviren: Cemre Y\u0131lmaz<\/p>\n<p>Lacan ve Heidegger: \u2018Arzunun Eti\u011fi\u2019 ve \u2018Sahicili\u011fin Eti\u011fi\u2019<br \/>\nRichard Capobianco<br \/>\n\u00c7eviren: Cemre Y\u0131lmaz<\/p>\n<p>Sofistler ve Sokrates<br \/>\nAli Karakaya<\/p>\n<p>Karikat\u00fcr<\/p>\n<p>Okuma \u00d6nerisi<\/p>\n<\/div>\n","protected":false},"excerpt":{"rendered":"<p>\u0130\u00c7\u0130NDEK\u0130LER Y\u00f6ns\u00fcz Labirent: Kutsal\u0131n \u00c7\u0131plakl\u0131\u011f\u0131 Y\u0131ld\u0131r\u0131m Ortao\u011flan Nietzsche \u0130nan\u00e7 Konusunda Hakl\u0131 m\u0131yd\u0131?: Ateist \u015e\u00f6lenindeki Hayalet John Gray \u00c7eviren: Arya Karada\u015f Tanr\u0131n\u0131n Son \u00d6l\u00fcm\u00fc O\u011fuz Karayemi\u015f Toplumsal Cinsiyet Ba\u011flam\u0131nda Tanr\u0131y\u0131 \u00d6ld\u00fcrme<\/p>\n","protected":false},"featured_media":205,"comment_status":"open","ping_status":"closed","template":"","meta":[],"product_cat":[21],"product_tag":[24,25,64,53,91],"class_list":{"0":"post-189","1":"product","2":"type-product","3":"status-publish","4":"has-post-thumbnail","6":"product_cat-magazine","7":"product_tag-dusunbil","8":"product_tag-felsefe","9":"product_tag-friedrich-nietzsche","10":"product_tag-nietzsche","11":"product_tag-tanri-oldu","13":"first","14":"instock","15":"sale","16":"shipping-taxable","17":"purchasable","18":"product-type-simple"},"_links":{"self":[{"href":"https:\/\/www.vintape.org\/index.php?rest_route=\/wp\/v2\/product\/189","targetHints":{"allow":["GET"]}}],"collection":[{"href":"https:\/\/www.vintape.org\/index.php?rest_route=\/wp\/v2\/product"}],"about":[{"href":"https:\/\/www.vintape.org\/index.php?rest_route=\/wp\/v2\/types\/product"}],"replies":[{"embeddable":true,"href":"https:\/\/www.vintape.org\/index.php?rest_route=%2Fwp%2Fv2%2Fcomments&post=189"}],"version-history":[{"count":1,"href":"https:\/\/www.vintape.org\/index.php?rest_route=\/wp\/v2\/product\/189\/revisions"}],"predecessor-version":[{"id":1277,"href":"https:\/\/www.vintape.org\/index.php?rest_route=\/wp\/v2\/product\/189\/revisions\/1277"}],"wp:featuredmedia":[{"embeddable":true,"href":"https:\/\/www.vintape.org\/index.php?rest_route=\/wp\/v2\/media\/205"}],"wp:attachment":[{"href":"https:\/\/www.vintape.org\/index.php?rest_route=%2Fwp%2Fv2%2Fmedia&parent=189"}],"wp:term":[{"taxonomy":"product_cat","embeddable":true,"href":"https:\/\/www.vintape.org\/index.php?rest_route=%2Fwp%2Fv2%2Fproduct_cat&post=189"},{"taxonomy":"product_tag","embeddable":true,"href":"https:\/\/www.vintape.org\/index.php?rest_route=%2Fwp%2Fv2%2Fproduct_tag&post=189"}],"curies":[{"name":"wp","href":"https:\/\/api.w.org\/{rel}","templated":true}]}}