{"id":186,"date":"2019-10-04T01:05:57","date_gmt":"2019-10-03T22:05:57","guid":{"rendered":"https:\/\/www.vintape.org\/urun\/import-placeholder-for-10819\/"},"modified":"2023-03-17T23:53:04","modified_gmt":"2023-03-17T22:53:04","slug":"dusunbil-sayi-76","status":"publish","type":"product","link":"https:\/\/www.vintape.org\/?product=dusunbil-sayi-76","title":{"rendered":"D\u00fc\u015f\u00fcnbil Say\u0131 76"},"content":{"rendered":"<div class=\"_2cuy _3dgx\">\n<div class=\"_1mf _1mj\">\n<p><strong>\u0130\u00c7\u0130NDEK\u0130LER<\/strong><\/p>\n<\/div>\n<p>Ma\u011fara Alegorisindeki Ma\u011faradan Kurtulu\u015fta Sineman\u0131n Yeri<\/p>\n<p>Serdar \u00d6zt\u00fcrk<\/p>\n<p>Platon\u2019un Ma\u011fara Miti\u2019nin Politik Anlam\u0131<\/p>\n<p>Ali Karakaya<\/p>\n<p>Kuklalar\u0131n Efendisi<\/p>\n<p>Melike Molac\u0131<\/p>\n<p>Matrix veya Platon\u2019un Ma\u011faras\u0131ndan Kurtulu\u015f<\/p>\n<p>Vedi Temizkan<\/p>\n<p>Bilgi ve Varl\u0131k Sorunu Ba\u011flam\u0131nda Platon\u2019un Ma\u011fara Alegorisi<\/p>\n<p>Cengiz \u0130skender \u00d6zkan<\/p>\n<p>Platon\u2019un Ma\u011fara Alegorisi Temelinde Hakikati Aramak<\/p>\n<p>Abdurrahim Tun\u00e7<\/p>\n<p>Platon\u2019un Ma\u011faras\u0131ndaki Kayg\u0131: Bilim<\/p>\n<p>\u00d6. Faruk K\u0131rmac\u0131<\/p>\n<p>Prometheus\u2019un Ate\u015finden Platon\u2019un Ma\u011faras\u0131na: Ayd\u0131nlanma<\/p>\n<p>Yusuf Bilbay<\/p>\n<p>Platon\u2019un Ma\u011fara Alegorisinden Badiou\u2019nun Sinemas\u0131na<\/p>\n<p>Ala Emire D. Ersoy<\/p>\n<p>I\u015f\u0131\u011f\u0131n Havarisi ve Zerd\u00fc\u015ft<\/p>\n<p>Engin \u00dcmer<\/p>\n<p>Ma\u011fara Alegorisine \u201cSorun Yaratan Adam\u201d ile ve Heidegger\u2019in G\u00f6z\u00fcnden Bakmak<\/p>\n<p>Ezgi Can<\/p>\n<p>Platon\u2019un Ma\u011fas\u0131ndan \u201cModern Ma\u011fara\u201dn\u0131n E\u015fi\u011fine<\/p>\n<p>Mehmet Berk Polat<\/p>\n<p>Okuma \u00d6nerisi ve Karikat\u00fcr<\/p>\n<\/div>\n","protected":false},"excerpt":{"rendered":"<p>\u0130\u00c7\u0130NDEK\u0130LER Ma\u011fara Alegorisindeki Ma\u011faradan Kurtulu\u015fta Sineman\u0131n Yeri Serdar \u00d6zt\u00fcrk Platon\u2019un Ma\u011fara Miti\u2019nin Politik Anlam\u0131 Ali Karakaya Kuklalar\u0131n Efendisi Melike Molac\u0131 Matrix veya Platon\u2019un Ma\u011faras\u0131ndan Kurtulu\u015f Vedi Temizkan Bilgi ve Varl\u0131k<\/p>\n","protected":false},"featured_media":202,"comment_status":"open","ping_status":"closed","template":"","meta":[],"product_cat":[21],"product_tag":[88,24,25],"class_list":{"0":"post-186","1":"product","2":"type-product","3":"status-publish","4":"has-post-thumbnail","6":"product_cat-magazine","7":"product_tag-derrida","8":"product_tag-dusunbil","9":"product_tag-felsefe","11":"first","12":"outofstock","13":"sale","14":"shipping-taxable","15":"purchasable","16":"product-type-simple"},"_links":{"self":[{"href":"https:\/\/www.vintape.org\/index.php?rest_route=\/wp\/v2\/product\/186","targetHints":{"allow":["GET"]}}],"collection":[{"href":"https:\/\/www.vintape.org\/index.php?rest_route=\/wp\/v2\/product"}],"about":[{"href":"https:\/\/www.vintape.org\/index.php?rest_route=\/wp\/v2\/types\/product"}],"replies":[{"embeddable":true,"href":"https:\/\/www.vintape.org\/index.php?rest_route=%2Fwp%2Fv2%2Fcomments&post=186"}],"version-history":[{"count":0,"href":"https:\/\/www.vintape.org\/index.php?rest_route=\/wp\/v2\/product\/186\/revisions"}],"wp:featuredmedia":[{"embeddable":true,"href":"https:\/\/www.vintape.org\/index.php?rest_route=\/wp\/v2\/media\/202"}],"wp:attachment":[{"href":"https:\/\/www.vintape.org\/index.php?rest_route=%2Fwp%2Fv2%2Fmedia&parent=186"}],"wp:term":[{"taxonomy":"product_cat","embeddable":true,"href":"https:\/\/www.vintape.org\/index.php?rest_route=%2Fwp%2Fv2%2Fproduct_cat&post=186"},{"taxonomy":"product_tag","embeddable":true,"href":"https:\/\/www.vintape.org\/index.php?rest_route=%2Fwp%2Fv2%2Fproduct_tag&post=186"}],"curies":[{"name":"wp","href":"https:\/\/api.w.org\/{rel}","templated":true}]}}