{"id":185,"date":"2019-10-04T01:05:57","date_gmt":"2019-10-03T22:05:57","guid":{"rendered":"https:\/\/www.vintape.org\/urun\/import-placeholder-for-10699\/"},"modified":"2023-03-17T23:53:04","modified_gmt":"2023-03-17T22:53:04","slug":"dusunbil-sayi-75","status":"publish","type":"product","link":"https:\/\/www.vintape.org\/?product=dusunbil-sayi-75","title":{"rendered":"D\u00fc\u015f\u00fcnbil Say\u0131 75"},"content":{"rendered":"<div class=\"_2cuy _3dgx\">\n<div class=\"_1mf _1mj\">\n<p><strong>\u0130\u00c7\u0130NDEK\u0130LER<\/strong><\/p>\n<p>Derrida\u2019n\u0131n Yumurtas\u0131: S\u00f6z m\u00fc \u00d6ncedir Yoksa Yaz\u0131 m\u0131?<br \/>\n\u00d6. Faruk K\u0131rmac\u0131<\/p>\n<p>Varl\u0131k ve Tarih Sorusu, Jacques Derrida<br \/>\nRodolphe Gasch\u00e9<br \/>\n\u00c7eviren: Simge \u015eirin<\/p>\n<p>Derrida\u2019n\u0131n Konuksev(er\/mez)lik D\u00fc\u015f\u00fcncesi \u00dczerine<br \/>\nBanu Alan S\u00fcmer<\/p>\n<p>S\u00f6yle\u015fi: Jacques Derrida: \u201c\u00d6zneden Sonra Kim Gelir?\u201d I. B\u00f6l\u00fcm<br \/>\nJean-Luc Nancy<br \/>\n\u00c7eviren: Cemre Y\u0131lmaz &#8211; Melike Kalkan<\/p>\n<p>Yap\u0131s\u00f6k\u00fcm ve Hakikat<br \/>\nEvren Erman Rutli<\/p>\n<p>Xenos: Jacques Derrida\u2019n\u0131n Konukseverli\u011fi \u00dczerine<br \/>\nPeter Benson<br \/>\n\u00c7eviren: Elif Erman<\/p>\n<p>\u00d6tekinin Tek Dillili\u011fi ve Homohegemonyan\u0131n (Ana) Dildeki \u0130zleri: Jacques Derrida\u2019da Bir Dilden Fazlas\u0131 Olarak Yaz\u0131<br \/>\nEsra Ba\u015fak Ayd\u0131nalp<\/p>\n<\/div>\n<p>Okurun Yarat\u0131c\u0131 Deneyimi<br \/>\nEmine Yasemin \u015eenyurt<\/p>\n<p>Althusser\u2019in \u0130deoloji Kuram\u0131\u2019n\u0131n Geli\u015fimsel ve Ele\u015ftirel Bir \u00d6zeti<br \/>\nAndrew Ryder<br \/>\n\u00c7eviren: Cemre Y\u0131lmaz<\/p>\n<p>Baudrillard\u2019\u0131n Sanat G\u00f6r\u00fc\u015f\u00fc ve Bu Ba\u011flamda David Crononberg\u2019in Naked Lunch Filmine Bir Bak\u0131\u015f<br \/>\nSimay Ba\u015flar<\/p>\n<p>Nietzsche\u2019nin Freud\u2019u<br \/>\nDilan Erg\u00fcn<\/p>\n<p>Psikanaliz ve Bilim: Lacan\u2019\u0131n Epistemolojik Ayr\u0131m\u0131<br \/>\nEric Laurent<br \/>\n\u00c7eviren: Bar\u0131\u015f Solmaz<\/p>\n<p>Hakan G\u00fcnday\u2019\u0131n Pi\u00e7 Roman\u0131nda Ergenlik Sorunsal\u0131<br \/>\nFethi Okun<\/p>\n<p>Y\u00f6nde\u015f Hoca\u2019dan Mektup Var<br \/>\nMuhammet Aky\u0131ld\u0131z<\/p>\n<\/div>\n","protected":false},"excerpt":{"rendered":"<p>\u0130\u00c7\u0130NDEK\u0130LER Derrida\u2019n\u0131n Yumurtas\u0131: S\u00f6z m\u00fc \u00d6ncedir Yoksa Yaz\u0131 m\u0131? \u00d6. Faruk K\u0131rmac\u0131 Varl\u0131k ve Tarih Sorusu, Jacques Derrida Rodolphe Gasch\u00e9 \u00c7eviren: Simge \u015eirin Derrida\u2019n\u0131n Konuksev(er\/mez)lik D\u00fc\u015f\u00fcncesi \u00dczerine Banu Alan S\u00fcmer<\/p>\n","protected":false},"featured_media":201,"comment_status":"open","ping_status":"closed","template":"","meta":[],"product_cat":[21],"product_tag":[88,24,25],"class_list":{"0":"post-185","1":"product","2":"type-product","3":"status-publish","4":"has-post-thumbnail","6":"product_cat-magazine","7":"product_tag-derrida","8":"product_tag-dusunbil","9":"product_tag-felsefe","11":"first","12":"outofstock","13":"sale","14":"shipping-taxable","15":"purchasable","16":"product-type-simple"},"_links":{"self":[{"href":"https:\/\/www.vintape.org\/index.php?rest_route=\/wp\/v2\/product\/185","targetHints":{"allow":["GET"]}}],"collection":[{"href":"https:\/\/www.vintape.org\/index.php?rest_route=\/wp\/v2\/product"}],"about":[{"href":"https:\/\/www.vintape.org\/index.php?rest_route=\/wp\/v2\/types\/product"}],"replies":[{"embeddable":true,"href":"https:\/\/www.vintape.org\/index.php?rest_route=%2Fwp%2Fv2%2Fcomments&post=185"}],"version-history":[{"count":0,"href":"https:\/\/www.vintape.org\/index.php?rest_route=\/wp\/v2\/product\/185\/revisions"}],"wp:featuredmedia":[{"embeddable":true,"href":"https:\/\/www.vintape.org\/index.php?rest_route=\/wp\/v2\/media\/201"}],"wp:attachment":[{"href":"https:\/\/www.vintape.org\/index.php?rest_route=%2Fwp%2Fv2%2Fmedia&parent=185"}],"wp:term":[{"taxonomy":"product_cat","embeddable":true,"href":"https:\/\/www.vintape.org\/index.php?rest_route=%2Fwp%2Fv2%2Fproduct_cat&post=185"},{"taxonomy":"product_tag","embeddable":true,"href":"https:\/\/www.vintape.org\/index.php?rest_route=%2Fwp%2Fv2%2Fproduct_tag&post=185"}],"curies":[{"name":"wp","href":"https:\/\/api.w.org\/{rel}","templated":true}]}}