{"id":184,"date":"2019-10-04T01:05:57","date_gmt":"2019-10-03T22:05:57","guid":{"rendered":"https:\/\/www.vintape.org\/urun\/import-placeholder-for-10578\/"},"modified":"2023-03-17T23:53:05","modified_gmt":"2023-03-17T22:53:05","slug":"dusunbil-sayi-74","status":"publish","type":"product","link":"https:\/\/www.vintape.org\/?product=dusunbil-sayi-74","title":{"rendered":"D\u00fc\u015f\u00fcnbil Say\u0131 74"},"content":{"rendered":"<div class=\"_2cuy _3dgx\">\n<div class=\"_1mf _1mj\">\n<p><strong>\u0130\u00c7\u0130NDEK\u0130LER<\/strong><\/p>\n<\/div>\n<p>Postmodern Etik mi, Eti\u011fin Postmodern Okumas\u0131 m\u0131?<br \/>\nAziz Ard\u0131\u00e7<\/p>\n<p>Sartre\u2019\u0131n Varolu\u015f\u00e7ulu\u011fu ve H\u00fcmanizm \u0130li\u015fkisi ile Bireysel \u00d6zg\u00fcrl\u00fck ve \u00d6zg\u00fcrl\u00fck Ahlak\u0131 Meselesi<br \/>\nGerald Jones<br \/>\n\u00c7eviren: Bur\u00e7in \u0130\u00e7dem<\/p>\n<p>Levinas\u2019ta Etik: D\u00fcnyan\u0131n Tiniyle Uzla\u015f\u0131<br \/>\nJosef K\u0131l\u00e7\u0131ks\u0131z<\/p>\n<p>Etik G\u00f6recilik-Etik Mutlak\u00e7\u0131l\u0131k Geriliminde Kant\u2019\u0131n Ahlak Felsefesi<br \/>\nAla Emire D. Ersoy<\/p>\n<p>Herbert Spencer\u2019\u0131n Din ve Ahlak Hakk\u0131ndaki G\u00f6r\u00fc\u015fleri<br \/>\nB\u00fcnyamin Tan<\/p>\n<p>Sokrates \u00d6ncesi ve Sonras\u0131 Ahlak Felsefesi<br \/>\nFigen G\u00fcnt\u00fcrk<\/p>\n<p>Ahlak\u0131n ve Eti\u011fin Ortak Paydas\u0131: De\u011fer Problemi<br \/>\nEce Sara\u00e7o\u011flu<\/p>\n<p>Etik \u0130li\u015fki Kavram\u0131na Sanat Perspektifinden Bak\u0131\u015f<br \/>\nBeyza \u00d6zkan<\/p>\n<p>Mant\u0131k ve Diyalekti\u011fin Gereklili\u011fi \u00dczerine<br \/>\nAli\u015fan \u00d6zdemir<\/p>\n<p>Baudelaire\u2019in \u015eeytanlar\u0131<br \/>\nEngin \u00dcmer<\/p>\n<p>Bertrand Russell\u2019\u0131n \u201cBelirsizlik \u00dczerine\u201d Adl\u0131 Makalesi I\u015f\u0131\u011f\u0131nda Felsef\u00ee Bir Soru\u015fturma Denemesi<br \/>\nMehmet Can Tekin<\/p>\n<p>\u201cFarkl\u0131\u201d Bir Kad\u0131n:<br \/>\nNastasya Filippovna<br \/>\nKaan Kurt<\/p>\n<p>Uyand\u0131rma Dersleri -VIII-<br \/>\nKin K\u00fclt\u00fcr\u00fc ve \u015eiddet Bilgisi<br \/>\nMuhammet Aky\u0131ld\u0131z<\/p>\n<\/div>\n","protected":false},"excerpt":{"rendered":"<p>\u0130\u00c7\u0130NDEK\u0130LER Postmodern Etik mi, Eti\u011fin Postmodern Okumas\u0131 m\u0131? Aziz Ard\u0131\u00e7 Sartre\u2019\u0131n Varolu\u015f\u00e7ulu\u011fu ve H\u00fcmanizm \u0130li\u015fkisi ile Bireysel \u00d6zg\u00fcrl\u00fck ve \u00d6zg\u00fcrl\u00fck Ahlak\u0131 Meselesi Gerald Jones \u00c7eviren: Bur\u00e7in \u0130\u00e7dem Levinas\u2019ta Etik: D\u00fcnyan\u0131n<\/p>\n","protected":false},"featured_media":200,"comment_status":"open","ping_status":"closed","template":"","meta":[],"product_cat":[21],"product_tag":[85,86,24,87,25],"class_list":{"0":"post-184","1":"product","2":"type-product","3":"status-publish","4":"has-post-thumbnail","6":"product_cat-magazine","7":"product_tag-ahlak","8":"product_tag-ahlak-felsefesi","9":"product_tag-dusunbil","10":"product_tag-etik","11":"product_tag-felsefe","13":"first","14":"outofstock","15":"shipping-taxable","16":"purchasable","17":"product-type-simple"},"_links":{"self":[{"href":"https:\/\/www.vintape.org\/index.php?rest_route=\/wp\/v2\/product\/184","targetHints":{"allow":["GET"]}}],"collection":[{"href":"https:\/\/www.vintape.org\/index.php?rest_route=\/wp\/v2\/product"}],"about":[{"href":"https:\/\/www.vintape.org\/index.php?rest_route=\/wp\/v2\/types\/product"}],"replies":[{"embeddable":true,"href":"https:\/\/www.vintape.org\/index.php?rest_route=%2Fwp%2Fv2%2Fcomments&post=184"}],"version-history":[{"count":0,"href":"https:\/\/www.vintape.org\/index.php?rest_route=\/wp\/v2\/product\/184\/revisions"}],"wp:featuredmedia":[{"embeddable":true,"href":"https:\/\/www.vintape.org\/index.php?rest_route=\/wp\/v2\/media\/200"}],"wp:attachment":[{"href":"https:\/\/www.vintape.org\/index.php?rest_route=%2Fwp%2Fv2%2Fmedia&parent=184"}],"wp:term":[{"taxonomy":"product_cat","embeddable":true,"href":"https:\/\/www.vintape.org\/index.php?rest_route=%2Fwp%2Fv2%2Fproduct_cat&post=184"},{"taxonomy":"product_tag","embeddable":true,"href":"https:\/\/www.vintape.org\/index.php?rest_route=%2Fwp%2Fv2%2Fproduct_tag&post=184"}],"curies":[{"name":"wp","href":"https:\/\/api.w.org\/{rel}","templated":true}]}}