{"id":182,"date":"2019-10-04T01:05:57","date_gmt":"2019-10-03T22:05:57","guid":{"rendered":"https:\/\/www.vintape.org\/urun\/import-placeholder-for-10125\/"},"modified":"2023-03-17T23:53:05","modified_gmt":"2023-03-17T22:53:05","slug":"dusunbil-sayi-72","status":"publish","type":"product","link":"https:\/\/www.vintape.org\/?product=dusunbil-sayi-72","title":{"rendered":"D\u00fc\u015f\u00fcnbil Say\u0131 72"},"content":{"rendered":"<div class=\"_2cuy _3dgx\">\n<div class=\"_1mf _1mj\">\n<p><strong>\u0130\u00c7\u0130NDEK\u0130LER<\/strong><\/p>\n<p>Dil Felsefesine Ontolojik Bak\u0131\u015f<br \/>\nEce Sara\u00e7o\u011flu<\/p>\n<p>Wittgenstein\u2019\u0131n Felsef\u00ee Soru\u015fturmalar Eserinde \u00d6zel Dil ve Solipsizm Tart\u0131\u015fmas\u0131<br \/>\nG\u00fclse K\u0131sa<\/p>\n<p>Tractatus: Mant\u0131ksal Pozitivizme \u0130\u00e7eriden ve D\u0131\u015far\u0131dan Bakmak<br \/>\nAli Onur \u015eahino\u011flu<\/p>\n<p>Ayk\u0131r\u0131 Dil<br \/>\nJosef K\u0131l\u00e7\u0131ks\u0131z<\/p>\n<p>Dil Felsefesinin Eksik Par\u00e7as\u0131: S\u00f6z\u00fcn Suskun H\u00e2li<br \/>\nP\u0131nar K\u00f6ksal \u00dcretmen<\/p>\n<p>Bir Yazarda Olmas\u0131 Gereken Tek \u015eey Nedir?<br \/>\nP\u0131nar Nurhan<\/p>\n<p>Dil, Eylem, K\u00f6t\u00fcl\u00fck ve D\u00fc\u015f\u00fcnce<br \/>\nEmircan Sa\u00e7 \/ Yaren \u0130pek<\/p>\n<p>Disiplinler Ba\u011flam\u0131nda Anlam: Dil ve Dil Felsefesi<br \/>\nFigen G\u00fcnt\u00fcrk<\/p>\n<p>The Killing Of a Sacred Deer Filminde Yunan Mitlerinin Tekrar Yaz\u0131m\u0131<br \/>\nBahar Vatansever<\/p>\n<p>Varolu\u015f\u00e7uluk Ak\u0131m\u0131 Ekseninde T\u00fcrk Rock M\u00fczi\u011fine Ufak Bir Bak\u0131\u015f: Duman ve \u015eebnem Ferah<br \/>\nBerkay Co\u015fkun<\/p>\n<p>Kant\u2019\u0131n Yarg\u0131g\u00fcc\u00fcn\u00fc Ayr\u0131mlar \u00dczerinden Okumak<br \/>\nEngin \u00dcmer<\/p>\n<p>D\u00f6v\u00fc\u015f Kul\u00fcb\u00fc \u00dczerinden Ya\u015fam\u0131n K\u0131sa Bir Ele\u015ftirisi<br \/>\nEzgi Can<\/p>\n<p>\u0130nsan\u0131n Sonlulu\u011fu<br \/>\nOnur \u00d6zcan<\/p>\n<p>Bir Ataerkil Pratik Olarak Dil<br \/>\n\u00c7i\u011fdem Durkan<\/p>\n<p>Uyand\u0131rma Dersleri -VI,\u00a0Sosyal Travmatoloji<br \/>\nMuhammet Aky\u0131ld\u0131z<\/p>\n<\/div>\n<\/div>\n","protected":false},"excerpt":{"rendered":"<p>\u0130\u00c7\u0130NDEK\u0130LER Dil Felsefesine Ontolojik Bak\u0131\u015f Ece Sara\u00e7o\u011flu Wittgenstein\u2019\u0131n Felsef\u00ee Soru\u015fturmalar Eserinde \u00d6zel Dil ve Solipsizm Tart\u0131\u015fmas\u0131 G\u00fclse K\u0131sa Tractatus: Mant\u0131ksal Pozitivizme \u0130\u00e7eriden ve D\u0131\u015far\u0131dan Bakmak Ali Onur \u015eahino\u011flu Ayk\u0131r\u0131 Dil<\/p>\n","protected":false},"featured_media":198,"comment_status":"open","ping_status":"closed","template":"","meta":[],"product_cat":[21],"product_tag":[76,80,30,24,25,81,31],"class_list":{"0":"post-182","1":"product","2":"type-product","3":"status-publish","4":"has-post-thumbnail","6":"product_cat-magazine","7":"product_tag-bilinc","8":"product_tag-dil","9":"product_tag-dil-felsefesi","10":"product_tag-dusunbil","11":"product_tag-felsefe","12":"product_tag-lacan","13":"product_tag-wittgenstein","15":"first","16":"outofstock","17":"sale","18":"shipping-taxable","19":"purchasable","20":"product-type-simple"},"_links":{"self":[{"href":"https:\/\/www.vintape.org\/index.php?rest_route=\/wp\/v2\/product\/182","targetHints":{"allow":["GET"]}}],"collection":[{"href":"https:\/\/www.vintape.org\/index.php?rest_route=\/wp\/v2\/product"}],"about":[{"href":"https:\/\/www.vintape.org\/index.php?rest_route=\/wp\/v2\/types\/product"}],"replies":[{"embeddable":true,"href":"https:\/\/www.vintape.org\/index.php?rest_route=%2Fwp%2Fv2%2Fcomments&post=182"}],"version-history":[{"count":0,"href":"https:\/\/www.vintape.org\/index.php?rest_route=\/wp\/v2\/product\/182\/revisions"}],"wp:featuredmedia":[{"embeddable":true,"href":"https:\/\/www.vintape.org\/index.php?rest_route=\/wp\/v2\/media\/198"}],"wp:attachment":[{"href":"https:\/\/www.vintape.org\/index.php?rest_route=%2Fwp%2Fv2%2Fmedia&parent=182"}],"wp:term":[{"taxonomy":"product_cat","embeddable":true,"href":"https:\/\/www.vintape.org\/index.php?rest_route=%2Fwp%2Fv2%2Fproduct_cat&post=182"},{"taxonomy":"product_tag","embeddable":true,"href":"https:\/\/www.vintape.org\/index.php?rest_route=%2Fwp%2Fv2%2Fproduct_tag&post=182"}],"curies":[{"name":"wp","href":"https:\/\/api.w.org\/{rel}","templated":true}]}}