{"id":179,"date":"2019-10-04T01:05:57","date_gmt":"2019-10-03T22:05:57","guid":{"rendered":"https:\/\/www.vintape.org\/urun\/import-placeholder-for-9100\/"},"modified":"2023-03-17T23:53:06","modified_gmt":"2023-03-17T22:53:06","slug":"dusunbil-sayi-69","status":"publish","type":"product","link":"https:\/\/www.vintape.org\/?product=dusunbil-sayi-69","title":{"rendered":"D\u00fc\u015f\u00fcnbil Say\u0131 69"},"content":{"rendered":"<div class=\"_2cuy _3dgx\">\n<div class=\"_1mf _1mj\">\n<p><strong>\u0130\u00c7\u0130NDEK\u0130LER<\/strong><\/p>\n<p>\u00c7a\u011f\u0131n Vebas\u0131: Lacanyen Psikanaliz<br \/>\nAbdurrahim Tun\u00e7<\/p>\n<p>Oedipus ve Electra: Jacques Lacan ve Feminist Bak\u0131\u015f A\u00e7\u0131s\u0131<br \/>\nRobin Tamblyn<br \/>\n\u00c7eviren: Tu\u011fba Alp<\/p>\n<p>Sokal ve Bricmont\u2019un Lacan Ele\u015ftirilerine Ele\u015ftiri: Sosyal Bilim Cephesinin Psikanaliz M\u00fcdafaas\u0131<br \/>\nRemzi Bilge<\/p>\n<p>Descartes\u2019tan Lacan\u2019a \u00d6znenin Konumu<br \/>\nJenna Lilla PhD<br \/>\n\u00c7eviren: Zeynep \u015eenel Gencer<\/p>\n<p>Lacan ve Bir Ayna Bize Neyi\u00a0 G\u00f6sterir?<br \/>\nOlcay Y\u0131lmaz<\/p>\n<p>Lacan ve Bat\u0131 Felsefesindeki \u00d6nemi<br \/>\nEhsan Azari Stanizai<br \/>\n\u00c7eviren: Merve G\u00fcltekin<\/p>\n<p>B\u00fcy\u00fck \u00d6teki Hegel ile Y\u00fcce \u0130nsan Freud\u2019a D\u00f6nmek<br \/>\nSerhat Yenisan<\/p>\n<p>Lacan ve Kad\u0131nlar<br \/>\nJeanne Willette<br \/>\n\u00c7eviren: Zeynep Duran<\/p>\n<p>Lacanyen Psikanaliz ve Felsef\u00ee Ba\u011flant\u0131lar\u0131<br \/>\nKamil Tuzg\u00f6l<\/p>\n<p>G\u00f6rme \u0130le Bak\u0131\u015f\u0131n Farkl\u0131l\u0131\u011f\u0131nda \u0130mge<br \/>\nEngin \u00dcmer<\/p>\n<p>Lacan\u2019\u0131n \u201cKad\u0131n Yoktur\u201d S\u00f6ylemi \u00dczerine: Kad\u0131n Olan\u0131n Olmama Sanc\u0131s\u0131<br \/>\nNilsu Yi\u011fito\u011flu<\/p>\n<p>Bilimler Sand\u0131\u011f\u0131m\u0131z Kadar Masum mu?<br \/>\nBerkay Co\u015fkun<\/p>\n<p>Spinoza\u2019n\u0131n Politika Felsefesi<br \/>\nAy\u015fe Bilge Demir<\/p>\n<p>Deliren Ayd\u0131n\u0131n Karanl\u0131\u011f\u0131: Idioterne<br \/>\n\u015eehmus Bi\u00e7er<\/p>\n<p>Ludwig Wittgenstein\u2019da Resim Kuram\u0131<br \/>\nMerve Karacan<\/p>\n<p>Uyand\u0131rma Dersleri -III-<br \/>\n\u00c7al\u0131p \u00c7\u0131rpman\u0131n Toplum \u00dczerine Da\u011f\u0131lma \u00d6zelli\u011fi<br \/>\nMuhammet Aky\u0131ld\u0131z<\/p>\n<p>Westworld: Robotlara Zulmetmenin Nesi Yanl\u0131\u015f?<br \/>\nPaul Bloom\u00a0ve\u00a0Sam Harris<br \/>\n\u00c7eviren: G\u00fcls\u00fcm Esen<\/p>\n<\/div>\n<\/div>\n","protected":false},"excerpt":{"rendered":"<p>\u0130\u00c7\u0130NDEK\u0130LER \u00c7a\u011f\u0131n Vebas\u0131: Lacanyen Psikanaliz Abdurrahim Tun\u00e7 Oedipus ve Electra: Jacques Lacan ve Feminist Bak\u0131\u015f A\u00e7\u0131s\u0131 Robin Tamblyn \u00c7eviren: Tu\u011fba Alp Sokal ve Bricmont\u2019un Lacan Ele\u015ftirilerine Ele\u015ftiri: Sosyal Bilim Cephesinin<\/p>\n","protected":false},"featured_media":195,"comment_status":"open","ping_status":"closed","template":"","meta":[],"product_cat":[21],"product_tag":[71,24,25,52,72,73,74,75],"class_list":{"0":"post-179","1":"product","2":"type-product","3":"status-publish","4":"has-post-thumbnail","6":"product_cat-magazine","7":"product_tag-ayna-evresi","8":"product_tag-dusunbil","9":"product_tag-felsefe","10":"product_tag-freud","11":"product_tag-freud-ve-lacan","12":"product_tag-jacques-lacan","13":"product_tag-psikanaliz","14":"product_tag-sigmund-freud","16":"first","17":"outofstock","18":"sale","19":"shipping-taxable","20":"purchasable","21":"product-type-simple"},"_links":{"self":[{"href":"https:\/\/www.vintape.org\/index.php?rest_route=\/wp\/v2\/product\/179","targetHints":{"allow":["GET"]}}],"collection":[{"href":"https:\/\/www.vintape.org\/index.php?rest_route=\/wp\/v2\/product"}],"about":[{"href":"https:\/\/www.vintape.org\/index.php?rest_route=\/wp\/v2\/types\/product"}],"replies":[{"embeddable":true,"href":"https:\/\/www.vintape.org\/index.php?rest_route=%2Fwp%2Fv2%2Fcomments&post=179"}],"version-history":[{"count":0,"href":"https:\/\/www.vintape.org\/index.php?rest_route=\/wp\/v2\/product\/179\/revisions"}],"wp:featuredmedia":[{"embeddable":true,"href":"https:\/\/www.vintape.org\/index.php?rest_route=\/wp\/v2\/media\/195"}],"wp:attachment":[{"href":"https:\/\/www.vintape.org\/index.php?rest_route=%2Fwp%2Fv2%2Fmedia&parent=179"}],"wp:term":[{"taxonomy":"product_cat","embeddable":true,"href":"https:\/\/www.vintape.org\/index.php?rest_route=%2Fwp%2Fv2%2Fproduct_cat&post=179"},{"taxonomy":"product_tag","embeddable":true,"href":"https:\/\/www.vintape.org\/index.php?rest_route=%2Fwp%2Fv2%2Fproduct_tag&post=179"}],"curies":[{"name":"wp","href":"https:\/\/api.w.org\/{rel}","templated":true}]}}