{"id":149,"date":"2019-10-04T01:05:44","date_gmt":"2019-10-03T22:05:44","guid":{"rendered":"https:\/\/www.vintape.org\/urun\/import-placeholder-for-8970\/"},"modified":"2023-03-17T23:53:06","modified_gmt":"2023-03-17T22:53:06","slug":"dusunbil-sayi-68","status":"publish","type":"product","link":"https:\/\/www.vintape.org\/?product=dusunbil-sayi-68","title":{"rendered":"D\u00fc\u015f\u00fcnbil Say\u0131 68"},"content":{"rendered":"<div class=\"_2cuy _3dgx\">\n<div class=\"_1mf _1mj\">\n<p><strong>\u0130\u00c7\u0130NDEK\u0130LER<\/strong><\/p>\n<p>D\u00f6ng\u00fcsel ve Lineer Zaman Alg\u0131s\u0131 \u00dczerine<br \/>\nAbdurrahim Tun\u00e7<\/p>\n<p>Zaman Ger\u00e7ekten Bir \u0130ll\u00fczyon mu?<br \/>\nRobert Matthews<br \/>\n\u00c7eviren: Leyla Belma Gazi<\/p>\n<p>Zamana Felsef\u00ee G\u00f6zle Bakabilmek<br \/>\nEce Sara\u00e7o\u011flu<\/p>\n<p>Zaman\u0131n Ak\u0131\u015f\u0131 Ger\u00e7ek midir Yoksa Bir Yan\u0131lsama m\u0131?<br \/>\nJohn Steele<br \/>\n\u00c7eviren: M\u00fcleyke Barut\u00e7u<\/p>\n<p>Ge\u00e7mi\u015f, \u015eimdi ve Gelecek: Ger\u00e7ekten Zaman Var m\u0131?<br \/>\nFeyza Ceyhan \u00c7o\u015ftu<\/p>\n<p>Fizik\u00e7ilere G\u00f6re Zaman Sadece Zihnimizde Var Olabilir<br \/>\nBec Crew<br \/>\n\u00c7eviren: Merve Erdo\u011fdu<\/p>\n<p>Diyalektik Gelece\u011fe D\u00f6n\u00fc\u015f<br \/>\nSerhat Yenisan<\/p>\n<p>Dasein\u2019\u0131 Hitama G\u00f6t\u00fcren Kavram: \u201cZaman\u201d<br \/>\nOlgay Fidan<\/p>\n<p>Zaman\u0131n Di\u011fer Tarihi<br \/>\nHalit Payza<\/p>\n<p>Kant ve Zaman<br \/>\nSelda Salman<\/p>\n<p>Zaman\u0131n Do\u011fas\u0131na \u0130li\u015fkin K\u0131sa Bir \u0130nceleme: Zaman\u0131 Farkl\u0131 Bak\u0131\u015f A\u00e7\u0131lar\u0131ndan Ele Almak Bize Ne \u00d6\u011fretebilir?<br \/>\nVolkan \u00c7ifteci<\/p>\n<p>Zamanda Yolculu\u011fun \u00d6n\u00fcndeki Mant\u0131ksal ve Nomolojik Engeller<br \/>\nErdin\u00e7 Sayan &amp; Hasan \u00c7a\u011fatay<\/p>\n<p>Zaman Mant\u0131\u011f\u0131n \u0130\u00e7erisine Girerse<br \/>\nTolgahan Toy<\/p>\n<p>Zaman\u0131n Kelimeleri: Tan\u0131l Bora ile S\u00f6yle\u015fi<br \/>\nS\u00f6yle\u015fi: Sezen Bekta\u015f<\/p>\n<p>Uyand\u0131rma Dersleri -II- \u0130nsan Elinin \u0130\u015flevi ve Elin \u0130nsan Anatomisindeki Sayg\u0131n Yeri<br \/>\nMuhammet Aky\u0131ld\u0131z<\/p>\n<p>Bilin\u00e7 \u00dczerine Konu\u015fmalar<br \/>\nG\u00fcls\u00fcm Esen<\/p>\n<\/div>\n<\/div>\n","protected":false},"excerpt":{"rendered":"<p>\u0130\u00c7\u0130NDEK\u0130LER D\u00f6ng\u00fcsel ve Lineer Zaman Alg\u0131s\u0131 \u00dczerine Abdurrahim Tun\u00e7 Zaman Ger\u00e7ekten Bir \u0130ll\u00fczyon mu? Robert Matthews \u00c7eviren: Leyla Belma Gazi Zamana Felsef\u00ee G\u00f6zle Bakabilmek Ece Sara\u00e7o\u011flu Zaman\u0131n Ak\u0131\u015f\u0131 Ger\u00e7ek midir<\/p>\n","protected":false},"featured_media":178,"comment_status":"open","ping_status":"closed","template":"","meta":[],"product_cat":[21],"product_tag":[24,25,66,67,68,69,70],"class_list":{"0":"post-149","1":"product","2":"type-product","3":"status-publish","4":"has-post-thumbnail","6":"product_cat-magazine","7":"product_tag-dusunbil","8":"product_tag-felsefe","9":"product_tag-zaman","10":"product_tag-zaman-felsefesi","11":"product_tag-zaman-sikintisi","12":"product_tag-zaman-yolculugu","13":"product_tag-zamanim-yok","15":"first","16":"outofstock","17":"sale","18":"shipping-taxable","19":"purchasable","20":"product-type-simple"},"_links":{"self":[{"href":"https:\/\/www.vintape.org\/index.php?rest_route=\/wp\/v2\/product\/149","targetHints":{"allow":["GET"]}}],"collection":[{"href":"https:\/\/www.vintape.org\/index.php?rest_route=\/wp\/v2\/product"}],"about":[{"href":"https:\/\/www.vintape.org\/index.php?rest_route=\/wp\/v2\/types\/product"}],"replies":[{"embeddable":true,"href":"https:\/\/www.vintape.org\/index.php?rest_route=%2Fwp%2Fv2%2Fcomments&post=149"}],"version-history":[{"count":0,"href":"https:\/\/www.vintape.org\/index.php?rest_route=\/wp\/v2\/product\/149\/revisions"}],"wp:featuredmedia":[{"embeddable":true,"href":"https:\/\/www.vintape.org\/index.php?rest_route=\/wp\/v2\/media\/178"}],"wp:attachment":[{"href":"https:\/\/www.vintape.org\/index.php?rest_route=%2Fwp%2Fv2%2Fmedia&parent=149"}],"wp:term":[{"taxonomy":"product_cat","embeddable":true,"href":"https:\/\/www.vintape.org\/index.php?rest_route=%2Fwp%2Fv2%2Fproduct_cat&post=149"},{"taxonomy":"product_tag","embeddable":true,"href":"https:\/\/www.vintape.org\/index.php?rest_route=%2Fwp%2Fv2%2Fproduct_tag&post=149"}],"curies":[{"name":"wp","href":"https:\/\/api.w.org\/{rel}","templated":true}]}}