{"id":148,"date":"2019-10-04T01:05:44","date_gmt":"2019-10-03T22:05:44","guid":{"rendered":"https:\/\/www.vintape.org\/urun\/import-placeholder-for-8870\/"},"modified":"2023-03-17T23:53:06","modified_gmt":"2023-03-17T22:53:06","slug":"dusunbil-sayi-67","status":"publish","type":"product","link":"https:\/\/www.vintape.org\/?product=dusunbil-sayi-67","title":{"rendered":"D\u00fc\u015f\u00fcnbil Say\u0131 67"},"content":{"rendered":"<div class=\"_2cuy _3dgx\">\n<div class=\"_1mf _1mj\">\n<p><strong>\u0130\u00c7\u0130NDEK\u0130LER<\/strong><\/p>\n<p>Arthur Schopenhauer (1788-1860)<br \/>\nSir Alistair MacFarlane<br \/>\n\u00c7eviren: \u0130smail Ege Yayl\u0131m<\/p>\n<p>Bilim ve Bilgelik Yolunda<br \/>\nSchopenhauer<br \/>\n\u00d6. Faruk K\u0131rmac\u0131<\/p>\n<p>Sanat\u0131n ve Bilimin D\u00fcnyay\u0131 Nas\u0131l A\u00e7\u0131klad\u0131\u011f\u0131na Dair Temel Farklar\u0131<br \/>\n\u00dczerine Schopenhauer\u2019un G\u00f6r\u00fc\u015f\u00fc<br \/>\nMaria Popova<br \/>\n\u00c7eviren: B\u00fcnyamin Tan<\/p>\n<p>Schopenhauer; Wagner, Nietzsche, Bataille, Blake: Pornografi, Raks ve Pesimizm<br \/>\nHamza Cel\u00e2leddin<\/p>\n<p>Schopenhauer\u2019un D\u00fc\u015f\u00fcnceleri<br \/>\nOrta Ya\u015f Krizini Atlatmam\u0131za<br \/>\nNas\u0131l Yard\u0131mc\u0131 Olabilir?<br \/>\nKieran Setiya<br \/>\n\u00c7eviren: \u0130smail Ege Yayl\u0131m<\/p>\n<p>Barda\u011f\u0131n Bo\u015f Taraf\u0131ndan Bakan \u00dc\u00e7 G\u00f6z: Schopenhauer, Yakup Kadri ve Maupassant<br \/>\nBeyza \u00d6zkan<\/p>\n<p>Arthur Schopenhauer:<br \/>\n\u0130lk Avrupal\u0131 Budist<br \/>\nJulian Young<br \/>\n\u00c7eviren: M. Kaan Erdo\u011fan<\/p>\n<p>Mucizenin \u0130mk\u00e2n\u0131: Schopenhauer Felsefesinde \u0130nsan ve D\u00f6n\u00fc\u015f\u00fcm<br \/>\nA. Onur Akta\u015f<\/p>\n<p>Toplumsal Cinsiyetin Doru\u011funda:<br \/>\nSchopenhauer, Kad\u0131n ve Felsefe<br \/>\nDilan Akpolat<\/p>\n<p>\u0130nsan Onurunun Tarihi<br \/>\nRemy Debes<br \/>\n\u00c7eviren: Meltem Alkur<\/p>\n<p>Psikanaliz ve Hik\u00e2ye Anlat\u0131c\u0131l\u0131\u011f\u0131<br \/>\nMerve G\u00fcnday<\/p>\n<p>Tan\u0131d\u0131k Bir Y\u00fcz: Persona<br \/>\nKardelen Ak\u00e7am<\/p>\n<p>Metafizik Bir Paradigma Olarak<br \/>\nPozitivizm<br \/>\nBerkay Co\u015fkun<\/p>\n<p>Following Karakterlerinin Edebiyattaki Yans\u0131malar\u0131 \u00dczerine Bir Deneme<br \/>\nAli Onur \u015eahino\u011flu<\/p>\n<p>Felsefe, Bilimler ve Ahlak<br \/>\nDo\u011fan G\u00f6\u00e7men<\/p>\n<p>Nas\u0131l Kad\u0131n Olduk?<br \/>\nSevgi Ozan<\/p>\n<p>Uyand\u0131rma Dersleri -I-<br \/>\nMuhammet Aky\u0131ld\u0131z<\/p>\n<p>Siyasal\u0131n Pe\u015finde:<br \/>\nD\u00fcnyaya Tragedyalarla Bakmak<br \/>\n\u00c7i\u011fdem Durkan<\/p>\n<p><strong>\u00a0<\/strong><\/p>\n<p>&nbsp;<\/p>\n<\/div>\n<\/div>\n","protected":false},"excerpt":{"rendered":"<p>\u0130\u00c7\u0130NDEK\u0130LER Arthur Schopenhauer (1788-1860) Sir Alistair MacFarlane \u00c7eviren: \u0130smail Ege Yayl\u0131m Bilim ve Bilgelik Yolunda Schopenhauer \u00d6. Faruk K\u0131rmac\u0131 Sanat\u0131n ve Bilimin D\u00fcnyay\u0131 Nas\u0131l A\u00e7\u0131klad\u0131\u011f\u0131na Dair Temel Farklar\u0131 \u00dczerine Schopenhauer\u2019un<\/p>\n","protected":false},"featured_media":177,"comment_status":"open","ping_status":"closed","template":"","meta":[],"product_cat":[21],"product_tag":[63,24,25,64,65],"class_list":{"0":"post-148","1":"product","2":"type-product","3":"status-publish","4":"has-post-thumbnail","6":"product_cat-magazine","7":"product_tag-arthur-schopenhauer","8":"product_tag-dusunbil","9":"product_tag-felsefe","10":"product_tag-friedrich-nietzsche","11":"product_tag-schopenhauer","13":"first","14":"outofstock","15":"sale","16":"shipping-taxable","17":"purchasable","18":"product-type-simple"},"_links":{"self":[{"href":"https:\/\/www.vintape.org\/index.php?rest_route=\/wp\/v2\/product\/148","targetHints":{"allow":["GET"]}}],"collection":[{"href":"https:\/\/www.vintape.org\/index.php?rest_route=\/wp\/v2\/product"}],"about":[{"href":"https:\/\/www.vintape.org\/index.php?rest_route=\/wp\/v2\/types\/product"}],"replies":[{"embeddable":true,"href":"https:\/\/www.vintape.org\/index.php?rest_route=%2Fwp%2Fv2%2Fcomments&post=148"}],"version-history":[{"count":0,"href":"https:\/\/www.vintape.org\/index.php?rest_route=\/wp\/v2\/product\/148\/revisions"}],"wp:featuredmedia":[{"embeddable":true,"href":"https:\/\/www.vintape.org\/index.php?rest_route=\/wp\/v2\/media\/177"}],"wp:attachment":[{"href":"https:\/\/www.vintape.org\/index.php?rest_route=%2Fwp%2Fv2%2Fmedia&parent=148"}],"wp:term":[{"taxonomy":"product_cat","embeddable":true,"href":"https:\/\/www.vintape.org\/index.php?rest_route=%2Fwp%2Fv2%2Fproduct_cat&post=148"},{"taxonomy":"product_tag","embeddable":true,"href":"https:\/\/www.vintape.org\/index.php?rest_route=%2Fwp%2Fv2%2Fproduct_tag&post=148"}],"curies":[{"name":"wp","href":"https:\/\/api.w.org\/{rel}","templated":true}]}}