{"id":147,"date":"2019-10-04T01:05:44","date_gmt":"2019-10-03T22:05:44","guid":{"rendered":"https:\/\/www.vintape.org\/urun\/import-placeholder-for-8618\/"},"modified":"2023-03-17T23:54:42","modified_gmt":"2023-03-17T22:54:42","slug":"dusunbil-sayi-66","status":"publish","type":"product","link":"https:\/\/www.vintape.org\/?product=dusunbil-sayi-66","title":{"rendered":"D\u00fc\u015f\u00fcnbil Say\u0131 66"},"content":{"rendered":"<div class=\"_2cuy _3dgx\">\n<div class=\"_1mf _1mj\">\n<p><strong>\u0130\u00c7\u0130NDEK\u0130LER<\/strong><\/p>\n<p>&nbsp;<\/p>\n<p>\u00d6l\u00fcm K\u00f6t\u00fcd\u00fcr Ama Neden?<\/p>\n<p>Eric Olson<\/p>\n<p>\u00c7eviren: \u0130smail Ege Yayl\u0131m<\/p>\n<p>&nbsp;<\/p>\n<p>Heidegger ve Sartre Ba\u011flam\u0131nda I\u015f\u0131\u011f\u0131n S\u00f6nmesi: \u00d6l\u00fcm<\/p>\n<p>Abdurrahim Tun\u00e7<\/p>\n<p>&nbsp;<\/p>\n<p>Politik-Estetik Bir \u0130nceleme: Filozoflar Neden \u00d6ld\u00fc?<\/p>\n<p>Hamza Cel\u00e2leddin<\/p>\n<p>&nbsp;<\/p>\n<p>Bir Varolu\u015f Sorunu Olarak \u00d6l\u00fcm<\/p>\n<p>Ece Sara\u00e7o\u011flu<\/p>\n<p>&nbsp;<\/p>\n<p>\u00d6l\u00fcm\u00fc Anlamland\u0131rmak<\/p>\n<p>\u0130rem Halime Emanet<\/p>\n<p>&nbsp;<\/p>\n<p><em>Yedinci M\u00fch\u00fcr<\/em>: Hayat Yolunda \u00d6l\u00fcme Yolculu\u011fun Varolu\u015f\u00e7u Felsefesi<\/p>\n<p>Cang\u00fcl Akda\u015f<\/p>\n<p>&nbsp;<\/p>\n<p>Mersiyeler \u00d6l\u00fcm Ta\u015f\u0131r Ama Felsefesini?<\/p>\n<p>Beyza \u00d6zkan<\/p>\n<p>&nbsp;<\/p>\n<p>Hayat Hi\u00e7bir \u015eey De\u011fildir, \u0130tina ile Ya\u015fay\u0131n\u0131z<\/p>\n<p>Beste \u00c7ebi<\/p>\n<p>&nbsp;<\/p>\n<p>Murat Ba\u00e7\u2019la S\u00f6yle\u015fi: \u00d6l\u00fcm Her \u015eeyin Nihai S\u0131n\u0131r\u0131d\u0131r<\/p>\n<p>S\u00f6yle\u015fi: Meryem Ko\u00e7<\/p>\n<p>&nbsp;<\/p>\n<p>\u201cYaln\u0131zl\u0131k \u00d6l\u00fcm\u00fcn Okullar\u0131ndan Biridir\u201d<\/p>\n<p>Kaan Onur Kaftano\u011flu<\/p>\n<p>&nbsp;<\/p>\n<p>\u201cMemento Mori\u201d Uyar\u0131s\u0131n\u0131n \u00c7a\u011fda\u015f \u00d6l\u00fcm Alg\u0131s\u0131ndaki Kar\u015f\u0131l\u0131\u011f\u0131 \u00dczerine<\/p>\n<p>Feyza \u015eule G\u00fcng\u00f6r<\/p>\n<p>&nbsp;<\/p>\n<p><em>D\u00f6v\u00fc\u015f Kul\u00fcb\u00fc <\/em>ve <em>G\u00f6steri Peygam\u00adberi<\/em>: Chuck Palahniuk\u2019un \u0130ki Roma\u00adn\u0131ndaki D\u00f6rt Ortak Y\u00f6n \u00dczerinden Bir Sistem Ele\u015ftirisi<\/p>\n<p>Ali Onur \u015eahino\u011flu<\/p>\n<p>&nbsp;<\/p>\n<p>Ya\u015famak \u0130\u00e7in Bulunamayan Sebep<\/p>\n<p>Serhat Yenisan<\/p>\n<p>&nbsp;<\/p>\n<p>Nietzsche\u2019nin G\u00fc\u00e7 \u0130stenci ve Distopyalar\u0131n Sava\u015f\u0131<\/p>\n<p>Nilsu Yi\u011fito\u011flu<\/p>\n<p>&nbsp;<\/p>\n<p>Edebi \u0130ntihar I: <em>Anayurt Oteli <\/em><\/p>\n<p>Elif G\u00fcl \u015eahin<\/p>\n<p>&nbsp;<\/p>\n<p>Hegel\u2019in \u00c7uval\u0131<\/p>\n<p>Halit Payza<\/p>\n<p>&nbsp;<\/p>\n<p>Kuhncu Bak\u0131s\u0327Ac\u0327\u0131s\u0131yla Sanata Yaklas\u0327mak<\/p>\n<p>Elif Erdo\u011fan<\/p>\n<p>&nbsp;<\/p>\n<p>Aynaya Yans\u0131mayan \u0130plerin D\u00fczlemi:<\/p>\n<p>Kuklan\u0131n Ruhu-\u0130nsan \u00d6zg\u00fcrl\u00fc\u011f\u00fcne K\u0131sa Bir Bak\u0131\u015f<\/p>\n<p>Sem \u00c7aml\u0131da\u011f<\/p>\n<p><strong>\u00a0<\/strong><\/p>\n<p>&nbsp;<\/p>\n<\/div>\n<\/div>\n","protected":false},"excerpt":{"rendered":"<p>\u0130\u00c7\u0130NDEK\u0130LER &nbsp; \u00d6l\u00fcm K\u00f6t\u00fcd\u00fcr Ama Neden? Eric Olson \u00c7eviren: \u0130smail Ege Yayl\u0131m &nbsp; Heidegger ve Sartre Ba\u011flam\u0131nda I\u015f\u0131\u011f\u0131n S\u00f6nmesi: \u00d6l\u00fcm Abdurrahim Tun\u00e7 &nbsp; Politik-Estetik Bir \u0130nceleme: Filozoflar Neden \u00d6ld\u00fc? Hamza<\/p>\n","protected":false},"featured_media":176,"comment_status":"open","ping_status":"closed","template":"","meta":[],"product_cat":[21],"product_tag":[24,25,61,62,54],"class_list":{"0":"post-147","1":"product","2":"type-product","3":"status-publish","4":"has-post-thumbnail","6":"product_cat-magazine","7":"product_tag-dusunbil","8":"product_tag-felsefe","9":"product_tag-olum","10":"product_tag-olum-felsefesi","11":"product_tag-tanri","13":"first","14":"outofstock","15":"sale","16":"shipping-taxable","17":"purchasable","18":"product-type-simple"},"_links":{"self":[{"href":"https:\/\/www.vintape.org\/index.php?rest_route=\/wp\/v2\/product\/147","targetHints":{"allow":["GET"]}}],"collection":[{"href":"https:\/\/www.vintape.org\/index.php?rest_route=\/wp\/v2\/product"}],"about":[{"href":"https:\/\/www.vintape.org\/index.php?rest_route=\/wp\/v2\/types\/product"}],"replies":[{"embeddable":true,"href":"https:\/\/www.vintape.org\/index.php?rest_route=%2Fwp%2Fv2%2Fcomments&post=147"}],"version-history":[{"count":0,"href":"https:\/\/www.vintape.org\/index.php?rest_route=\/wp\/v2\/product\/147\/revisions"}],"wp:featuredmedia":[{"embeddable":true,"href":"https:\/\/www.vintape.org\/index.php?rest_route=\/wp\/v2\/media\/176"}],"wp:attachment":[{"href":"https:\/\/www.vintape.org\/index.php?rest_route=%2Fwp%2Fv2%2Fmedia&parent=147"}],"wp:term":[{"taxonomy":"product_cat","embeddable":true,"href":"https:\/\/www.vintape.org\/index.php?rest_route=%2Fwp%2Fv2%2Fproduct_cat&post=147"},{"taxonomy":"product_tag","embeddable":true,"href":"https:\/\/www.vintape.org\/index.php?rest_route=%2Fwp%2Fv2%2Fproduct_tag&post=147"}],"curies":[{"name":"wp","href":"https:\/\/api.w.org\/{rel}","templated":true}]}}