{"id":146,"date":"2019-10-04T01:05:44","date_gmt":"2019-10-03T22:05:44","guid":{"rendered":"https:\/\/www.vintape.org\/urun\/import-placeholder-for-8464\/"},"modified":"2025-12-02T21:52:52","modified_gmt":"2025-12-02T20:52:52","slug":"dusunbil-sayi-65","status":"publish","type":"product","link":"https:\/\/www.vintape.org\/?product=dusunbil-sayi-65","title":{"rendered":"D\u00fc\u015f\u00fcnbil Say\u0131 65"},"content":{"rendered":"<div class=\"_2cuy _3dgx\">\n<div class=\"_1mf _1mj\">\n<p><strong>\u0130\u00c7\u0130NDEK\u0130LER<\/strong><\/p>\n<p><strong>\u00a0<\/strong><\/p>\n<p>\u0130deolojiye Kar\u015f\u0131<\/p>\n<p>Onur \u00d6zcan<\/p>\n<p>&nbsp;<\/p>\n<p>Karl Marx, Yabanc\u0131la\u015fma ve \u0130mk\u00e2ns\u0131z Bir A\u015fk \u00d6yk\u00fcs\u00fc<\/p>\n<p>Ali Yal\u00e7\u0131n G\u00f6ymen<\/p>\n<p>&nbsp;<\/p>\n<p>Marx Ele\u015ftirisinde \u0130ki Durak: Bakunin ve Popper<\/p>\n<p>Arma\u011fan \u00d6zt\u00fcrk<\/p>\n<p>&nbsp;<\/p>\n<p>Marx\u2019\u0131n Ontolojisine ve Soyutlama Fikrine Dair Kimi Notlar<\/p>\n<p>\u00d6nder Kulak<\/p>\n<p>&nbsp;<\/p>\n<p>Marx\u2019ta Yabanc\u0131la\u015fma, \u00d6zg\u00fcrl\u00fck ve \u0130nsan Do\u011fas\u0131<\/p>\n<p>Ziya Din\u00e7soy<\/p>\n<p>&nbsp;<\/p>\n<p>Marx\u2019\u0131n G\u00fcncelli\u011fi ya da \u015eimdinin Pe\u015finde Bir \u201cKar\u015f\u0131la\u015fmalar Materyalizmi\u201d<\/p>\n<p>Zafer YIlmaz<\/p>\n<p>&nbsp;<\/p>\n<p>Karl Marx Filozof mudur?<\/p>\n<p>Do\u011fan G\u00f6\u00e7men<\/p>\n<p>&nbsp;<\/p>\n<p>Marx ve Ele\u015ftirel Realizm Aras\u0131ndaki S\u00fcreklilikler<\/p>\n<p>Ozan Do\u011fan<\/p>\n<p>&nbsp;<\/p>\n<p>Karl Marx\u2019\u0131n Yeni D\u00fcnyas\u0131: Feuerbach \u00dczerine Tezler<\/p>\n<p>Abdurrahim Tun\u00e7<\/p>\n<p>&nbsp;<\/p>\n<p>Bilim Teorisi Perspektifi ve \u201cMarksist Bilim\u201d: Bilimsel Olmak ya da Olmamak \u0130\u015fte B\u00fct\u00fcn Mesele<\/p>\n<p>\u00d6mer Faik Anl\u0131<\/p>\n<p>&nbsp;<\/p>\n<p>Marx ve Adalet Teorisi<\/p>\n<p>Aysel Demir<\/p>\n<p>&nbsp;<\/p>\n<p>Marx ve Tarihsel Bireyin \u00d6zg\u00fcrl\u00fc\u011f\u00fc<\/p>\n<p>Berkay Co\u015fkun<\/p>\n<p>&nbsp;<\/p>\n<p>Marx\u2019\u0131n \u00d6zg\u00fcrl\u00fck Kuram\u0131n\u0131n Dayana\u011f\u0131 Olarak Praksis<\/p>\n<p>Sevin\u00e7 T\u00fcrkmen<\/p>\n<p>&nbsp;<\/p>\n<p>Marksist Felsefenin \u201cEstetik\u201d Y\u00fcz\u00fc: Marx, Felsefesini; Felsefesi Marx\u2019\u0131 Yapt\u0131<\/p>\n<p>Beyza \u00d6zkan<\/p>\n<p>&nbsp;<\/p>\n<p>Marx Felsefesinden Hareketle Sanat\u0131n \u00d6zerkli\u011finin Sorunsalla\u015ft\u0131r\u0131lmas\u0131<\/p>\n<p>Pelin Dilara \u00c7olak<\/p>\n<p>&nbsp;<\/p>\n<p>\u201cVarolu\u015f, \u00c7\u0131k\u0131\u015fs\u0131z Labirentte Bir \u00a0Kovalamacad\u0131r\u201d<\/p>\n<p>Varl\u0131k Ergen<\/p>\n<\/div>\n<\/div>\n","protected":false},"excerpt":{"rendered":"<p>\u0130\u00c7\u0130NDEK\u0130LER \u00a0 \u0130deolojiye Kar\u015f\u0131 Onur \u00d6zcan &nbsp; Karl Marx, Yabanc\u0131la\u015fma ve \u0130mk\u00e2ns\u0131z Bir A\u015fk \u00d6yk\u00fcs\u00fc Ali Yal\u00e7\u0131n G\u00f6ymen &nbsp; Marx Ele\u015ftirisinde \u0130ki Durak: Bakunin ve Popper Arma\u011fan \u00d6zt\u00fcrk &nbsp; Marx\u2019\u0131n<\/p>\n","protected":false},"featured_media":175,"comment_status":"open","ping_status":"closed","template":"","meta":[],"product_cat":[21],"product_tag":[24,25,59,60,37,54],"class_list":{"0":"post-146","1":"product","2":"type-product","3":"status-publish","4":"has-post-thumbnail","6":"product_cat-magazine","7":"product_tag-dusunbil","8":"product_tag-felsefe","9":"product_tag-marksizm","10":"product_tag-marksizm-ve-felsefe","11":"product_tag-marx","12":"product_tag-tanri","14":"first","15":"instock","16":"sale","17":"shipping-taxable","18":"purchasable","19":"product-type-simple"},"_links":{"self":[{"href":"https:\/\/www.vintape.org\/index.php?rest_route=\/wp\/v2\/product\/146","targetHints":{"allow":["GET"]}}],"collection":[{"href":"https:\/\/www.vintape.org\/index.php?rest_route=\/wp\/v2\/product"}],"about":[{"href":"https:\/\/www.vintape.org\/index.php?rest_route=\/wp\/v2\/types\/product"}],"replies":[{"embeddable":true,"href":"https:\/\/www.vintape.org\/index.php?rest_route=%2Fwp%2Fv2%2Fcomments&post=146"}],"version-history":[{"count":1,"href":"https:\/\/www.vintape.org\/index.php?rest_route=\/wp\/v2\/product\/146\/revisions"}],"predecessor-version":[{"id":1278,"href":"https:\/\/www.vintape.org\/index.php?rest_route=\/wp\/v2\/product\/146\/revisions\/1278"}],"wp:featuredmedia":[{"embeddable":true,"href":"https:\/\/www.vintape.org\/index.php?rest_route=\/wp\/v2\/media\/175"}],"wp:attachment":[{"href":"https:\/\/www.vintape.org\/index.php?rest_route=%2Fwp%2Fv2%2Fmedia&parent=146"}],"wp:term":[{"taxonomy":"product_cat","embeddable":true,"href":"https:\/\/www.vintape.org\/index.php?rest_route=%2Fwp%2Fv2%2Fproduct_cat&post=146"},{"taxonomy":"product_tag","embeddable":true,"href":"https:\/\/www.vintape.org\/index.php?rest_route=%2Fwp%2Fv2%2Fproduct_tag&post=146"}],"curies":[{"name":"wp","href":"https:\/\/api.w.org\/{rel}","templated":true}]}}