{"id":145,"date":"2019-10-04T01:05:44","date_gmt":"2019-10-03T22:05:44","guid":{"rendered":"https:\/\/www.vintape.org\/urun\/import-placeholder-for-8376\/"},"modified":"2025-12-02T21:52:52","modified_gmt":"2025-12-02T20:52:52","slug":"dusunbil-sayi-64","status":"publish","type":"product","link":"https:\/\/www.vintape.org\/?product=dusunbil-sayi-64","title":{"rendered":"D\u00fc\u015f\u00fcnbil Say\u0131 64"},"content":{"rendered":"<div class=\"_2cuy _3dgx\">\n<div class=\"_1mf _1mj\">\n<p>\u0130\u00c7\u0130NDEK\u0130LER<\/p>\n<p>\u0130nsan\u0131n D\u00fcnyaya F\u0131rlat\u0131lm\u0131\u015fl\u0131\u011f\u0131 Temelinde Heidegger<br \/>\nAysel Demir<\/p>\n<p>\u00c7okluk Ontolojisi<br \/>\nOnur \u00d6zcan<\/p>\n<p>Heidegger\u2019in Dasein\u2019\u0131 ile Sartre\u2019\u0131n Varolu\u015f\u00e7ulu\u011fu \u00dczerine<br \/>\nAbdurrahim Tun\u00e7<\/p>\n<p>Varl\u0131k ve Tarih Sorusu, Jacques Derrida<br \/>\nYazar: Rodolphe Gasch\u00e9<br \/>\n\u00c7eviren: Simge \u015eirin<\/p>\n<p>Ontoloji ve Hakikat Ara\u015ft\u0131rmas\u0131<br \/>\nSevin\u00e7 T\u00fcrkmen<\/p>\n<p>Varl\u0131kbilim ve Dilbilim Ba\u011flam\u0131nda Bir \u201c\u0130ntihar\u201d Giri\u015fimi<br \/>\nHamza Cel\u00e2leddin<\/p>\n<p>Eti\u011fin Ontolojisi<br \/>\nSema S\u00f6kmen<\/p>\n<p>Ontoloji\/Varl\u0131kbilim ve Heidegger\u2019de Varl\u0131k<br \/>\nSinan K\u0131l\u0131\u00e7<\/p>\n<p>Mutlu Olmak \u00dczerine Psikanalitik Bir Bak\u0131\u015f<br \/>\nBerna G\u00f6rg\u00fcl\u00fc \u00c7elik<\/p>\n<p>\u0130deal Obje Olarak Kad\u0131n Bedeni ve T\u00fcketimi<br \/>\nBeste \u00c7ebi<\/p>\n<p>Hi\u00e7bir \u015eeyin Par\u00e7as\u0131 Olamayan Par\u00e7a<br \/>\nSerhat Yenisan<\/p>\n<p>D\u00fc\u015f\u00fcnce Tarihinde K\u00f6t\u00fcl\u00fck Sorunu<br \/>\nS\u00f6yle\u015fi: Elif G\u00fcl \u015eahin<\/p>\n<p>Nietzsche\u2019de \u0130nsan M\u00fckemmelli\u011finin Ko\u015fulu Olarak \u201cAmor Fati\u201d<br \/>\nAy\u015fe Bilge Demir<\/p>\n<p>\u0130nsan Zihninin Ard\u0131ndaki \u015eey Bilin\u00e7 Olmayabilir<br \/>\nYazar: David A. Oakley ve Peter Halligan<br \/>\n\u00c7eviren: Cavit Karakuzu<\/p>\n<p>\u0130nsanl\u0131k \u00d6l\u00fcm\u00fcyle Bar\u0131\u015fabilir mi?<br \/>\nYazar: Matthew Rozsa<br \/>\n\u00c7eviren: Zeynep \u015eenel Gencer<\/p>\n<p>Black Mirror\u2019\u0131n Yeni Sezonundaki Problemler<br \/>\nYazar: Charles Mudede<br \/>\n\u00c7eviren: Merve G\u00f6rkem Yavuz<\/p>\n<p>Platon ve James Baldwin Okuyan Polisler<br \/>\nYazar: David Dagan<br \/>\n\u00c7eviren: G\u00f6khan \u00c7uhac\u0131<\/p>\n<p>Ger\u00e7ek Ya\u015fam: Gen\u00e7li\u011fi Yoldan<br \/>\n\u00c7\u0131karmaya Y\u00f6nelik Bir \u00c7a\u011fr\u0131<br \/>\n\u00c7i\u011fdem Durkan<\/p>\n<\/div>\n<\/div>\n","protected":false},"excerpt":{"rendered":"<p>\u0130\u00c7\u0130NDEK\u0130LER \u0130nsan\u0131n D\u00fcnyaya F\u0131rlat\u0131lm\u0131\u015fl\u0131\u011f\u0131 Temelinde Heidegger Aysel Demir \u00c7okluk Ontolojisi Onur \u00d6zcan Heidegger\u2019in Dasein\u2019\u0131 ile Sartre\u2019\u0131n Varolu\u015f\u00e7ulu\u011fu \u00dczerine Abdurrahim Tun\u00e7 Varl\u0131k ve Tarih Sorusu, Jacques Derrida Yazar: Rodolphe Gasch\u00e9 \u00c7eviren:<\/p>\n","protected":false},"featured_media":174,"comment_status":"open","ping_status":"closed","template":"","meta":[],"product_cat":[21],"product_tag":[24,25,55,56,54,57,58],"class_list":{"0":"post-145","1":"product","2":"type-product","3":"status-publish","4":"has-post-thumbnail","6":"product_cat-magazine","7":"product_tag-dusunbil","8":"product_tag-felsefe","9":"product_tag-heidegger","10":"product_tag-ontoloji","11":"product_tag-tanri","12":"product_tag-varlik","13":"product_tag-varolus","15":"first","16":"instock","17":"sale","18":"shipping-taxable","19":"purchasable","20":"product-type-simple"},"_links":{"self":[{"href":"https:\/\/www.vintape.org\/index.php?rest_route=\/wp\/v2\/product\/145","targetHints":{"allow":["GET"]}}],"collection":[{"href":"https:\/\/www.vintape.org\/index.php?rest_route=\/wp\/v2\/product"}],"about":[{"href":"https:\/\/www.vintape.org\/index.php?rest_route=\/wp\/v2\/types\/product"}],"replies":[{"embeddable":true,"href":"https:\/\/www.vintape.org\/index.php?rest_route=%2Fwp%2Fv2%2Fcomments&post=145"}],"version-history":[{"count":1,"href":"https:\/\/www.vintape.org\/index.php?rest_route=\/wp\/v2\/product\/145\/revisions"}],"predecessor-version":[{"id":1275,"href":"https:\/\/www.vintape.org\/index.php?rest_route=\/wp\/v2\/product\/145\/revisions\/1275"}],"wp:featuredmedia":[{"embeddable":true,"href":"https:\/\/www.vintape.org\/index.php?rest_route=\/wp\/v2\/media\/174"}],"wp:attachment":[{"href":"https:\/\/www.vintape.org\/index.php?rest_route=%2Fwp%2Fv2%2Fmedia&parent=145"}],"wp:term":[{"taxonomy":"product_cat","embeddable":true,"href":"https:\/\/www.vintape.org\/index.php?rest_route=%2Fwp%2Fv2%2Fproduct_cat&post=145"},{"taxonomy":"product_tag","embeddable":true,"href":"https:\/\/www.vintape.org\/index.php?rest_route=%2Fwp%2Fv2%2Fproduct_tag&post=145"}],"curies":[{"name":"wp","href":"https:\/\/api.w.org\/{rel}","templated":true}]}}