{"id":143,"date":"2019-10-04T01:05:44","date_gmt":"2019-10-04T00:05:44","guid":{"rendered":"https:\/\/www.vintape.org\/urun\/import-placeholder-for-7255\/"},"modified":"2025-12-02T21:52:52","modified_gmt":"2025-12-02T20:52:52","slug":"dusunbil-sayi-62","status":"publish","type":"product","link":"https:\/\/www.vintape.org\/?product=dusunbil-sayi-62","title":{"rendered":"D\u00fc\u015f\u00fcnbil Say\u0131 62"},"content":{"rendered":"<div class=\"_2cuy _3dgx\">\n<div class=\"_1mf _1mj\">\n<p>\u0130\u00c7\u0130NDEK\u0130LER<\/p>\n<p>Entelekt\u00fcel Kad\u0131n K\u0131skan\u0131r m\u0131 Yahut Simone de Beauvoir\u2019n\u0131n K\u0131skan\u00e7l\u0131\u011f\u0131<br \/>\nBeyza \u00d6zkan<\/p>\n<p>Sartre\u2019\u0131n, de Beauvoir\u2019n\u0131n An\u0131lar\u0131ndaki Portresi<br \/>\nWillie Thompson<br \/>\n\u00c7eviren: H\u00fcseyin S\u0131\u011f\u0131rc\u0131<\/p>\n<p>\u00d6teki ve \u00d6zg\u00fcr: Simone de Beauvoir<br \/>\nErtuna Kara<\/p>\n<p>Belirsizlik Ahlak\u0131 \u00dczerine<br \/>\nCharlotte Moore<br \/>\n\u00c7eviren: \u0130smail Ege Yayl\u0131m<\/p>\n<p>Tahrikk\u00e2r Bir Giri\u015fim: Beauvoir\u2019y\u0131 Nietzsche ile Okumak<br \/>\nHamza Celalettin Okumu\u015f<\/p>\n<p>Felsefi Bir Kokteyl<br \/>\nJohn Banville<br \/>\n\u00c7eviren: Burak Avc\u0131<\/p>\n<p>Milanesk Bir Romanda \u0130mge Olarak Kad\u0131n<br \/>\nMert Aldemir<\/p>\n<p>Nietzsche\u2019nin \u201cAhlak\u201d\u0131 I\u015f\u0131\u011f\u0131nda Nabokov\u2019un Lolita\u2019s\u0131<br \/>\nFulya Turhan<\/p>\n<p>Politikada \u201cK\u00f6t\u00fcl\u00fck Problemi\u201d: Nazizm \u00d6rne\u011fi<br \/>\nTayfun Y\u0131ld\u0131r\u0131m<\/p>\n<p>Akademik Felsefeyi Neden B\u0131rakt\u0131m?<br \/>\nRachel Smantra<br \/>\n\u00c7eviren: Zeynep \u015eenel Gencer<\/p>\n<p>De\u011fer ve De\u011ferlendirme Kavramlar\u0131 \u00dczerine<br \/>\n\u00c7i\u011fdem Durkan<\/p>\n<p>Hapishanenin Do\u011fu\u015fu \u00dczerine<br \/>\n\u00c7a\u011fatay Kay\u0131kc\u0131<\/p>\n<p>Entelekt\u00fcel Bir Biyografi \u0130ncelemesi<br \/>\nLisa Appignanesi<br \/>\n\u00c7eviren: \u0130lknur Aktulan<\/p>\n<p>\u0130kinci Yeni D\u00fcnya<br \/>\nMehmet Ali Kangotan<\/p>\n<p>Gazap \u00dcz\u00fcmleri: Ac\u0131 Ahl\u00e2k\u0131<br \/>\nS\u00fcheyl\u00e2 Abanoz<\/p>\n<p>T. S. Eliot\u2019a G\u00f6re Dil ve K\u00fclt\u00fcr<br \/>\nAlperen Albayrak<\/p>\n<p>\u00c7\u00f6z\u00fclemeyen Bir Cinayete Dair Notlar ve Lacan\u2019\u0131n Ger\u00e7ek Kavram\u0131<br \/>\nOlcay Y\u0131lmaz<\/p>\n<p>Karikat\u00fcr: Sartre ile S\u00f6rf<\/p>\n<p>Bilge \u0130dealinin V\u00fccut Bulmu\u015f H\u00e2li: Spinoza. Bir Ba\u015flang\u0131\u00e7<br \/>\n\u00c7i\u011fdem Durkan<\/p>\n<\/div>\n<\/div>\n","protected":false},"excerpt":{"rendered":"<p>\u0130\u00c7\u0130NDEK\u0130LER Entelekt\u00fcel Kad\u0131n K\u0131skan\u0131r m\u0131 Yahut Simone de Beauvoir\u2019n\u0131n K\u0131skan\u00e7l\u0131\u011f\u0131 Beyza \u00d6zkan Sartre\u2019\u0131n, de Beauvoir\u2019n\u0131n An\u0131lar\u0131ndaki Portresi Willie Thompson \u00c7eviren: H\u00fcseyin S\u0131\u011f\u0131rc\u0131 \u00d6teki ve \u00d6zg\u00fcr: Simone de Beauvoir Ertuna Kara<\/p>\n","protected":false},"featured_media":172,"comment_status":"open","ping_status":"closed","template":"","meta":[],"product_cat":[21],"product_tag":[24,50,46,51],"class_list":{"0":"post-143","1":"product","2":"type-product","3":"status-publish","4":"has-post-thumbnail","6":"product_cat-magazine","7":"product_tag-dusunbil","8":"product_tag-kadin","9":"product_tag-sartre","10":"product_tag-simone-de-beauvoir","12":"first","13":"instock","14":"shipping-taxable","15":"purchasable","16":"product-type-simple"},"_links":{"self":[{"href":"https:\/\/www.vintape.org\/index.php?rest_route=\/wp\/v2\/product\/143","targetHints":{"allow":["GET"]}}],"collection":[{"href":"https:\/\/www.vintape.org\/index.php?rest_route=\/wp\/v2\/product"}],"about":[{"href":"https:\/\/www.vintape.org\/index.php?rest_route=\/wp\/v2\/types\/product"}],"replies":[{"embeddable":true,"href":"https:\/\/www.vintape.org\/index.php?rest_route=%2Fwp%2Fv2%2Fcomments&post=143"}],"version-history":[{"count":1,"href":"https:\/\/www.vintape.org\/index.php?rest_route=\/wp\/v2\/product\/143\/revisions"}],"predecessor-version":[{"id":1284,"href":"https:\/\/www.vintape.org\/index.php?rest_route=\/wp\/v2\/product\/143\/revisions\/1284"}],"wp:featuredmedia":[{"embeddable":true,"href":"https:\/\/www.vintape.org\/index.php?rest_route=\/wp\/v2\/media\/172"}],"wp:attachment":[{"href":"https:\/\/www.vintape.org\/index.php?rest_route=%2Fwp%2Fv2%2Fmedia&parent=143"}],"wp:term":[{"taxonomy":"product_cat","embeddable":true,"href":"https:\/\/www.vintape.org\/index.php?rest_route=%2Fwp%2Fv2%2Fproduct_cat&post=143"},{"taxonomy":"product_tag","embeddable":true,"href":"https:\/\/www.vintape.org\/index.php?rest_route=%2Fwp%2Fv2%2Fproduct_tag&post=143"}],"curies":[{"name":"wp","href":"https:\/\/api.w.org\/{rel}","templated":true}]}}