{"id":142,"date":"2019-10-04T01:05:44","date_gmt":"2019-10-04T00:05:44","guid":{"rendered":"https:\/\/www.vintape.org\/urun\/import-placeholder-for-6244\/"},"modified":"2025-12-02T21:52:52","modified_gmt":"2025-12-02T20:52:52","slug":"dusunbil-sayi-61","status":"publish","type":"product","link":"https:\/\/www.vintape.org\/?product=dusunbil-sayi-61","title":{"rendered":"D\u00fc\u015f\u00fcnbil Say\u0131 61"},"content":{"rendered":"<div class=\"_2cuy _3dgx\">\n<div class=\"_1mf _1mj\">\n<p>&nbsp;<\/p>\n<p><strong>\u0130\u00c7\u0130NDEK\u0130LER<\/strong><\/p>\n<p><strong>\u00a0<\/strong><\/p>\n<p><strong>K\u00f6t\u00fcl\u00fc\u011f\u00fcn Maskeleri: Eichmann ve Riviere<\/strong><\/p>\n<p>Deniz Say\u0131nhan<\/p>\n<p><strong>\u00a0<\/strong><\/p>\n<p><strong>Ahlak\u00ee \u0130dare ve K\u00f6t\u00fcl\u00fck Problemi<\/strong><\/p>\n<p>Jimmy Alfonsa Licon<\/p>\n<p>\u00c7eviren: H\u00fcseyin S\u0131\u011f\u0131rc\u0131<\/p>\n<p><strong>\u00a0<\/strong><\/p>\n<p><strong>Hannah Arendt Felsefesinde K\u00f6t\u00fcl\u00fck Problemi<\/strong><\/p>\n<p>Ece Sara\u00e7o\u011flu<\/p>\n<p><strong>\u00a0<\/strong><\/p>\n<p><strong>Tanklar Ge\u00e7icidir, \u201cDora Maar Au Chat\u201d \u00d6l\u00fcms\u00fczd\u00fcr<\/strong><\/p>\n<p>Mert Aldemir<\/p>\n<p><strong>\u00a0<\/strong><\/p>\n<p><strong>Rousseau\u2019nun Vah\u015f\u00ee \u0130nsan\u2019\u0131ndan Shelley\u2019nin Sosyal \u0130nsan\u2019\u0131na, Frankenstein\u2019\u0131n Canavar\u2019\u0131<\/strong><\/p>\n<p>Fulya Turhan<\/p>\n<p><strong>\u00a0<\/strong><\/p>\n<p><strong>Mr. Hyde\u2019\u0131n Truva At\u0131 Olarak Dr. Jekyll<\/strong><\/p>\n<p>Elif G\u00fcl \u015eahin<\/p>\n<p><strong>\u00a0<\/strong><\/p>\n<p><strong>Kusursuz K\u00f6t\u00fcl\u00fck: Evrimsel Bir K\u00f6t\u00fcl\u00fck A\u00e7\u0131klamas\u0131<\/strong><\/p>\n<p>F\u0131rat Bircan<\/p>\n<p><strong>\u00a0<\/strong><\/p>\n<p><strong>\u00d6zg\u00fcr \u0130rade Yan\u0131lg\u0131s\u0131: \u0130nsan K\u00f6t\u00fcl\u00fckten Sorumlu Tutulabilir mi?<\/strong><\/p>\n<p>Hamza Celalettin Okumu\u015f<\/p>\n<p><strong>\u00a0<\/strong><\/p>\n<p><strong>K\u00f6t\u00fcl\u00fc\u011f\u00fcn Felsefesi: K\u00f6t\u00fcl\u00fck Problemi ve Teodise \u00dczerine<\/strong><\/p>\n<p>Murat Keser<\/p>\n<p><strong>\u00a0<\/strong><\/p>\n<p><strong>Dinin Dire\u011finde Striptiz ya da K\u00f6t\u00fcl\u00fc\u011f\u00fcn Tanr\u0131\u2019yla Dans\u0131<\/strong><\/p>\n<p>Umut Tuna Do\u011faner<\/p>\n<p><strong>\u00a0<\/strong><\/p>\n<p><strong>Kara \u015e\u00f6valye\u2019nin Karizmatik K\u00f6t\u00fc Adam\u0131 Joker<\/strong><\/p>\n<p>Todd Walters<\/p>\n<p>\u00c7eviren: H\u00fcseyin S\u0131\u011f\u0131rc\u0131<\/p>\n<p>&nbsp;<\/p>\n<p><strong>Sisifos\u2019un Yarat\u0131c\u0131l\u0131\u011fa F\u0131s\u0131ldad\u0131klar\u0131 \u00dczerine<\/strong><\/p>\n<p>Hazal \u00dcnal<\/p>\n<p>&nbsp;<\/p>\n<p><strong>Hegemonya, Devletin \u0130deolojik Ayg\u0131tlar\u0131 ve E\u011fitim<\/strong><\/p>\n<p>Beste \u00c7ebi<\/p>\n<p>&nbsp;<\/p>\n<p><strong>Darian Leader ve Konu\u015fma Tedavisi<\/strong><\/p>\n<p>Stuart Jeffries<\/p>\n<p>\u00c7eviren: Esra Demirezen<\/p>\n<p>&nbsp;<\/p>\n<p><strong>Nietzsche\u2019nin Gelece\u011fi <\/strong><\/p>\n<p>G\u00fclseren Dinvar<\/p>\n<p>&nbsp;<\/p>\n<p><strong>Sanat, Edebiyat ve Empati Duygusunu Geli\u015ftiriyor mu?<\/strong><\/p>\n<p>Nick Haslam<\/p>\n<p>\u00c7eviren: \u015eebnem Ertan<\/p>\n<p>&nbsp;<\/p>\n<p><strong>Hegel\u2019i Okuman\u0131n Zorlu\u011fu \u00dczerine D\u00fc\u015f\u00fcnmek<\/strong><\/p>\n<p>Antonio Wolf<\/p>\n<p>\u00c7eviren: Tual \u015eekercigil<\/p>\n<p>&nbsp;<\/p>\n<p><strong>Dedektif Olarak Filozof<\/strong><\/p>\n<p>Colin Harper<\/p>\n<p>\u00c7eviren: H\u00fcseyin S\u0131\u011f\u0131rc\u0131<\/p>\n<p>&nbsp;<\/p>\n<p><strong>Ya\u015fam Sanat\u0131<\/strong><\/p>\n<p>\u00c7i\u011fdem Durkan<\/p>\n<p>&nbsp;<\/p>\n<p><strong>Bulmaca<\/strong><\/p>\n<p><strong>\u00a0<\/strong><\/p>\n<p><strong>Karikat\u00fcr<\/strong><\/p>\n<p>&nbsp;<\/p>\n<\/div>\n<\/div>\n","protected":false},"excerpt":{"rendered":"<p>&nbsp; \u0130\u00c7\u0130NDEK\u0130LER \u00a0 K\u00f6t\u00fcl\u00fc\u011f\u00fcn Maskeleri: Eichmann ve Riviere Deniz Say\u0131nhan \u00a0 Ahlak\u00ee \u0130dare ve K\u00f6t\u00fcl\u00fck Problemi Jimmy Alfonsa Licon \u00c7eviren: H\u00fcseyin S\u0131\u011f\u0131rc\u0131 \u00a0 Hannah Arendt Felsefesinde K\u00f6t\u00fcl\u00fck Problemi Ece Sara\u00e7o\u011flu<\/p>\n","protected":false},"featured_media":171,"comment_status":"open","ping_status":"closed","template":"","meta":[],"product_cat":[21],"product_tag":[47,24,45,25,48,49],"class_list":{"0":"post-142","1":"product","2":"type-product","3":"status-publish","4":"has-post-thumbnail","6":"product_cat-magazine","7":"product_tag-batman","8":"product_tag-dusunbil","9":"product_tag-edebiyat","10":"product_tag-felsefe","11":"product_tag-joker","12":"product_tag-kotuluk","14":"first","15":"instock","16":"shipping-taxable","17":"purchasable","18":"product-type-simple"},"_links":{"self":[{"href":"https:\/\/www.vintape.org\/index.php?rest_route=\/wp\/v2\/product\/142","targetHints":{"allow":["GET"]}}],"collection":[{"href":"https:\/\/www.vintape.org\/index.php?rest_route=\/wp\/v2\/product"}],"about":[{"href":"https:\/\/www.vintape.org\/index.php?rest_route=\/wp\/v2\/types\/product"}],"replies":[{"embeddable":true,"href":"https:\/\/www.vintape.org\/index.php?rest_route=%2Fwp%2Fv2%2Fcomments&post=142"}],"version-history":[{"count":1,"href":"https:\/\/www.vintape.org\/index.php?rest_route=\/wp\/v2\/product\/142\/revisions"}],"predecessor-version":[{"id":1281,"href":"https:\/\/www.vintape.org\/index.php?rest_route=\/wp\/v2\/product\/142\/revisions\/1281"}],"wp:featuredmedia":[{"embeddable":true,"href":"https:\/\/www.vintape.org\/index.php?rest_route=\/wp\/v2\/media\/171"}],"wp:attachment":[{"href":"https:\/\/www.vintape.org\/index.php?rest_route=%2Fwp%2Fv2%2Fmedia&parent=142"}],"wp:term":[{"taxonomy":"product_cat","embeddable":true,"href":"https:\/\/www.vintape.org\/index.php?rest_route=%2Fwp%2Fv2%2Fproduct_cat&post=142"},{"taxonomy":"product_tag","embeddable":true,"href":"https:\/\/www.vintape.org\/index.php?rest_route=%2Fwp%2Fv2%2Fproduct_tag&post=142"}],"curies":[{"name":"wp","href":"https:\/\/api.w.org\/{rel}","templated":true}]}}