{"id":141,"date":"2019-10-04T01:05:44","date_gmt":"2019-10-04T00:05:44","guid":{"rendered":"https:\/\/www.vintape.org\/urun\/import-placeholder-for-5800\/"},"modified":"2025-12-02T21:52:52","modified_gmt":"2025-12-02T20:52:52","slug":"dusunbil-sayi-60","status":"publish","type":"product","link":"https:\/\/www.vintape.org\/?product=dusunbil-sayi-60","title":{"rendered":"D\u00fc\u015f\u00fcnbil Say\u0131 60"},"content":{"rendered":"<div class=\"_2cuy _3dgx\">\n<div class=\"_1mf _1mj\">\n<p><strong>\u0130\u00c7\u0130NDEK\u0130LER<\/strong><\/p>\n<p><strong>\u00a0<\/strong><\/p>\n<p><strong>Spinoza\u2019da Tekilli\u011fin \u00c7\u00f6z\u00fcl\u00fc\u015f\u00fc ve \u00d6l\u00fcm\u00fcn \u0130mk\u00e2ns\u0131zl\u0131\u011f\u0131<\/strong><\/p>\n<p>Evrim Nacar<\/p>\n<p>&nbsp;<\/p>\n<p><strong>Neden Spinoza?<\/strong><\/p>\n<p>Richard Mason<\/p>\n<p>\u00c7eviren: H\u00fcseyin S\u0131\u011f\u0131rc\u0131<\/p>\n<p>&nbsp;<\/p>\n<p><strong>Aristoteles ile Spinoza\u2019dan Hareketle Sosyal Evrim ve Politika Kuram\u0131<\/strong><\/p>\n<p>Umut Tuna Do\u011faner<\/p>\n<p>&nbsp;<\/p>\n<p><strong>Modern Felsefeyi Spinoza ile Ba\u015flatman\u0131n Gere\u011fi \u00dczerine: Felsefe Tarihi ve Sanc\u0131 Tarihi<\/strong><\/p>\n<p>Hamza Celalettin Okumu\u015f<\/p>\n<p>&nbsp;<\/p>\n<p><strong>Spinoza\u2019n\u0131n Metafizi\u011fi ve Bug\u00fcn\u00fcn Bilimiyle \u0130li\u015fkisi<\/strong><\/p>\n<p>Zoran Vukadinovic<\/p>\n<p>\u00c7eviren: H\u00fcseyin S\u0131\u011f\u0131rc\u0131<\/p>\n<p>&nbsp;<\/p>\n<p><strong>Baruch Spinoza\u2019n\u0131n Felsefesinde \u0130nsan\u0131n Yeri ve \u00d6nemi<\/strong><\/p>\n<p>Ertuna Kara<\/p>\n<p>&nbsp;<\/p>\n<p><strong>Spinoza Neden H\u00e2l\u00e2 \u00d6nemli?<\/strong><\/p>\n<p>Steven Nadler<\/p>\n<p>\u00c7eviren: Seda Alakay<\/p>\n<p>&nbsp;<\/p>\n<p><strong>Spinoza\u2019n\u0131n Hayat\u0131 ve T\u00f6z\/Tanr\u0131\/Do\u011fa \u00dczerine<\/strong><\/p>\n<p>G\u00fcray \u00d6z\u00e7elik<\/p>\n<p>&nbsp;<\/p>\n<p><strong>\u00c7ileli Bir Ya\u015fam: Spinoza ve Felsefesi<\/strong><\/p>\n<p>Mustafa A\u011fao\u011flu<\/p>\n<p>&nbsp;<\/p>\n<p><strong>Spinoza ve Lucretius\u2019ta \u015eans ve \u0130nsan Hatas\u0131<\/strong><\/p>\n<p>Melissa Shew<\/p>\n<p>\u00c7eviren: H\u00fcseyin S\u0131\u011f\u0131rc\u0131<\/p>\n<p>&nbsp;<\/p>\n<p><strong>Sineman\u0131n \u00d6l\u00fcms\u00fcz Deh\u00e2s\u0131: Andrey Tarkovski<\/strong><\/p>\n<p>Bedriye Korkankorkmaz<\/p>\n<p>&nbsp;<\/p>\n<p><strong>Russell\u2019da Felsef\u00ee Bilginin S\u0131n\u0131rlar\u0131 Ba\u011flam\u0131nda Hegel Ele\u015ftirisi<\/strong><\/p>\n<p>Hakan Usta<\/p>\n<p>&nbsp;<\/p>\n<p><strong>Gen\u00e7 Karl Marx ve Felsefenin Kudreti<\/strong><\/p>\n<p>Deniz Say\u0131nhan<\/p>\n<p>&nbsp;<\/p>\n<p><strong>Cina\u00ee-Felsefe: Bir Felsefe Olarak Polisiye<\/strong><\/p>\n<p>F\u0131rat Bircan<\/p>\n<p>&nbsp;<\/p>\n<p><strong>Her \u00c7a\u011f \u0130\u00e7in Uyand\u0131r\u0131c\u0131 Bir Soru: Filozoflar Nas\u0131l Y\u00fcr\u00fcr?<\/strong><\/p>\n<p>Sem \u00c7aml\u0131da\u011f<\/p>\n<p>&nbsp;<\/p>\n<p><strong>Karikat\u00fcr<\/strong><\/p>\n<p><strong>\u00a0<\/strong><\/p>\n<p><strong>Bulmaca<\/strong><\/p>\n<p><strong>\u00a0<\/strong><\/p>\n<p><strong>D\u00fc\u015f\u00fcnYaz K\u00f6\u015fesi<\/strong><\/p>\n<p><strong>\u00a0<\/strong><\/p>\n<p><strong>Tramvay \u0130kilemi<\/strong><\/p>\n<p><strong>\u00a0<\/strong><\/p>\n<p><strong>Duyuru ve Haberler<\/strong><\/p>\n<\/div>\n<\/div>\n","protected":false},"excerpt":{"rendered":"<p>\u0130\u00c7\u0130NDEK\u0130LER \u00a0 Spinoza\u2019da Tekilli\u011fin \u00c7\u00f6z\u00fcl\u00fc\u015f\u00fc ve \u00d6l\u00fcm\u00fcn \u0130mk\u00e2ns\u0131zl\u0131\u011f\u0131 Evrim Nacar &nbsp; Neden Spinoza? Richard Mason \u00c7eviren: H\u00fcseyin S\u0131\u011f\u0131rc\u0131 &nbsp; Aristoteles ile Spinoza\u2019dan Hareketle Sosyal Evrim ve Politika Kuram\u0131 Umut Tuna<\/p>\n","protected":false},"featured_media":170,"comment_status":"open","ping_status":"closed","template":"","meta":[],"product_cat":[21],"product_tag":[24,45,25,46],"class_list":{"0":"post-141","1":"product","2":"type-product","3":"status-publish","4":"has-post-thumbnail","6":"product_cat-magazine","7":"product_tag-dusunbil","8":"product_tag-edebiyat","9":"product_tag-felsefe","10":"product_tag-sartre","12":"first","13":"instock","14":"shipping-taxable","15":"purchasable","16":"product-type-simple"},"_links":{"self":[{"href":"https:\/\/www.vintape.org\/index.php?rest_route=\/wp\/v2\/product\/141","targetHints":{"allow":["GET"]}}],"collection":[{"href":"https:\/\/www.vintape.org\/index.php?rest_route=\/wp\/v2\/product"}],"about":[{"href":"https:\/\/www.vintape.org\/index.php?rest_route=\/wp\/v2\/types\/product"}],"replies":[{"embeddable":true,"href":"https:\/\/www.vintape.org\/index.php?rest_route=%2Fwp%2Fv2%2Fcomments&post=141"}],"version-history":[{"count":1,"href":"https:\/\/www.vintape.org\/index.php?rest_route=\/wp\/v2\/product\/141\/revisions"}],"predecessor-version":[{"id":1285,"href":"https:\/\/www.vintape.org\/index.php?rest_route=\/wp\/v2\/product\/141\/revisions\/1285"}],"wp:featuredmedia":[{"embeddable":true,"href":"https:\/\/www.vintape.org\/index.php?rest_route=\/wp\/v2\/media\/170"}],"wp:attachment":[{"href":"https:\/\/www.vintape.org\/index.php?rest_route=%2Fwp%2Fv2%2Fmedia&parent=141"}],"wp:term":[{"taxonomy":"product_cat","embeddable":true,"href":"https:\/\/www.vintape.org\/index.php?rest_route=%2Fwp%2Fv2%2Fproduct_cat&post=141"},{"taxonomy":"product_tag","embeddable":true,"href":"https:\/\/www.vintape.org\/index.php?rest_route=%2Fwp%2Fv2%2Fproduct_tag&post=141"}],"curies":[{"name":"wp","href":"https:\/\/api.w.org\/{rel}","templated":true}]}}