{"id":140,"date":"2019-10-04T01:05:44","date_gmt":"2019-10-04T00:05:44","guid":{"rendered":"https:\/\/www.vintape.org\/urun\/import-placeholder-for-4335\/"},"modified":"2025-11-24T09:32:39","modified_gmt":"2025-11-24T08:32:39","slug":"dusunbil-sayi-59","status":"publish","type":"product","link":"https:\/\/www.vintape.org\/?product=dusunbil-sayi-59","title":{"rendered":"D\u00fc\u015f\u00fcnbil Say\u0131 59"},"content":{"rendered":"<div class=\"_2cuy _3dgx\">\n<div class=\"_1mf _1mj\">\n<p>&nbsp;<\/p>\n<p><strong>\u0130\u00c7\u0130NDEK\u0130LER<\/strong><\/p>\n<p><strong>\u00a0<\/strong><\/p>\n<p><strong>Sartre\u2019\u0131n Varolu\u015f\u00e7ulu\u011fu ve H\u00fcmanizm \u0130li\u015fkisi ile Bireysel \u00d6zg\u00fcrl\u00fck ve \u00d6zg\u00fcrl\u00fck Ahlak\u0131 Meselesi <\/strong><\/p>\n<p>Gerald Jones<\/p>\n<p>\u00c7eviren: Bur\u00e7in \u0130\u00e7dem<\/p>\n<p>&nbsp;<\/p>\n<p><strong>Jean-Paul Sartre \u00d6zelinde Varolu\u015f\u00e7u \u00d6zg\u00fcrl\u00fck Yorumu <\/strong><\/p>\n<p>Ertuna Kara<\/p>\n<p>&nbsp;<\/p>\n<p><strong>Sartre\u2019\u0131n Ahlak Felsefesi \u00dczerine: <\/strong><\/p>\n<p><strong>Hedefe Giden Her Yol M\u00fcbah M\u0131d\u0131r? <\/strong><\/p>\n<p>Ian Birchall<\/p>\n<p>\u00c7eviren: Deniz Sald\u0131ran<\/p>\n<p>&nbsp;<\/p>\n<p><strong>Geleneklere Veda ya da Z\u00fcppenin Anane ile Kavgas\u0131 <\/strong><\/p>\n<p>Umut Tuna Do\u011faner<\/p>\n<p>&nbsp;<\/p>\n<p><strong>Varolu\u015f\u00e7uluk Bir Posth\u00fcmanizm midir? <\/strong><\/p>\n<p>Patr\u00edcia Vieira<\/p>\n<p>\u00c7eviren: Rafet Koca<\/p>\n<p>&nbsp;<\/p>\n<p><strong>Jean Paul Sartre\u2019\u0131n Mezars\u0131z \u00d6l\u00fcler\u2019i <\/strong><\/p>\n<p>Abdurrahim Tun\u00e7<\/p>\n<p>&nbsp;<\/p>\n<p><strong>\u0130nsan Oldu\u011fumuzu Hat\u0131rlatan ve Yarat\u0131c\u0131l\u0131\u011fa Esin Kayna\u011f\u0131 Olan \u00c7eli\u015fkilerimiz <\/strong><\/p>\n<p>David Berliner<\/p>\n<p>\u00c7eviren: Bur\u00e7in \u0130\u00e7dem<\/p>\n<p>&nbsp;<\/p>\n<p><strong>Alfred Nobel\u2019den Sartre\u2019a, Camus\u2019den Orhan Pamuk\u2019a \u00d6d\u00fcl K\u00fclt\u00fcr\u00fc <\/strong><\/p>\n<p>Bar\u0131\u015f Ceylan<\/p>\n<p>&nbsp;<\/p>\n<p><strong>Sartre\u2019\u0131n Varl\u0131k ve Hi\u00e7lik\u2019i Varolu\u015f\u00e7ulu\u011fun Kutsal Kitab\u0131 m\u0131? <\/strong><\/p>\n<p>Christine Daigle \u00c7eviren:<\/p>\n<p>H\u00fcseyin S\u0131\u011f\u0131rc\u0131<\/p>\n<p>&nbsp;<\/p>\n<p><strong>Karanl\u0131kta B\u0131rak\u0131lm\u0131\u015f Bir K\u00fclt\u00fcr Varl\u0131\u011f\u0131n\u0131n Otobiyografisi: S\u00f6zc\u00fckler<\/strong><\/p>\n<p>Evrim Nacar<\/p>\n<p>&nbsp;<\/p>\n<p><strong>Sartre\u2019\u0131 Neden \u00d6ld\u00fcrmeliyiz?<\/strong><\/p>\n<p>Hamza Celalettin Okumu\u015f<\/p>\n<p>&nbsp;<\/p>\n<p><strong>\u201cTanr\u0131\u2019y\u0131 \u0130lk \u0130nsanlar\u0131n Hayal G\u00fcc\u00fc \u00d6l\u00fcme Kar\u015f\u0131 Bir Silah Olarak \u0130cat Etti\u201d<\/strong><\/p>\n<p>Hans Abendroth<\/p>\n<p>\u00c7eviren: Bur\u00e7in \u0130\u00e7dem<\/p>\n<p>&nbsp;<\/p>\n<p><strong>Veblen ve Freud<\/strong><\/p>\n<p>Erdem Se\u00e7ilmi\u015f<\/p>\n<p>&nbsp;<\/p>\n<p><strong>Felsef\u00ee Polisiye ya da Polisiyenin Felsefesi<\/strong><\/p>\n<p>Arda K\u0131p\u00e7ak<\/p>\n<p>&nbsp;<\/p>\n<p><strong>Truman Show &#8211; Bilin\u00e7 ve Descartes<\/strong><\/p>\n<p>\u00c7eviren: G\u00f6khan \u00c7uhac\u0131<\/p>\n<p>&nbsp;<\/p>\n<p><strong>Karikat\u00fcr: Sartre ve Merleau-Ponty<\/strong><\/p>\n<p><strong>\u00a0<\/strong><\/p>\n<p><strong>Bulmaca<\/strong><\/p>\n<p>&nbsp;<\/p>\n<p><strong>D\u00fc\u015f\u00fcnYaz K\u00f6\u015fesi<\/strong><\/p>\n<p><strong>\u00a0<\/strong><\/p>\n<p><strong>Tramvay \u0130kilemi<\/strong><\/p>\n<p><strong>\u00a0<\/strong><\/p>\n<p><strong>Duyuru ve Haberler<\/strong><\/p>\n<p>&nbsp;<\/p>\n<\/div>\n<\/div>\n","protected":false},"excerpt":{"rendered":"<p>&nbsp; \u0130\u00c7\u0130NDEK\u0130LER \u00a0 Sartre\u2019\u0131n Varolu\u015f\u00e7ulu\u011fu ve H\u00fcmanizm \u0130li\u015fkisi ile Bireysel \u00d6zg\u00fcrl\u00fck ve \u00d6zg\u00fcrl\u00fck Ahlak\u0131 Meselesi Gerald Jones \u00c7eviren: Bur\u00e7in \u0130\u00e7dem &nbsp; Jean-Paul Sartre \u00d6zelinde Varolu\u015f\u00e7u \u00d6zg\u00fcrl\u00fck Yorumu Ertuna Kara &nbsp;<\/p>\n","protected":false},"featured_media":169,"comment_status":"open","ping_status":"closed","template":"","meta":[],"product_cat":[21],"product_tag":[24,45,25,46],"class_list":{"0":"post-140","1":"product","2":"type-product","3":"status-publish","4":"has-post-thumbnail","6":"product_cat-magazine","7":"product_tag-dusunbil","8":"product_tag-edebiyat","9":"product_tag-felsefe","10":"product_tag-sartre","12":"first","13":"outofstock","14":"shipping-taxable","15":"purchasable","16":"product-type-simple"},"_links":{"self":[{"href":"https:\/\/www.vintape.org\/index.php?rest_route=\/wp\/v2\/product\/140","targetHints":{"allow":["GET"]}}],"collection":[{"href":"https:\/\/www.vintape.org\/index.php?rest_route=\/wp\/v2\/product"}],"about":[{"href":"https:\/\/www.vintape.org\/index.php?rest_route=\/wp\/v2\/types\/product"}],"replies":[{"embeddable":true,"href":"https:\/\/www.vintape.org\/index.php?rest_route=%2Fwp%2Fv2%2Fcomments&post=140"}],"version-history":[{"count":0,"href":"https:\/\/www.vintape.org\/index.php?rest_route=\/wp\/v2\/product\/140\/revisions"}],"wp:featuredmedia":[{"embeddable":true,"href":"https:\/\/www.vintape.org\/index.php?rest_route=\/wp\/v2\/media\/169"}],"wp:attachment":[{"href":"https:\/\/www.vintape.org\/index.php?rest_route=%2Fwp%2Fv2%2Fmedia&parent=140"}],"wp:term":[{"taxonomy":"product_cat","embeddable":true,"href":"https:\/\/www.vintape.org\/index.php?rest_route=%2Fwp%2Fv2%2Fproduct_cat&post=140"},{"taxonomy":"product_tag","embeddable":true,"href":"https:\/\/www.vintape.org\/index.php?rest_route=%2Fwp%2Fv2%2Fproduct_tag&post=140"}],"curies":[{"name":"wp","href":"https:\/\/api.w.org\/{rel}","templated":true}]}}