{"id":139,"date":"2019-10-04T01:05:44","date_gmt":"2019-10-04T00:05:44","guid":{"rendered":"https:\/\/www.vintape.org\/urun\/import-placeholder-for-3613\/"},"modified":"2025-12-02T21:52:52","modified_gmt":"2025-12-02T20:52:52","slug":"dusunbil-sayi-58","status":"publish","type":"product","link":"https:\/\/www.vintape.org\/?product=dusunbil-sayi-58","title":{"rendered":"D\u00fc\u015f\u00fcnbil Say\u0131 58"},"content":{"rendered":"<div class=\"_2cuy _3dgx\">\n<div class=\"_1mf _1mj\">\n<p><strong>\u0130\u00c7\u0130NDEK\u0130LER<\/strong><\/p>\n<p><strong>\u00a0<\/strong><strong>Bertrand Russell (1872-1970)<\/strong><\/p>\n<p>Alistair MacFarlane<\/p>\n<p>\u00c7eviren: Bur\u00e7in \u0130\u00e7dem<\/p>\n<p><strong>\u00a0<\/strong><\/p>\n<p><strong>Bertrand Russell Agnostisizmi- Tanr\u0131s\u0131z Felsefe M\u00fcmk\u00fcn m\u00fcd\u00fcr?<\/strong><\/p>\n<p>Hamza Celalettin Okumu\u015f<\/p>\n<p><strong>\u00a0<\/strong><\/p>\n<p><strong>Bertrand Russell: Felsefenin G\u00fcndelik De\u011feri<\/strong><\/p>\n<p>Yazar: Clare Carlisle<\/p>\n<p>\u00c7eviren: \u015eeyma G\u00fcl<\/p>\n<p><strong>\u00a0<\/strong><\/p>\n<p><strong>Aristoteles ve Russell ile Umutsuzluk \u00c7\u0131kmaz\u0131ndan Mutluluk Dehlizine<\/strong><\/p>\n<p>Umut Tuna Do\u011faner<\/p>\n<p><strong>\u00a0<\/strong><\/p>\n<p><strong>T\u00fcm \u0130nsan Davran\u0131\u015f\u0131n\u0131 \u00c7al\u0131\u015ft\u0131ran D\u00f6rt D\u00fcrt\u00fc: Bertrand Russell\u2019\u0131n Muhte\u015fem Nobel \u00d6d\u00fcl\u00fc Kabul Konu\u015fmas\u0131<\/strong><\/p>\n<p>Yazar: Maria Popova<\/p>\n<p>\u00c7eviren: G\u00f6zlem K\u00fc\u00e7\u00fck<\/p>\n<p><strong>\u00a0<\/strong><\/p>\n<p><strong>Ezoterik Sessizli\u011fin \u00c7\u0131kmaz\u0131nda Aylakl\u0131k<\/strong><\/p>\n<p>Evrim Nacar<\/p>\n<p><strong>\u00a0<\/strong><\/p>\n<p><strong>Russell-Einstein<\/strong><\/p>\n<p><strong>Manifestosu<\/strong><\/p>\n<p><strong>\u00a0<\/strong><\/p>\n<p><strong>Alice, Wittgenstein ve Russell \u00c7\u0131lg\u0131n \u015eapkac\u0131\u2019n\u0131n \u00c7ay Partisinde Bulu\u015ftu\u011funda<\/strong><\/p>\n<p>Yazar: Eric Gerlach<\/p>\n<p>\u00c7eviren: An\u0131l \u00d6zden<\/p>\n<p><strong>\u00a0<\/strong><\/p>\n<p><strong>137\u2019nin Ba\u015fkald\u0131r\u0131s\u0131 ve Y\u00f6n\u00fcn\u00fc Kaybeden \u0130nsan<\/strong><\/p>\n<p>Bar\u0131\u015f Ceylan<\/p>\n<p><strong>\u00a0<\/strong><\/p>\n<p><strong>Bertrand Russell ve \u2018Herkes \u0130\u00e7in Felsefe\u2019 Konusu<\/strong><\/p>\n<p>\u00c7eviren: Meltem \u00c7etin Sever<\/p>\n<p><strong>\u00a0<\/strong><\/p>\n<p><strong>Bertrand Russell: \u00c7al\u0131\u015fmak Abart\u0131lm\u0131\u015f Bir Erdemdir<\/strong><\/p>\n<p>Paul Western<\/p>\n<p>\u00c7eviren: \u015eebnem Ertan<\/p>\n<p><strong>\u00a0<\/strong><\/p>\n<p><strong>A\u015fk\u0131nl\u0131k Olmadan Ya\u015famak \u00dczerine: Camus\u2019ye H\u00fcrmet<\/strong><\/p>\n<p>Van Harvey<\/p>\n<p>\u00c7eviren :H\u00fcseyin S\u0131\u011f\u0131rc\u0131<\/p>\n<p><strong>\u00a0<\/strong><\/p>\n<p><strong>Bauman ve B\u00fct\u00fcnl\u00fc\u011f\u00fcn Kabul\u00fc: Bir Prova Olarak \u00d6l\u00fcm<\/strong><\/p>\n<p>Murat Keser<\/p>\n<p><strong>\u00a0<\/strong><\/p>\n<p><strong>Westworld ve Hayat\u0131n Anlam\u0131: Dizinin Felsefesini Ele Almak<\/strong><\/p>\n<p>Jake Orthwein<\/p>\n<p>\u00c7eviren: Rafet Koca<\/p>\n<p><strong>\u00a0<\/strong><\/p>\n<p><strong>Do\u011fu Felsefesinde Bir Sapma: J. D. Salinger<\/strong><\/p>\n<p>F\u0131rat Bircan<\/p>\n<p><strong>\u00a0<\/strong><\/p>\n<p><strong>Zulm\u00fcn \u00c7o\u011fu \u2018K\u00f6t\u00fc\u2019 \u0130nsanlar Taraf\u0131ndan De\u011fil \u2018Normal\u2019 \u0130nsanlar Taraf\u0131ndan Yap\u0131l\u0131yor<\/strong><\/p>\n<p>Zachary Biondi<\/p>\n<p>\u00c7eviren: Melisa Ya\u011fmur Sayd\u0131<\/p>\n<p><strong>\u00a0<\/strong><\/p>\n<p><strong>Haber ve Duyurular<\/strong><\/p>\n<p>&nbsp;<\/p>\n<p>&nbsp;<\/p>\n<\/div>\n<\/div>\n","protected":false},"excerpt":{"rendered":"<p>\u0130\u00c7\u0130NDEK\u0130LER \u00a0Bertrand Russell (1872-1970) Alistair MacFarlane \u00c7eviren: Bur\u00e7in \u0130\u00e7dem \u00a0 Bertrand Russell Agnostisizmi- Tanr\u0131s\u0131z Felsefe M\u00fcmk\u00fcn m\u00fcd\u00fcr? Hamza Celalettin Okumu\u015f \u00a0 Bertrand Russell: Felsefenin G\u00fcndelik De\u011feri Yazar: Clare Carlisle \u00c7eviren:<\/p>\n","protected":false},"featured_media":168,"comment_status":"open","ping_status":"closed","template":"","meta":[],"product_cat":[21],"product_tag":[43,24,25,44,42],"class_list":{"0":"post-139","1":"product","2":"type-product","3":"status-publish","4":"has-post-thumbnail","6":"product_cat-magazine","7":"product_tag-bertrand-russell","8":"product_tag-dusunbil","9":"product_tag-felsefe","10":"product_tag-matematik","11":"product_tag-sisifos","13":"first","14":"instock","15":"shipping-taxable","16":"purchasable","17":"product-type-simple"},"_links":{"self":[{"href":"https:\/\/www.vintape.org\/index.php?rest_route=\/wp\/v2\/product\/139","targetHints":{"allow":["GET"]}}],"collection":[{"href":"https:\/\/www.vintape.org\/index.php?rest_route=\/wp\/v2\/product"}],"about":[{"href":"https:\/\/www.vintape.org\/index.php?rest_route=\/wp\/v2\/types\/product"}],"replies":[{"embeddable":true,"href":"https:\/\/www.vintape.org\/index.php?rest_route=%2Fwp%2Fv2%2Fcomments&post=139"}],"version-history":[{"count":1,"href":"https:\/\/www.vintape.org\/index.php?rest_route=\/wp\/v2\/product\/139\/revisions"}],"predecessor-version":[{"id":1286,"href":"https:\/\/www.vintape.org\/index.php?rest_route=\/wp\/v2\/product\/139\/revisions\/1286"}],"wp:featuredmedia":[{"embeddable":true,"href":"https:\/\/www.vintape.org\/index.php?rest_route=\/wp\/v2\/media\/168"}],"wp:attachment":[{"href":"https:\/\/www.vintape.org\/index.php?rest_route=%2Fwp%2Fv2%2Fmedia&parent=139"}],"wp:term":[{"taxonomy":"product_cat","embeddable":true,"href":"https:\/\/www.vintape.org\/index.php?rest_route=%2Fwp%2Fv2%2Fproduct_cat&post=139"},{"taxonomy":"product_tag","embeddable":true,"href":"https:\/\/www.vintape.org\/index.php?rest_route=%2Fwp%2Fv2%2Fproduct_tag&post=139"}],"curies":[{"name":"wp","href":"https:\/\/api.w.org\/{rel}","templated":true}]}}