{"id":138,"date":"2019-10-04T01:05:43","date_gmt":"2019-10-03T22:05:43","guid":{"rendered":"https:\/\/www.vintape.org\/urun\/import-placeholder-for-2991\/"},"modified":"2019-10-04T01:05:52","modified_gmt":"2019-10-03T22:05:52","slug":"dusunbil-sayi-57","status":"publish","type":"product","link":"https:\/\/www.vintape.org\/?product=dusunbil-sayi-57","title":{"rendered":"D\u00fc\u015f\u00fcnbil Say\u0131 57"},"content":{"rendered":"<div class=\"_2cuy _3dgx\">\n<div class=\"_1mf _1mj\">\n<p><strong>\u0130\u00c7\u0130NDEK\u0130LER<\/strong><\/p>\n<p><strong>Camus: Evet ve Hay\u0131r Aras\u0131nda<\/strong><\/p>\n<p>Ray Boisvert<\/p>\n<p>\u00c7eviren: Bur\u00e7in \u0130\u00e7dem<\/p>\n<p>&nbsp;<\/p>\n<p><strong>Camus Her Daim \u2018Yabanc\u0131\u2019 Kalacakt\u0131r<\/strong><\/p>\n<p>Kim Willsher<\/p>\n<p>\u00c7eviren: Burak Avc\u0131<\/p>\n<p>&nbsp;<\/p>\n<p><strong>Camus\u2019de \u0130\u00e7kinsellik: Varolu\u015fsal Bir Tepki Olarak Kayg\u0131<\/strong><\/p>\n<p>Murat Keser<\/p>\n<p><strong>\u00a0<\/strong><\/p>\n<p><strong>Ya\u015famay\u0131 Se\u00e7menin Abs\u00fcrt Cesareti<\/strong><\/p>\n<p>Jennifer Michael Hecht<\/p>\n<p>\u00c7eviren: Zeynep \u015eenel Gencer<\/p>\n<p>&nbsp;<\/p>\n<ol start=\"20\">\n<li><strong> Y\u00fczy\u0131l ve Diyalektik \u00c7\u0131kmaz: Albert Camus\u2019de Uyumsuz Duygusu ve \u0130ntihar<\/strong><\/li>\n<\/ol>\n<p>Hamza Celalettin Okumu\u015f<\/p>\n<p>&nbsp;<\/p>\n<p><strong>\u0130ntihar ve Sa\u00e7madan, Cinayet ve Ba\u015fkald\u0131r\u0131ya: Albert Camus\u2019de \u0130nsan\u0131n Sefaleti<\/strong><\/p>\n<p>Bar\u0131\u015f Ceylan<\/p>\n<p><strong>\u00a0<\/strong><\/p>\n<p><strong>Camus\u2019n\u00fcn Bilin\u00e7d\u0131\u015f\u0131<\/strong><\/p>\n<p>Mutluhan \u0130zm\u0130r<\/p>\n<p><strong>\u00a0<\/strong><\/p>\n<p><strong>Kendine ve \u00d6tekine Yabanc\u0131 Ba\u015fka Bir Albert Camus<\/strong><\/p>\n<p>Halit Payza<\/p>\n<p>&nbsp;<\/p>\n<p><strong>Camus Neden Varolu\u015f\u00e7u De\u011fildi?<\/strong><\/p>\n<p>Grege Stone<\/p>\n<p>\u00c7eviren: Ozan Eray G\u00f6k\u00e7in<\/p>\n<p>&nbsp;<\/p>\n<p><strong>Ba\u015fkald\u0131r\u0131: Varl\u0131\u011fa Y\u00f6nelen Sesleni\u015f<\/strong><\/p>\n<p>Umut Tuna Do\u011faner<\/p>\n<p><strong>\u00a0<\/strong><\/p>\n<p><strong>Camus\u2019de \u0130nsanl\u0131k Durumu<\/strong><\/p>\n<p>Hakan Usta<\/p>\n<p>&nbsp;<\/p>\n<p><strong>Sadelik Gerekli Bir Erdem midir? <\/strong><\/p>\n<p>Emrys Westacott<\/p>\n<p>\u00c7eviren: Tual \u015eekercigil<\/p>\n<p>&nbsp;<\/p>\n<p><strong>Varolman\u0131n Dayan\u0131lmaz \u015ea\u015fk\u0131nl\u0131\u011f\u0131! <\/strong><\/p>\n<p>Arzu Eylem<\/p>\n<p>&nbsp;<\/p>\n<p><strong>Kant\u2019\u0131n Bir \u00d6\u011frencisine Yazd\u0131\u011f\u0131 Mektu\u00adbunda Kalp K\u0131r\u0131kl\u0131\u011f\u0131 \u00dczerine&#8230; <\/strong><\/p>\n<p>Vinayak Kumar<\/p>\n<p>\u00c7eviren: \u00d6zge Mete<\/p>\n<p>&nbsp;<\/p>\n<p><strong>Senem Kurtar\u2019la S\u00f6yle\u015fi: Sartre ve Yazar\u0131n Elleri Neden Kirli? <\/strong><\/p>\n<p>S\u00f6yle\u015fi: Arzu Eylem<\/p>\n<p>&nbsp;<\/p>\n<p><strong>Beckett Tiyatrosunda \u201cHakikat\u201d ve Teatrale Giri\u015f <\/strong><\/p>\n<p>Elif Ayd\u0131nalp<\/p>\n<p>&nbsp;<\/p>\n<p><strong>Herakleitos\u2019a G\u00f6re \u201cG\u00f6rmeyi Bilmek\u201d <\/strong><\/p>\n<p>Meral I\u015f\u0131ldak<\/p>\n<p>&nbsp;<\/p>\n<p><strong>Stoac\u0131lar G\u00fcn\u00fcm\u00fcz Problemleriyle Nas\u0131l Ba\u015fa \u00c7\u0131karlard\u0131? <\/strong><\/p>\n<p>Ryan Holiday<\/p>\n<p>\u00c7eviren: \u015eebnem Ertan<\/p>\n<\/div>\n<\/div>\n","protected":false},"excerpt":{"rendered":"<p>\u0130\u00c7\u0130NDEK\u0130LER Camus: Evet ve Hay\u0131r Aras\u0131nda Ray Boisvert \u00c7eviren: Bur\u00e7in \u0130\u00e7dem &nbsp; Camus Her Daim \u2018Yabanc\u0131\u2019 Kalacakt\u0131r Kim Willsher \u00c7eviren: Burak Avc\u0131 &nbsp; Camus\u2019de \u0130\u00e7kinsellik: Varolu\u015fsal Bir Tepki Olarak Kayg\u0131<\/p>\n","protected":false},"featured_media":167,"comment_status":"open","ping_status":"closed","template":"","meta":[],"product_cat":[21],"product_tag":[41,23,24,25,42],"class_list":{"0":"post-138","1":"product","2":"type-product","3":"status-publish","4":"has-post-thumbnail","6":"product_cat-magazine","7":"product_tag-camus","8":"product_tag-dergi","9":"product_tag-dusunbil","10":"product_tag-felsefe","11":"product_tag-sisifos","13":"first","14":"outofstock","15":"shipping-taxable","16":"purchasable","17":"product-type-simple"},"_links":{"self":[{"href":"https:\/\/www.vintape.org\/index.php?rest_route=\/wp\/v2\/product\/138","targetHints":{"allow":["GET"]}}],"collection":[{"href":"https:\/\/www.vintape.org\/index.php?rest_route=\/wp\/v2\/product"}],"about":[{"href":"https:\/\/www.vintape.org\/index.php?rest_route=\/wp\/v2\/types\/product"}],"replies":[{"embeddable":true,"href":"https:\/\/www.vintape.org\/index.php?rest_route=%2Fwp%2Fv2%2Fcomments&post=138"}],"version-history":[{"count":0,"href":"https:\/\/www.vintape.org\/index.php?rest_route=\/wp\/v2\/product\/138\/revisions"}],"wp:featuredmedia":[{"embeddable":true,"href":"https:\/\/www.vintape.org\/index.php?rest_route=\/wp\/v2\/media\/167"}],"wp:attachment":[{"href":"https:\/\/www.vintape.org\/index.php?rest_route=%2Fwp%2Fv2%2Fmedia&parent=138"}],"wp:term":[{"taxonomy":"product_cat","embeddable":true,"href":"https:\/\/www.vintape.org\/index.php?rest_route=%2Fwp%2Fv2%2Fproduct_cat&post=138"},{"taxonomy":"product_tag","embeddable":true,"href":"https:\/\/www.vintape.org\/index.php?rest_route=%2Fwp%2Fv2%2Fproduct_tag&post=138"}],"curies":[{"name":"wp","href":"https:\/\/api.w.org\/{rel}","templated":true}]}}