{"id":136,"date":"2019-10-04T01:05:43","date_gmt":"2019-10-03T22:05:43","guid":{"rendered":"https:\/\/www.vintape.org\/urun\/import-placeholder-for-2525\/"},"modified":"2019-10-04T01:05:51","modified_gmt":"2019-10-03T22:05:51","slug":"dusunbil-sayi-56","status":"publish","type":"product","link":"https:\/\/www.vintape.org\/?product=dusunbil-sayi-56","title":{"rendered":"D\u00fc\u015f\u00fcnbil Say\u0131 56"},"content":{"rendered":"<p><span style=\"color: #000000\">Hegel\u2019in Tanr\u0131s\u0131 ve A\u015fk\u0131nl\u0131k<\/span><br \/>\n<span style=\"color: #000000\">Robert M. Wallace<\/span><br \/>\n<span style=\"color: #000000\">\u00c7eviren: Zeynep \u015eenel Gencer<\/span><\/p>\n<p><span style=\"color: #000000\">Hegel, \u0130lluminati ve \u0130ste\u011fin Ben\u2019i<\/span><br \/>\n<span style=\"color: #000000\">Mutluhan \u0130zmir<\/span><\/p>\n<p><span style=\"color: #000000\">CatherIne Malabou\u2019nun \u2018Hegel\u2019in Gelece\u011fi\u2019 Kitab\u0131<\/span><br \/>\n<span style=\"color: #000000\">Peter Benson<\/span><br \/>\n<span style=\"color: #000000\">\u00c7eviren: \u015eebnem Ertan<\/span><\/p>\n<p><span style=\"color: #000000\">Hegel\u2019in Diyalektik Mant\u0131k\u2019\u0131 ve Felsefesinin Ele\u015ftirisi<\/span><br \/>\n<span style=\"color: #000000\">Halit Payza<\/span><\/p>\n<p><span style=\"color: #000000\">Hegel\u2019in Felsefe Kavram\u0131 \u00dczerine K\u0131sa Bir Deneme<\/span><br \/>\n<span style=\"color: #000000\">Do\u011fan G\u00f6\u00e7men<\/span><\/p>\n<p><span style=\"color: #000000\">Tarih ve \u00d6zg\u00fcrl\u00fck: Hegelci Yan\u0131lsama<\/span><br \/>\n<span style=\"color: #000000\">Nejla Do\u011fan<\/span><\/p>\n<p><span style=\"color: #000000\">Tin\u2019in Trajedisi<\/span><br \/>\n<span style=\"color: #000000\">Osman Baran Kaplan<\/span><\/p>\n<p><span style=\"color: #000000\">Mustafa \u015eekip\u2019in Hegel\u2019in Sanat Teorisi \u00dczerine G\u00f6r\u00fc\u015fleri: Hegel\u2019in Sanat Nazariyesi<\/span><br \/>\n<span style=\"color: #000000\">B\u00fcnyamin Tan<\/span><\/p>\n<p><span style=\"color: #000000\">\u0130lkel Kabilelerde Cinsel Hayat ve Aile\u2019nin Do\u011fu\u015fu<\/span><br \/>\n<span style=\"color: #000000\">S\u00fcleyman Delil Karakurt<\/span><\/p>\n<p><span style=\"color: #000000\">Psikolojinin Fenomenolojik Ele\u015ftirisi: Edmund Husserl <\/span><br \/>\n<span style=\"color: #000000\">H\u00fcseyin Deniz \u00d6zcan<\/span><\/p>\n<p><span style=\"color: #000000\">Barbarl\u0131\u011f\u0131n Seri \u00dcretimi <\/span><br \/>\n<span style=\"color: #000000\">Bahattin K\u0131z\u0131ldo\u011fan<\/span><\/p>\n<p><span style=\"color: #000000\">Matemati\u011fin B\u00fcy\u00fcl\u00fc Denizine Keyifle Dalabilmek Felsefe Solunga\u00e7lar\u0131 ile M\u00fcmk\u00fcn m\u00fcd\u00fcr? <\/span><br \/>\n<span style=\"color: #000000\">Deniz \u00dcnal<\/span><\/p>\n<p><span style=\"color: #000000\">Haber ve Duyurular<\/span><\/p>\n","protected":false},"excerpt":{"rendered":"<p>Hegel\u2019in Tanr\u0131s\u0131 ve A\u015fk\u0131nl\u0131k Robert M. Wallace \u00c7eviren: Zeynep \u015eenel Gencer Hegel, \u0130lluminati ve \u0130ste\u011fin Ben\u2019i Mutluhan \u0130zmir CatherIne Malabou\u2019nun \u2018Hegel\u2019in Gelece\u011fi\u2019 Kitab\u0131 Peter Benson \u00c7eviren: \u015eebnem Ertan Hegel\u2019in Diyalektik<\/p>\n","protected":false},"featured_media":166,"comment_status":"open","ping_status":"closed","template":"","meta":[],"product_cat":[21],"product_tag":[23,35,24,25,36,37],"class_list":{"0":"post-136","1":"product","2":"type-product","3":"status-publish","4":"has-post-thumbnail","6":"product_cat-magazine","7":"product_tag-dergi","8":"product_tag-diyalektik","9":"product_tag-dusunbil","10":"product_tag-felsefe","11":"product_tag-hegel","12":"product_tag-marx","14":"first","15":"outofstock","16":"shipping-taxable","17":"purchasable","18":"product-type-simple"},"_links":{"self":[{"href":"https:\/\/www.vintape.org\/index.php?rest_route=\/wp\/v2\/product\/136","targetHints":{"allow":["GET"]}}],"collection":[{"href":"https:\/\/www.vintape.org\/index.php?rest_route=\/wp\/v2\/product"}],"about":[{"href":"https:\/\/www.vintape.org\/index.php?rest_route=\/wp\/v2\/types\/product"}],"replies":[{"embeddable":true,"href":"https:\/\/www.vintape.org\/index.php?rest_route=%2Fwp%2Fv2%2Fcomments&post=136"}],"version-history":[{"count":0,"href":"https:\/\/www.vintape.org\/index.php?rest_route=\/wp\/v2\/product\/136\/revisions"}],"wp:featuredmedia":[{"embeddable":true,"href":"https:\/\/www.vintape.org\/index.php?rest_route=\/wp\/v2\/media\/166"}],"wp:attachment":[{"href":"https:\/\/www.vintape.org\/index.php?rest_route=%2Fwp%2Fv2%2Fmedia&parent=136"}],"wp:term":[{"taxonomy":"product_cat","embeddable":true,"href":"https:\/\/www.vintape.org\/index.php?rest_route=%2Fwp%2Fv2%2Fproduct_cat&post=136"},{"taxonomy":"product_tag","embeddable":true,"href":"https:\/\/www.vintape.org\/index.php?rest_route=%2Fwp%2Fv2%2Fproduct_tag&post=136"}],"curies":[{"name":"wp","href":"https:\/\/api.w.org\/{rel}","templated":true}]}}