{"id":135,"date":"2019-10-04T01:05:43","date_gmt":"2019-10-03T22:05:43","guid":{"rendered":"https:\/\/www.vintape.org\/urun\/import-placeholder-for-1889\/"},"modified":"2019-10-04T01:05:51","modified_gmt":"2019-10-03T22:05:51","slug":"dusunbil-sayi-55","status":"publish","type":"product","link":"https:\/\/www.vintape.org\/?product=dusunbil-sayi-55","title":{"rendered":"D\u00fc\u015f\u00fcnbil Say\u0131 55"},"content":{"rendered":"<p><span style=\"color: #000000\">Nietzsche ve Heidegger<\/span><br \/>\n<span style=\"color: #000000\">Yazan: Bill Cooke<\/span><br \/>\n<span style=\"color: #000000\">\u00c7eviren: Zeynep \u015eenel Gencer<\/span><\/p>\n<p><span style=\"color: #000000\">\u2018Varl\u0131\u011f\u0131n A\u00e7\u0131l\u0131m\u0131\u2019 Olarak Poetik Mimarl\u0131k<\/span><br \/>\n<span style=\"color: #000000\">Yazan: Pelin Nane<\/span><\/p>\n<p><span style=\"color: #000000\">Heidegger ve Siyaset Felsefesinde Aksilikler<\/span><br \/>\n<span style=\"color: #000000\">Yazan: Mahon O\u2019Brien<\/span><br \/>\n<span style=\"color: #000000\">\u00c7eviren: G\u00fcncel O\u011fulcan \u00dclgen<\/span><\/p>\n<p><span style=\"color: #000000\">Martin Heidegger, Nazizm ve Felsefe<\/span><br \/>\n<span style=\"color: #000000\">Yazan: Do\u011fan G\u00f6\u00e7men<\/span><\/p>\n<p><span style=\"color: #000000\">Zizek\u2019e G\u00f6re Sartre: Heidegger ve Lacan Aras\u0131ndaki Kaybolan Arac\u0131<\/span><br \/>\n<span style=\"color: #000000\">Yazan: Kent Palmer<\/span><br \/>\n<span style=\"color: #000000\">\u00c7eviren: \u00d6zlem Yavuz<\/span><\/p>\n<p><span style=\"color: #000000\">Jean-Luc Nancy \u0130le S\u00f6yle\u015fi<\/span><br \/>\n<span style=\"color: #000000\">Yazan: Elena Cu\u00e9<\/span><br \/>\n<span style=\"color: #000000\">\u00c7eviren: Bur\u00e7in Nilay Kal\u0131nbayrak<\/span><\/p>\n<p><span style=\"color: #000000\">Bedeninin Sana Ait Oldu\u011funu Nereden Biliyorsun?<\/span><br \/>\n<span style=\"color: #000000\">Yazan: Olivia Goldhill<\/span><br \/>\n<span style=\"color: #000000\">\u00c7eviren: Damla Tufan<\/span><\/p>\n<p><span style=\"color: #000000\">Bertrand Russell ve Mutluluk Av\u0131<\/span><br \/>\n<span style=\"color: #000000\">\u00c7eviren: B\u00fcnyamin Tan<\/span><\/p>\n<p><span style=\"color: #000000\">Enformasyon &#8211; Leibn\u0131z\u2019den Bug\u00fcne<\/span><br \/>\n<span style=\"color: #000000\">Yazan: Vahap Samanl\u0131<\/span><\/p>\n<p><span style=\"color: #000000\">Okuduklar\u0131m\u0131z ve Davran\u0131\u015flar\u0131m\u0131z<\/span><br \/>\n<span style=\"color: #000000\">Yazan: H. Senday \u00d6zdamar<\/span><\/p>\n<p><span style=\"color: #000000\">Yazg\u0131s\u0131n\u0131n \u0130lk Etkilerini G\u00f6rd\u00fc\u011f\u00fc Yer Olarak J. P. Sarte\u2019\u0131n \u00c7ocuklu\u011fu<\/span><br \/>\n<span style=\"color: #000000\">Yazan: Y\u0131ld\u0131z I\u015f\u0131k<\/span><\/p>\n<p><span style=\"color: #000000\">Kendi\u2019nde Olma Bilinci <\/span><br \/>\n<span style=\"color: #000000\">Yazan: Irmak \u00c7akmakl\u0131o\u011fullar\u0131<\/span><\/p>\n<p><span style=\"color: #000000\">Janus Toplumu <\/span><br \/>\n<span style=\"color: #000000\">Yazan: Josef K\u0131l\u00e7\u0131ks\u0131z<\/span><\/p>\n<p><span style=\"color: #000000\">Haber ve Duyurular<\/span><\/p>\n","protected":false},"excerpt":{"rendered":"<p>Nietzsche ve Heidegger Yazan: Bill Cooke \u00c7eviren: Zeynep \u015eenel Gencer \u2018Varl\u0131\u011f\u0131n A\u00e7\u0131l\u0131m\u0131\u2019 Olarak Poetik Mimarl\u0131k Yazan: Pelin Nane Heidegger ve Siyaset Felsefesinde Aksilikler Yazan: Mahon O\u2019Brien \u00c7eviren: G\u00fcncel O\u011fulcan \u00dclgen<\/p>\n","protected":false},"featured_media":165,"comment_status":"open","ping_status":"closed","template":"","meta":[],"product_cat":[21],"product_tag":[23,24,25,32,33,34],"class_list":{"0":"post-135","1":"product","2":"type-product","3":"status-publish","4":"has-post-thumbnail","6":"product_cat-magazine","7":"product_tag-dergi","8":"product_tag-dusunbil","9":"product_tag-felsefe","10":"product_tag-hitler","11":"product_tag-naziler","12":"product_tag-sheila-kunkle","14":"first","15":"outofstock","16":"shipping-taxable","17":"purchasable","18":"product-type-simple"},"_links":{"self":[{"href":"https:\/\/www.vintape.org\/index.php?rest_route=\/wp\/v2\/product\/135","targetHints":{"allow":["GET"]}}],"collection":[{"href":"https:\/\/www.vintape.org\/index.php?rest_route=\/wp\/v2\/product"}],"about":[{"href":"https:\/\/www.vintape.org\/index.php?rest_route=\/wp\/v2\/types\/product"}],"replies":[{"embeddable":true,"href":"https:\/\/www.vintape.org\/index.php?rest_route=%2Fwp%2Fv2%2Fcomments&post=135"}],"version-history":[{"count":0,"href":"https:\/\/www.vintape.org\/index.php?rest_route=\/wp\/v2\/product\/135\/revisions"}],"wp:featuredmedia":[{"embeddable":true,"href":"https:\/\/www.vintape.org\/index.php?rest_route=\/wp\/v2\/media\/165"}],"wp:attachment":[{"href":"https:\/\/www.vintape.org\/index.php?rest_route=%2Fwp%2Fv2%2Fmedia&parent=135"}],"wp:term":[{"taxonomy":"product_cat","embeddable":true,"href":"https:\/\/www.vintape.org\/index.php?rest_route=%2Fwp%2Fv2%2Fproduct_cat&post=135"},{"taxonomy":"product_tag","embeddable":true,"href":"https:\/\/www.vintape.org\/index.php?rest_route=%2Fwp%2Fv2%2Fproduct_tag&post=135"}],"curies":[{"name":"wp","href":"https:\/\/api.w.org\/{rel}","templated":true}]}}