{"id":133,"date":"2019-10-04T01:05:43","date_gmt":"2019-10-03T22:05:43","guid":{"rendered":"https:\/\/www.vintape.org\/urun\/import-placeholder-for-1439\/"},"modified":"2019-12-22T14:29:39","modified_gmt":"2019-12-22T11:29:39","slug":"dusunbil-sayi-53","status":"publish","type":"product","link":"https:\/\/www.vintape.org\/?product=dusunbil-sayi-53","title":{"rendered":"D\u00fc\u015f\u00fcnbil Say\u0131 53"},"content":{"rendered":"<p>Foucault ve Lacan: \u00dcstat Kimdir?<br \/>\nCecilia Sjoholm<br \/>\n\u00c7eviri: Ferhat Bay\u0131k<\/p>\n<p>Foucaultcu Queer Teorisine Lacanyen Bir Ele\u015ftiri<br \/>\nTim Dean<br \/>\n\u00c7eviri: Zeynep Nur Ayano\u011flu<\/p>\n<p>Foucault\u2019nun Kurgular\u0131<br \/>\nPaul Royall<br \/>\n\u00c7eviri: Zeynep \u015eenel Gencer<\/p>\n<p>Marx ve Foucault\u2019yu Birbirine Ba\u011flayan Entelekt\u00fcel Soya\u011fac\u0131<br \/>\nRazmig Keucheyan<br \/>\n\u00c7eviri: Meltem \u00c7etin Sever<\/p>\n<p>Foucault\u2019nun Metedoloji ve Sistemati\u011finin Temel Mant\u0131k ve Kavramlar\u0131<br \/>\nTufan Y\u0131lmaz<\/p>\n<p>\u201cBilginin Arkeolojisi\u201dne Giri\u015f<br \/>\nDr. Mustafa Suphi Erden<\/p>\n<p>Foucault, Do\u011fru ve Tanr\u0131\u2019n\u0131n \u00d6l\u00fcm\u00fc<br \/>\nDominika Partyga<br \/>\n\u00c7eviri: \u00d6zlem Yavuz<\/p>\n<p>Feminist Teori ve Michel Foucault<br \/>\nKaren Kachra<br \/>\n\u00c7eviri: Zeynep \u015eenel Gencer<\/p>\n<p>Epik\u00fcr\u2019\u00fcn Esenli\u011finden Foucault\u2019nun Ya\u015fam Sanat\u0131na Dair Esintileri<br \/>\n\u015e\u00fckr\u00fc Alkan<\/p>\n<p>Neden Felsefe Bir Zorunluluk Olmad\u0131k\u00e7a T\u00fcrkiye\u2019de \u201cMeslek\u201d Olarak Se\u00e7ilmez?<br \/>\nAbdullah \u015eevki<\/p>\n<p>Y\u00fccel Dursun: \u201cFelsefe de en az ba\u015fka bir bilim gibi bir sayg\u0131y\u0131 hak etmektedir\u201d<br \/>\nS\u00f6yle\u015fi: Olcay Y\u0131lmaz<\/p>\n<p>Bir Dehay\u0131 Yeniden Okumak: \u201cNietzsche Bir Nazi De\u011fildir\u201d<br \/>\nChristopher Bray<br \/>\n\u00c7eviri: Zeynep \u015eenel Gencer<\/p>\n<p>Haber ve Duyurular<\/p>\n<p>Bize Gelen Kitap ve Dergiler<\/p>\n","protected":false},"excerpt":{"rendered":"<p>Foucault ve Lacan: \u00dcstat Kimdir? Cecilia Sjoholm \u00c7eviri: Ferhat Bay\u0131k Foucaultcu Queer Teorisine Lacanyen Bir Ele\u015ftiri Tim Dean \u00c7eviri: Zeynep Nur Ayano\u011flu Foucault\u2019nun Kurgular\u0131 Paul Royall \u00c7eviri: Zeynep \u015eenel Gencer<\/p>\n","protected":false},"featured_media":163,"comment_status":"open","ping_status":"closed","template":"","meta":[],"product_cat":[21],"product_tag":[],"class_list":{"0":"post-133","1":"product","2":"type-product","3":"status-publish","4":"has-post-thumbnail","6":"product_cat-magazine","8":"first","9":"outofstock","10":"shipping-taxable","11":"purchasable","12":"product-type-simple"},"_links":{"self":[{"href":"https:\/\/www.vintape.org\/index.php?rest_route=\/wp\/v2\/product\/133","targetHints":{"allow":["GET"]}}],"collection":[{"href":"https:\/\/www.vintape.org\/index.php?rest_route=\/wp\/v2\/product"}],"about":[{"href":"https:\/\/www.vintape.org\/index.php?rest_route=\/wp\/v2\/types\/product"}],"replies":[{"embeddable":true,"href":"https:\/\/www.vintape.org\/index.php?rest_route=%2Fwp%2Fv2%2Fcomments&post=133"}],"version-history":[{"count":0,"href":"https:\/\/www.vintape.org\/index.php?rest_route=\/wp\/v2\/product\/133\/revisions"}],"wp:featuredmedia":[{"embeddable":true,"href":"https:\/\/www.vintape.org\/index.php?rest_route=\/wp\/v2\/media\/163"}],"wp:attachment":[{"href":"https:\/\/www.vintape.org\/index.php?rest_route=%2Fwp%2Fv2%2Fmedia&parent=133"}],"wp:term":[{"taxonomy":"product_cat","embeddable":true,"href":"https:\/\/www.vintape.org\/index.php?rest_route=%2Fwp%2Fv2%2Fproduct_cat&post=133"},{"taxonomy":"product_tag","embeddable":true,"href":"https:\/\/www.vintape.org\/index.php?rest_route=%2Fwp%2Fv2%2Fproduct_tag&post=133"}],"curies":[{"name":"wp","href":"https:\/\/api.w.org\/{rel}","templated":true}]}}