{"id":131,"date":"2019-10-04T01:05:43","date_gmt":"2019-10-03T22:05:43","guid":{"rendered":"https:\/\/www.vintape.org\/urun\/import-placeholder-for-997\/"},"modified":"2019-10-04T01:05:50","modified_gmt":"2019-10-03T22:05:50","slug":"dusunbil-sayi-52","status":"publish","type":"product","link":"https:\/\/www.vintape.org\/?product=dusunbil-sayi-52","title":{"rendered":"D\u00fc\u015f\u00fcnbil Say\u0131 52"},"content":{"rendered":"<p>Camus, \u017di\u017eek ve Baudrillard \u00dc\u00e7geninde Mitolojik Kahramanlarla 21. Y\u00fczy\u0131l \u0130nsan\u0131n\u0131 Tan\u0131ma \u00c7al\u0131\u015fmas\u0131 \u2013 Sevilcan Ba\u015fak \u00dcnal<\/p>\n<p>Homeros\u2019un B\u00fcy\u00fcl\u00fc Yaz\u0131n D\u00fcnyas\u0131 \u2013 Yard. Do\u00e7. Dr. Emine Sonal<\/p>\n<p>K\u00fclt\u00fcrleraras\u0131 Tiyatronun Ana Kayna\u011f\u0131 Olarak Mitoloji \u2013 Selen Korad Birkiye<\/p>\n<p>Mitler, Masallar, Semboller ve Sanat \u00a0\u2013 Esra Sa\u011fl\u0131k<\/p>\n<p>Mitojilerde \u201cYeniden Do\u011fum\u201d Simgecili\u011fi ve Mistisizm \u00dczerindeki Etkileri \u2013 Yard. Do\u00e7. Dr. Mehmet Kas\u0131m \u00d6zgen<\/p>\n<p>Mit ve Mekan: Antik Yunan Mitlerinin Mekansal \u0130zlerle \u0130li\u015fkileri \u00dczerine Bir D\u00fc\u015f\u00fcnme \u2013 H.\u0130brahim Alpaslan \u2013 Duygu K\u00f6se<\/p>\n<p>Yabanc\u0131la\u015fm\u0131\u015f Deniz Tanr\u0131s\u0131: Franz Kafka\u2019n\u0131n Poseidon\u2019u \u2013 Fatma Dore<\/p>\n<p>Nuh Tufan\u0131 ve D\u00fcnya Mitlerindeki Tufan Olaylar\u0131 \u2013 Olcay Ba\u011f\u0131r<\/p>\n<p>Etkisiz Ya\u015fam ve Felsefe \u2013 Can Murat Demir<\/p>\n<p>Din ve Ahlak (Prof. Dr. \u00d6rsan \u00d6ymen S\u00f6yle\u015fisi) \u2013 \u00c7a\u011fan \u00c7elik<\/p>\n<p>Kant ile \u0130dealist Bir Yolculuk \u2013 \u015e\u00fckr\u00fc Alkan<\/p>\n<p>H\u00fcmanist Marksizm ve Budizm \u2013 Abdullah \u015eevki<\/p>\n<p>\u00d6zg\u00fcr \u0130rade Bir Hal\u00fcsinasyondur \u2013 Ching-Hung Woo (\u00c7ev. Burak Helvac\u0131o\u011flu)<\/p>\n<p>Nietzsche Dali\u2019yi Nas\u0131l Etkiledi? \u2013 Magdalena Scholle (\u00c7ev. Zeynep \u015eenel Gencer)<\/p>\n","protected":false},"excerpt":{"rendered":"<p>Camus, \u017di\u017eek ve Baudrillard \u00dc\u00e7geninde Mitolojik Kahramanlarla 21. Y\u00fczy\u0131l \u0130nsan\u0131n\u0131 Tan\u0131ma \u00c7al\u0131\u015fmas\u0131 \u2013 Sevilcan Ba\u015fak \u00dcnal Homeros\u2019un B\u00fcy\u00fcl\u00fc Yaz\u0131n D\u00fcnyas\u0131 \u2013 Yard. Do\u00e7. Dr. Emine Sonal K\u00fclt\u00fcrleraras\u0131 Tiyatronun Ana Kayna\u011f\u0131<\/p>\n","protected":false},"featured_media":161,"comment_status":"open","ping_status":"closed","template":"","meta":[],"product_cat":[21],"product_tag":[],"class_list":{"0":"post-131","1":"product","2":"type-product","3":"status-publish","4":"has-post-thumbnail","6":"product_cat-magazine","8":"first","9":"outofstock","10":"shipping-taxable","11":"purchasable","12":"product-type-simple"},"_links":{"self":[{"href":"https:\/\/www.vintape.org\/index.php?rest_route=\/wp\/v2\/product\/131","targetHints":{"allow":["GET"]}}],"collection":[{"href":"https:\/\/www.vintape.org\/index.php?rest_route=\/wp\/v2\/product"}],"about":[{"href":"https:\/\/www.vintape.org\/index.php?rest_route=\/wp\/v2\/types\/product"}],"replies":[{"embeddable":true,"href":"https:\/\/www.vintape.org\/index.php?rest_route=%2Fwp%2Fv2%2Fcomments&post=131"}],"version-history":[{"count":0,"href":"https:\/\/www.vintape.org\/index.php?rest_route=\/wp\/v2\/product\/131\/revisions"}],"wp:featuredmedia":[{"embeddable":true,"href":"https:\/\/www.vintape.org\/index.php?rest_route=\/wp\/v2\/media\/161"}],"wp:attachment":[{"href":"https:\/\/www.vintape.org\/index.php?rest_route=%2Fwp%2Fv2%2Fmedia&parent=131"}],"wp:term":[{"taxonomy":"product_cat","embeddable":true,"href":"https:\/\/www.vintape.org\/index.php?rest_route=%2Fwp%2Fv2%2Fproduct_cat&post=131"},{"taxonomy":"product_tag","embeddable":true,"href":"https:\/\/www.vintape.org\/index.php?rest_route=%2Fwp%2Fv2%2Fproduct_tag&post=131"}],"curies":[{"name":"wp","href":"https:\/\/api.w.org\/{rel}","templated":true}]}}