{"id":130,"date":"2019-10-04T01:05:43","date_gmt":"2019-10-03T22:05:43","guid":{"rendered":"https:\/\/www.vintape.org\/urun\/import-placeholder-for-586\/"},"modified":"2019-10-04T01:05:49","modified_gmt":"2019-10-03T22:05:49","slug":"dusunbil-sayi-51","status":"publish","type":"product","link":"https:\/\/www.vintape.org\/?product=dusunbil-sayi-51","title":{"rendered":"D\u00fc\u015f\u00fcnbil Say\u0131 51"},"content":{"rendered":"<p><span style=\"color: #000000\">Totalitarizm Kehaneti: Arendt Bize Ne S\u00f6yl\u00fcyor?<\/span><br \/>\n<span style=\"color: #000000\">\u00d6zer Bar\u0131\u015f Tun\u00e7el<\/span><\/p>\n<p><span style=\"color: #000000\">Arendt ve \u015eiddet<\/span><br \/>\n<span style=\"color: #000000\">Bar\u0131\u015f \u00c7elik<\/span><\/p>\n<p><span style=\"color: #000000\">\u2018Eichmann in Jerusalem\u2019i Yanl\u0131\u015f Okumak<\/span><br \/>\n<span style=\"color: #000000\">Roger Berkowitz<\/span><br \/>\n<span style=\"color: #000000\">\u00c7eviren: An\u0131l \u00d6zden<\/span><\/p>\n<p><span style=\"color: #000000\">Hannah Arendt\u2019in Davas\u0131<\/span><br \/>\n<span style=\"color: #000000\">Kathleen B. Jones<\/span><br \/>\n<span style=\"color: #000000\">\u00c7eviren: Meltem \u00c7etin Sever<\/span><\/p>\n<p><span style=\"color: #000000\">Vita Activa ve Modern \u00c7a\u011f\u0131 Okumak: Hannah Arendt<\/span><br \/>\n<span style=\"color: #000000\">Zafer Y\u0131lmaz<\/span><\/p>\n<p><span style=\"color: #000000\">Arendt \u00dczerinden Bir \u015eiddet Okumas\u0131<\/span><br \/>\n<span style=\"color: #000000\">\u00d6zge Bilge Kara<\/span><\/p>\n<p><span style=\"color: #000000\">Kolektif Narsisizm: Grup Aidiyeti Ne Zaman Di\u011ferlerini Yok Etme Arzusuna D\u00f6n\u00fc\u015f\u00fcr?<\/span><br \/>\n<span style=\"color: #000000\">Elif Helvac\u0131<\/span><\/p>\n<p><span style=\"color: #000000\">Genellemenin Arkas\u0131n\u0131 Okumak<\/span><br \/>\n<span style=\"color: #000000\">Engin Erkiner<\/span><\/p>\n<p><span style=\"color: #000000\">Tanr\u0131 Do\u011fumlar\u0131 ve Toplumsal \u00c7at\u0131\u015fmalar<\/span><br \/>\n<span style=\"color: #000000\">\u00dcmit Ninova<\/span><\/p>\n<p><span style=\"color: #000000\">Amerikan K\u0131z\u0131lderili Felsefesi<\/span><br \/>\n<span style=\"color: #000000\">Abdullah \u015eevki<\/span><\/p>\n<p><span style=\"color: #000000\">Masallarda \u015eiddet ve Cinsellik<\/span><br \/>\n<span style=\"color: #000000\">Olcay Ba\u011f\u0131r<\/span><\/p>\n<p><span style=\"color: #000000\">Liberter D\u00fc\u015f\u00fcncenin T\u00fcrkiye Ser\u00fcveni ve Kara Dergisi<\/span><br \/>\n<span style=\"color: #000000\">Suat K\u0131l\u0131\u00e7<\/span><\/p>\n<p><span style=\"color: #000000\">Haber ve Duyurular<\/span><\/p>\n<p><span style=\"color: #000000\">Bize Gelen Kitap ve Dergiler<\/span><\/p>\n","protected":false},"excerpt":{"rendered":"<p>Totalitarizm Kehaneti: Arendt Bize Ne S\u00f6yl\u00fcyor? \u00d6zer Bar\u0131\u015f Tun\u00e7el Arendt ve \u015eiddet Bar\u0131\u015f \u00c7elik \u2018Eichmann in Jerusalem\u2019i Yanl\u0131\u015f Okumak Roger Berkowitz \u00c7eviren: An\u0131l \u00d6zden Hannah Arendt\u2019in Davas\u0131 Kathleen B. Jones<\/p>\n","protected":false},"featured_media":160,"comment_status":"open","ping_status":"closed","template":"","meta":[],"product_cat":[21],"product_tag":[],"class_list":{"0":"post-130","1":"product","2":"type-product","3":"status-publish","4":"has-post-thumbnail","6":"product_cat-magazine","8":"first","9":"outofstock","10":"shipping-taxable","11":"purchasable","12":"product-type-simple"},"_links":{"self":[{"href":"https:\/\/www.vintape.org\/index.php?rest_route=\/wp\/v2\/product\/130","targetHints":{"allow":["GET"]}}],"collection":[{"href":"https:\/\/www.vintape.org\/index.php?rest_route=\/wp\/v2\/product"}],"about":[{"href":"https:\/\/www.vintape.org\/index.php?rest_route=\/wp\/v2\/types\/product"}],"replies":[{"embeddable":true,"href":"https:\/\/www.vintape.org\/index.php?rest_route=%2Fwp%2Fv2%2Fcomments&post=130"}],"version-history":[{"count":0,"href":"https:\/\/www.vintape.org\/index.php?rest_route=\/wp\/v2\/product\/130\/revisions"}],"wp:featuredmedia":[{"embeddable":true,"href":"https:\/\/www.vintape.org\/index.php?rest_route=\/wp\/v2\/media\/160"}],"wp:attachment":[{"href":"https:\/\/www.vintape.org\/index.php?rest_route=%2Fwp%2Fv2%2Fmedia&parent=130"}],"wp:term":[{"taxonomy":"product_cat","embeddable":true,"href":"https:\/\/www.vintape.org\/index.php?rest_route=%2Fwp%2Fv2%2Fproduct_cat&post=130"},{"taxonomy":"product_tag","embeddable":true,"href":"https:\/\/www.vintape.org\/index.php?rest_route=%2Fwp%2Fv2%2Fproduct_tag&post=130"}],"curies":[{"name":"wp","href":"https:\/\/api.w.org\/{rel}","templated":true}]}}