{"id":1295,"date":"2025-12-02T22:03:58","date_gmt":"2025-12-02T21:03:58","guid":{"rendered":"https:\/\/www.vintape.org\/?post_type=product&#038;p=1295"},"modified":"2026-04-15T13:40:17","modified_gmt":"2026-04-15T12:40:17","slug":"dusunbil-sayi-111","status":"publish","type":"product","link":"https:\/\/www.vintape.org\/?product=dusunbil-sayi-111","title":{"rendered":"D\u00fc\u015f\u00fcnbil Say\u0131 111"},"content":{"rendered":"<div class=\"_2cuy _3dgx\">\n<div class=\"_1mf _1mj\">\n<div class=\"_2cuy _3dgx\">\n<div class=\"_1mf _1mj\">\n<div class=\"_2cuy _3dgx\">\n<div class=\"_1mf _1mj\">\n<div class=\"_2cuy _3dgx\">\n<div class=\"_1mf _1mj\">\n<div class=\"_2cuy _3dgx\">\n<div class=\"_1mf _1mj\">\n<div class=\"_2cuy _3dgx\">\n<div class=\"_1mf _1mj\">\n<div class=\"_2cuy _3dgx\">\n<div class=\"_1mf _1mj\">\n<div class=\"_2cuy _3dgx\">\n<div class=\"_1mf _1mj\">\n<div class=\"_2cuy _3dgx\">\n<div class=\"_1mf _1mj\">\n<div class=\"_2cuy _3dgx\">\n<div class=\"_1mf _1mj\">\n<div class=\"_2cuy _3dgx\">\n<div class=\"_1mf _1mj\">\n<div class=\"_2cuy _3dgx\">\n<div class=\"_1mf _1mj\">\n<div class=\"_2cuy _3dgx\">\n<div class=\"_1mf _1mj\">\n<div class=\"_2cuy _3dgx\">\n<div class=\"_1mf _1mj\">\n<div class=\"_2cuy _3dgx\">\n<div class=\"_1mf _1mj\">\n<div class=\"_2cuy _3dgx\">\n<div class=\"_1mf _1mj\">\n<div class=\"_2cuy _3dgx\">\n<div class=\"_1mf _1mj\">\n<div class=\"_2cuy _3dgx\">\n<div class=\"_1mf _1mj\">\n<div class=\"_2cuy _3dgx\">\n<div class=\"_1mf _1mj\">\n<div class=\"_2cuy _3dgx\">\n<div class=\"_1mf _1mj\">\n<div class=\"_2cuy _3dgx\">\n<div class=\"_1mf _1mj\">\n<div class=\"_2cuy _3dgx\">\n<div class=\"_1mf _1mj\">\n<div class=\"_2cuy _3dgx\">\n<div class=\"_1mf _1mj\">\n<div class=\"_2cuy _3dgx\">\n<div class=\"_1mf _1mj\">\n<div class=\"_2cuy _3dgx\">\n<div class=\"_1mf _1mj\">\n<div class=\"_2cuy _3dgx\">\n<div class=\"_1mf _1mj\">\n<div class=\"_2cuy _3dgx\">\n<div class=\"_1mf _1mj\">\n<div class=\"_2cuy _3dgx\">\n<div class=\"_1mf _1mj\">\n<div class=\"_2cuy _3dgx\">\n<div class=\"_1mf _1mj\">\n<div class=\"_2cuy _3dgx\">\n<div class=\"_1mf _1mj\">\n<div class=\"_2cuy _3dgx\">\n<div class=\"_1mf _1mj\">\n<div class=\"_2cuy _3dgx\">\n<div class=\"_1mf _1mj\">\n<div class=\"_2cuy _3dgx\">\n<div class=\"_1mf _1mj\">\n<div class=\"_2cuy _3dgx\">\n<div class=\"_1mf _1mj\">\n<div class=\"_2cuy _3dgx\">\n<div class=\"_1mf _1mj\">\n<div class=\"_2cuy _3dgx\">\n<div class=\"_1mf _1mj\">\n<div class=\"_2cuy _3dgx\">\n<div class=\"_1mf _1mj\">\n<div class=\"_2cuy _3dgx\">\n<div class=\"_1mf _1mj\">\n<div class=\"_2cuy _3dgx\">\n<div class=\"_1mf _1mj\">\n<div class=\"_2cuy _3dgx\">\n<div class=\"_1mf _1mj\">\n<div class=\"_2cuy _3dgx\">\n<div class=\"_1mf _1mj\">\n<div class=\"_2cuy _3dgx\">\n<div class=\"_1mf _1mj\">\n<div class=\"_2cuy _3dgx\">\n<div class=\"_1mf _1mj\">\n<div class=\"_2cuy _3dgx\">\n<div class=\"_1mf _1mj\">\n<div class=\"_2cuy _3dgx\">\n<div class=\"_1mf _1mj\">\n<div class=\"_2cuy _3dgx\">\n<div class=\"_1mf _1mj\">\n<div class=\"_2cuy _3dgx\">\n<div class=\"_1mf _1mj\">\n<div class=\"_2cuy _3dgx\">\n<div class=\"_1mf _1mj\">\n<div class=\"_2cuy _3dgx\">\n<div class=\"_1mf _1mj\">\n<div class=\"_2cuy _3dgx\">\n<div class=\"_1mf _1mj\">\n<div class=\"_2cuy _3dgx\">\n<div class=\"_1mf _1mj\">\n<div class=\"_2cuy _3dgx\">\n<div class=\"_1mf _1mj\">\n<div class=\"_2cuy _3dgx\">\n<div class=\"_1mf _1mj\">\n<div class=\"_2cuy _3dgx\">\n<div class=\"_1mf _1mj\">\n<div class=\"_2cuy _3dgx\">\n<div class=\"_1mf _1mj\">\n<div class=\"_2cuy _3dgx\">\n<div class=\"_1mf _1mj\">\n<div class=\"_2cuy _3dgx\">\n<div class=\"_1mf _1mj\">\n<div class=\"_2cuy _3dgx\">\n<div class=\"_1mf _1mj\">\n<div class=\"_2cuy _3dgx\">\n<div class=\"_1mf _1mj\">\n<div class=\"_2cuy _3dgx\">\n<div class=\"_1mf _1mj\">\n<div class=\"_2cuy _3dgx\">\n<div class=\"_1mf _1mj\">\n<div class=\"_2cuy _3dgx\">\n<div class=\"_1mf _1mj\">\n<div class=\"_2cuy _3dgx\">\n<div class=\"_1mf _1mj\">\n<div class=\"_2cuy _3dgx\">\n<div class=\"_1mf _1mj\">\n<div class=\"_2cuy _3dgx\">\n<div class=\"_1mf _1mj\">\n<div class=\"_2cuy _3dgx\">\n<div class=\"_1mf _1mj\">\n<div class=\"_2cuy _3dgx\">\n<div class=\"_1mf _1mj\">\n<div class=\"_2cuy _3dgx\">\n<div class=\"_1mf _1mj\">\n<div class=\"_2cuy _3dgx\">\n<div class=\"_1mf _1mj\">\n<div class=\"_2cuy _3dgx\">\n<div class=\"_1mf _1mj\">\n<div class=\"_2cuy _3dgx\">\n<div class=\"_1mf _1mj\">\n<div class=\"_2cuy _3dgx\">\n<div class=\"_1mf _1mj\">\n<div class=\"_2cuy _3dgx\">\n<div class=\"_1mf _1mj\">\n<div class=\"_2cuy _3dgx\">\n<div class=\"_1mf _1mj\">\n<div class=\"_2cuy _3dgx\">\n<div class=\"_1mf _1mj\">\n<div class=\"_2cuy _3dgx\">\n<div class=\"_1mf _1mj\">\n<div class=\"_2cuy _3dgx\">\n<div class=\"_1mf _1mj\">\n<div class=\"_2cuy _3dgx\">\n<div class=\"_1mf _1mj\">\n<div class=\"_2cuy _3dgx\">\n<div class=\"_1mf _1mj\">\n<div class=\"_2cuy _3dgx\">\n<div class=\"_1mf _1mj\">\n<div class=\"_2cuy _3dgx\">\n<div class=\"_1mf _1mj\">\n<div class=\"_2cuy _3dgx\">\n<div class=\"_1mf _1mj\">\n<div class=\"_2cuy _3dgx\">\n<div class=\"_1mf _1mj\">\n<div class=\"_2cuy _3dgx\">\n<div class=\"_1mf _1mj\">\n<div class=\"_2cuy _3dgx\">\n<div class=\"_1mf _1mj\">\n<div class=\"_2cuy _3dgx\">\n<div class=\"_1mf _1mj\">\n<div class=\"_2cuy _3dgx\">\n<div class=\"_1mf _1mj\">\n<div class=\"_2cuy _3dgx\">\n<div class=\"_1mf _1mj\">\n<div class=\"_2cuy _3dgx\">\n<div class=\"_1mf _1mj\">\n<div class=\"_2cuy _3dgx\">\n<div class=\"_1mf _1mj\">\n<div class=\"_2cuy _3dgx\">\n<div class=\"_1mf _1mj\">\n<div class=\"_2cuy _3dgx\">\n<div class=\"_1mf _1mj\">\n<div class=\"_2cuy _3dgx\">\n<div class=\"_1mf _1mj\">\n<div class=\"_2cuy _3dgx\">\n<div class=\"_1mf _1mj\">\n<div class=\"_2cuy _3dgx\">\n<div class=\"_1mf _1mj\">\n<div class=\"_2cuy _3dgx\">\n<div class=\"_1mf _1mj\">\n<div class=\"_2cuy _3dgx\">\n<div class=\"_1mf _1mj\">\n<div class=\"_2cuy _3dgx\">\n<div class=\"_1mf _1mj\">\n<div class=\"_2cuy _3dgx\">\n<div class=\"_1mf _1mj\">\n<div class=\"_2cuy _3dgx\">\n<div class=\"_1mf _1mj\">\n<div class=\"_2cuy _3dgx\">\n<div class=\"_1mf _1mj\">\n<div class=\"_2cuy _3dgx\">\n<div class=\"_1mf _1mj\">\n<div class=\"_2cuy _3dgx\">\n<div class=\"_1mf _1mj\">\n<div class=\"_2cuy _3dgx\">\n<div class=\"_1mf _1mj\">\n<div class=\"_2cuy _3dgx\">\n<div class=\"_1mf _1mj\">\n<div class=\"_2cuy _3dgx\">\n<div class=\"_1mf _1mj\">\n<div class=\"_2cuy _3dgx\">\n<div class=\"_1mf _1mj\">\n<div class=\"_2cuy _3dgx\">\n<div class=\"_1mf _1mj\">\n<div class=\"_2cuy _3dgx\">\n<div class=\"_1mf _1mj\">\n<div class=\"_2cuy _3dgx\">\n<div class=\"_1mf _1mj\">\n<div class=\"_2cuy _3dgx\">\n<div class=\"_1mf _1mj\">\n<div class=\"_2cuy _3dgx\">\n<div class=\"_1mf _1mj\">\n<div class=\"_2cuy _3dgx\">\n<div class=\"_1mf _1mj\">\n<div class=\"_2cuy _3dgx\">\n<div class=\"_1mf _1mj\">\n<div class=\"_2cuy _3dgx\">\n<div class=\"_1mf _1mj\">\n<div class=\"_2cuy _3dgx\">\n<div class=\"_1mf _1mj\">\n<div class=\"_2cuy _3dgx\">\n<div class=\"_1mf _1mj\">\n<div class=\"_2cuy _3dgx\">\n<div class=\"_1mf _1mj\">\n<div class=\"_2cuy _3dgx\">\n<div class=\"_1mf _1mj\">\n<div class=\"_2cuy _3dgx\">\n<div class=\"_1mf _1mj\">\n<div class=\"_2cuy _3dgx\">\n<div class=\"_1mf _1mj\">\n<div class=\"_2cuy _3dgx\">\n<div class=\"_1mf _1mj\">\n<div class=\"_2cuy _3dgx\">\n<div class=\"_1mf _1mj\">\n<div class=\"_2cuy _3dgx\">\n<div class=\"_1mf _1mj\">\n<div class=\"_2cuy _3dgx\">\n<div class=\"_1mf _1mj\">\n<div class=\"_2cuy _3dgx\">\n<div class=\"_1mf _1mj\">\n<div class=\"_2cuy _3dgx\">\n<div class=\"_1mf _1mj\">\n<div class=\"_2cuy _3dgx\">\n<div class=\"_1mf _1mj\">\n<div class=\"_2cuy _3dgx\">\n<div class=\"_1mf _1mj\">\n<div class=\"_2cuy _3dgx\">\n<div class=\"_1mf _1mj\">\n<div class=\"_2cuy _3dgx\">\n<div class=\"_1mf _1mj\">\n<div class=\"_2cuy _3dgx\">\n<div class=\"_1mf _1mj\">\n<div class=\"_2cuy _3dgx\">\n<div class=\"_1mf _1mj\">\n<div class=\"_2cuy _3dgx\">\n<div class=\"_1mf _1mj\">\n<div class=\"_2cuy _3dgx\">\n<div class=\"_1mf _1mj\">\n<div class=\"_2cuy _3dgx\">\n<div class=\"_1mf _1mj\">\n<div class=\"_2cuy _3dgx\">\n<div class=\"_1mf _1mj\">\n<div class=\"_2cuy _3dgx\">\n<div class=\"_1mf _1mj\">\n<div class=\"_2cuy _3dgx\">\n<div class=\"_1mf _1mj\">\n<div class=\"_2cuy _3dgx\">\n<div class=\"_1mf _1mj\">\n<div class=\"_2cuy _3dgx\">\n<div class=\"_1mf _1mj\">\n<div class=\"_2cuy _3dgx\">\n<div class=\"_1mf _1mj\">\n<div class=\"_2cuy _3dgx\">\n<div class=\"_1mf _1mj\">\n<div class=\"_2cuy _3dgx\">\n<div class=\"_1mf _1mj\">\n<div class=\"_2cuy _3dgx\">\n<div class=\"_1mf _1mj\">\n<p><strong>\u0130\u00c7\u0130NDEK\u0130LER<\/strong><\/p>\n<p><strong>B\u00fcy\u00fck \u0130skender\u2019in \u015e\u00f6hret A\u00e7l\u0131\u011f\u0131<\/strong><\/p>\n<p><strong>B\u00fcy\u00fck \u0130skender, Akhilleus\u2019u Ger\u00e7ekten Putla\u015ft\u0131rd\u0131 m\u0131?<\/strong><\/p>\n<p><strong>Granikos Muharebesi<\/strong><\/p>\n<p><strong>Sardes, Efes ve Milet<\/strong><\/p>\n<p><strong>B\u00fcy\u00fck \u0130skender\u2019in Sinoplu Diyojen ve Delfi K\u00e2hini ile Tan\u0131\u015fmas\u0131<\/strong><\/p>\n<p><strong>Bir Deh\u015fet F\u0131rt\u0131nas\u0131: B\u00fcy\u00fck \u0130skender Halikarnas\u2019ta<\/strong><\/p>\n<p><strong>Likya\u2019dan Pisidya\u2019ya \u0130skender\u2019in Zorlu Y\u00fcr\u00fcy\u00fc\u015f\u00fc<\/strong><\/p>\n<p><strong>Gordion D\u00fc\u011f\u00fcm\u00fc, B\u00fcy\u00fck \u0130skender\u2019in Fetihleri \u0130\u00e7in Neden \u00d6nemliydi?<\/strong><\/p>\n<p><strong>\u0130ssos Muharebesi<\/strong><\/p>\n<p><strong>Bir Tanr\u0131 \u00d6l\u00fcr<\/strong><\/p>\n<p><strong>Sinoplu Diyojen<\/strong><\/p>\n<\/div>\n<\/div>\n<\/div>\n<\/div>\n<\/div>\n<\/div>\n<\/div>\n<\/div>\n<\/div>\n<\/div>\n<\/div>\n<\/div>\n<\/div>\n<\/div>\n<\/div>\n<\/div>\n<\/div>\n<\/div>\n<\/div>\n<\/div>\n<\/div>\n<\/div>\n<\/div>\n<\/div>\n<\/div>\n<\/div>\n<\/div>\n<\/div>\n<\/div>\n<\/div>\n<\/div>\n<\/div>\n<\/div>\n<\/div>\n<\/div>\n<\/div>\n<\/div>\n<\/div>\n<\/div>\n<\/div>\n<\/div>\n<\/div>\n<\/div>\n<\/div>\n<\/div>\n<\/div>\n<\/div>\n<\/div>\n<\/div>\n<\/div>\n<\/div>\n<\/div>\n<\/div>\n<\/div>\n<\/div>\n<\/div>\n<\/div>\n<\/div>\n<\/div>\n<\/div>\n<\/div>\n<\/div>\n<\/div>\n<\/div>\n<\/div>\n<\/div>\n<\/div>\n<\/div>\n<\/div>\n<\/div>\n<\/div>\n<\/div>\n<\/div>\n<\/div>\n<\/div>\n<\/div>\n<\/div>\n<\/div>\n<\/div>\n<\/div>\n<\/div>\n<\/div>\n<\/div>\n<\/div>\n<\/div>\n<\/div>\n<\/div>\n<\/div>\n<\/div>\n<\/div>\n<\/div>\n<\/div>\n<\/div>\n<\/div>\n<\/div>\n<\/div>\n<\/div>\n<\/div>\n<\/div>\n<\/div>\n<\/div>\n<\/div>\n<\/div>\n<\/div>\n<\/div>\n<\/div>\n<\/div>\n<\/div>\n<\/div>\n<\/div>\n<\/div>\n<\/div>\n<\/div>\n<\/div>\n<\/div>\n<\/div>\n<\/div>\n<\/div>\n<\/div>\n<\/div>\n<\/div>\n<\/div>\n<\/div>\n<\/div>\n<\/div>\n<\/div>\n<\/div>\n<\/div>\n<\/div>\n<\/div>\n<\/div>\n<\/div>\n<\/div>\n<\/div>\n<\/div>\n<\/div>\n<\/div>\n<\/div>\n<\/div>\n<\/div>\n<\/div>\n<\/div>\n<\/div>\n<\/div>\n<\/div>\n<\/div>\n<\/div>\n<\/div>\n<\/div>\n<\/div>\n<\/div>\n<\/div>\n<\/div>\n<\/div>\n<\/div>\n<\/div>\n<\/div>\n<\/div>\n<\/div>\n<\/div>\n<\/div>\n<\/div>\n<\/div>\n<\/div>\n<\/div>\n<\/div>\n<\/div>\n<\/div>\n<\/div>\n<\/div>\n<\/div>\n<\/div>\n<\/div>\n<\/div>\n<\/div>\n<\/div>\n<\/div>\n<\/div>\n<\/div>\n<\/div>\n<\/div>\n<\/div>\n<\/div>\n<\/div>\n<\/div>\n<\/div>\n<\/div>\n<\/div>\n<\/div>\n<\/div>\n<\/div>\n<\/div>\n<\/div>\n<\/div>\n<\/div>\n<\/div>\n<\/div>\n<\/div>\n<\/div>\n<\/div>\n<\/div>\n<\/div>\n<\/div>\n<\/div>\n<\/div>\n<\/div>\n<\/div>\n<\/div>\n<\/div>\n<\/div>\n<\/div>\n<\/div>\n<\/div>\n<\/div>\n<\/div>\n<\/div>\n<\/div>\n<\/div>\n<\/div>\n<\/div>\n<\/div>\n<\/div>\n<\/div>\n<\/div>\n<\/div>\n<\/div>\n<\/div>\n<\/div>\n<\/div>\n<\/div>\n<\/div>\n<\/div>\n<\/div>\n<\/div>\n<\/div>\n<\/div>\n<\/div>\n<\/div>\n<\/div>\n<\/div>\n<\/div>\n<\/div>\n<\/div>\n<\/div>\n<\/div>\n<\/div>\n<\/div>\n<\/div>\n<\/div>\n<\/div>\n<\/div>\n<\/div>\n<\/div>\n<\/div>\n<\/div>\n<\/div>\n<\/div>\n<\/div>\n<\/div>\n<\/div>\n<\/div>\n<\/div>\n<\/div>\n<\/div>\n<\/div>\n<\/div>\n<\/div>\n<\/div>\n<\/div>\n<\/div>\n<\/div>\n<\/div>\n<\/div>\n<\/div>\n<\/div>\n<\/div>\n<\/div>\n<\/div>\n<\/div>\n<\/div>\n<\/div>\n<\/div>\n<\/div>\n<\/div>\n<\/div>\n<\/div>\n<\/div>\n<\/div>\n<\/div>\n<\/div>\n","protected":false},"excerpt":{"rendered":"<p>\u0130\u00c7\u0130NDEK\u0130LER B\u00fcy\u00fck \u0130skender\u2019in \u015e\u00f6hret A\u00e7l\u0131\u011f\u0131 B\u00fcy\u00fck \u0130skender, Akhilleus\u2019u Ger\u00e7ekten Putla\u015ft\u0131rd\u0131 m\u0131? Granikos Muharebesi Sardes, Efes ve Milet B\u00fcy\u00fck \u0130skender\u2019in Sinoplu Diyojen ve Delfi K\u00e2hini ile Tan\u0131\u015fmas\u0131 Bir Deh\u015fet F\u0131rt\u0131nas\u0131: B\u00fcy\u00fck<\/p>\n","protected":false},"featured_media":1296,"comment_status":"open","ping_status":"closed","template":"","meta":[],"product_cat":[21],"product_tag":[258,24,271],"class_list":{"0":"post-1295","1":"product","2":"type-product","3":"status-publish","4":"has-post-thumbnail","6":"product_cat-magazine","7":"product_tag-arkeoloji","8":"product_tag-dusunbil","9":"product_tag-sumerler","11":"first","12":"instock","13":"shipping-taxable","14":"purchasable","15":"product-type-simple"},"_links":{"self":[{"href":"https:\/\/www.vintape.org\/index.php?rest_route=\/wp\/v2\/product\/1295","targetHints":{"allow":["GET"]}}],"collection":[{"href":"https:\/\/www.vintape.org\/index.php?rest_route=\/wp\/v2\/product"}],"about":[{"href":"https:\/\/www.vintape.org\/index.php?rest_route=\/wp\/v2\/types\/product"}],"replies":[{"embeddable":true,"href":"https:\/\/www.vintape.org\/index.php?rest_route=%2Fwp%2Fv2%2Fcomments&post=1295"}],"version-history":[{"count":1,"href":"https:\/\/www.vintape.org\/index.php?rest_route=\/wp\/v2\/product\/1295\/revisions"}],"predecessor-version":[{"id":1297,"href":"https:\/\/www.vintape.org\/index.php?rest_route=\/wp\/v2\/product\/1295\/revisions\/1297"}],"wp:featuredmedia":[{"embeddable":true,"href":"https:\/\/www.vintape.org\/index.php?rest_route=\/wp\/v2\/media\/1296"}],"wp:attachment":[{"href":"https:\/\/www.vintape.org\/index.php?rest_route=%2Fwp%2Fv2%2Fmedia&parent=1295"}],"wp:term":[{"taxonomy":"product_cat","embeddable":true,"href":"https:\/\/www.vintape.org\/index.php?rest_route=%2Fwp%2Fv2%2Fproduct_cat&post=1295"},{"taxonomy":"product_tag","embeddable":true,"href":"https:\/\/www.vintape.org\/index.php?rest_route=%2Fwp%2Fv2%2Fproduct_tag&post=1295"}],"curies":[{"name":"wp","href":"https:\/\/api.w.org\/{rel}","templated":true}]}}