{"id":127,"date":"2019-10-04T01:05:42","date_gmt":"2019-10-03T22:05:42","guid":{"rendered":"https:\/\/www.vintape.org\/urun\/import-placeholder-for-334\/"},"modified":"2019-10-04T01:05:48","modified_gmt":"2019-10-03T22:05:48","slug":"dusunbil-sayi-48","status":"publish","type":"product","link":"https:\/\/www.vintape.org\/?product=dusunbil-sayi-48","title":{"rendered":"D\u00fc\u015f\u00fcnbil Say\u0131 48\u00a0"},"content":{"rendered":"<p><span style=\"color: #000000;\">Freud\u2019un Bilin\u00e7 Teorisi: Psikanalizden N\u00f6ro-Psikanalize<\/span><br \/>\n<span style=\"color: #000000;\"> Manos Tsakiris<\/span><br \/>\n<span style=\"color: #000000;\"> \u00c7eviren: \u0130brahim Mengen<\/span><\/p>\n<p><span style=\"color: #000000;\">Freud ve Zihin-Beden Problemi<\/span><br \/>\n<span style=\"color: #000000;\"> David Livingstone Smith<\/span><br \/>\n<span style=\"color: #000000;\"> \u00c7eviren: Bar\u0131\u015f Solmaz<\/span><\/p>\n<p><span style=\"color: #000000;\">Freud ve Lacan\u2019da Zihin ve Beden<\/span><br \/>\n<span style=\"color: #000000;\"> Paul Vergaehe<\/span><br \/>\n<span style=\"color: #000000;\"> \u00c7eviren: Yonca G\u00f6kalp<\/span><\/p>\n<p><span style=\"color: #000000;\">Zihin-Beden Sorununu Nas\u0131l \u00c7\u00f6zmeli?<\/span><br \/>\n<span style=\"color: #000000;\"> Gregg Caruso<\/span><br \/>\n<span style=\"color: #000000;\"> \u00c7eviren: Meltem \u00c7etin-Sever<\/span><\/p>\n<p><span style=\"color: #000000;\">\u201cSearle\u2019\u00fcn \u00c7ince Odas\u0131 ve Makinelere Yapt\u0131\u011f\u0131 Haks\u0131zl\u0131k<\/span><br \/>\n<span style=\"color: #000000;\"> Hasan \u00c7a\u011fatay<\/span><\/p>\n<p><span style=\"color: #000000;\">Marksist A\u00e7\u0131dan Zihin ve Beden<\/span><br \/>\n<span style=\"color: #000000;\"> Abdullah \u015eevki<\/span><\/p>\n<p><span style=\"color: #000000;\">Bilin\u00e7 Arg\u00fcman\u0131<\/span><br \/>\n<span style=\"color: #000000;\"> Mehmet Mirio\u011flu<\/span><\/p>\n<p><span style=\"color: #000000;\">Zihin, Beden ve Ki\u015fisel Kimlik<\/span><br \/>\n<span style=\"color: #000000;\"> James Martin<\/span><br \/>\n<span style=\"color: #000000;\"> \u00c7eviren: Enes Gider \u2013 Cemre Topcu<\/span><\/p>\n<p><span style=\"color: #000000;\">Evrim Teorisine Farkl\u0131 Yakla\u015f\u0131m<\/span><br \/>\n<span style=\"color: #000000;\"> Engin Erkiner<\/span><\/p>\n<p><span style=\"color: #000000;\">Yetkilerini A\u015fan H\u00fck\u00fcmetlerin Hizaya Getirilmesi<\/span><br \/>\n<span style=\"color: #000000;\"> Bertrand Russell<\/span><br \/>\n<span style=\"color: #000000;\"> \u00c7eviren : Murat Belge<\/span><\/p>\n<p><span style=\"color: #000000;\">\u015eeyh Bedreddin\u2019in Sosyalist \u0130syan\u0131<\/span><br \/>\n<span style=\"color: #000000;\"> Olcay Ba\u011f\u0131r<\/span><\/p>\n<p><span style=\"color: #000000;\">Stuart Mill\u2019in Liberalizmi: Olanaks\u0131z Bir Sentez<\/span><br \/>\n<span style=\"color: #000000;\"> Jean-Pierre Clero<\/span><br \/>\n<span style=\"color: #000000;\"> \u00c7eviren: Ay\u015fe G\u00fclg\u00fcn U\u011fur<\/span><\/p>\n<p><span style=\"color: #000000;\">Haber ve Duyurular<\/span><\/p>\n<p><span style=\"color: #000000;\">Bize Gelen Kitap ve Dergiler<\/span><\/p>\n","protected":false},"excerpt":{"rendered":"<p>Freud\u2019un Bilin\u00e7 Teorisi: Psikanalizden N\u00f6ro-Psikanalize Manos Tsakiris \u00c7eviren: \u0130brahim Mengen Freud ve Zihin-Beden Problemi David Livingstone Smith \u00c7eviren: Bar\u0131\u015f Solmaz Freud ve Lacan\u2019da Zihin ve Beden Paul Vergaehe \u00c7eviren: Yonca<\/p>\n","protected":false},"featured_media":157,"comment_status":"open","ping_status":"closed","template":"","meta":[],"product_cat":[21],"product_tag":[],"class_list":{"0":"post-127","1":"product","2":"type-product","3":"status-publish","4":"has-post-thumbnail","6":"product_cat-magazine","8":"first","9":"outofstock","10":"shipping-taxable","11":"purchasable","12":"product-type-simple"},"_links":{"self":[{"href":"https:\/\/www.vintape.org\/index.php?rest_route=\/wp\/v2\/product\/127","targetHints":{"allow":["GET"]}}],"collection":[{"href":"https:\/\/www.vintape.org\/index.php?rest_route=\/wp\/v2\/product"}],"about":[{"href":"https:\/\/www.vintape.org\/index.php?rest_route=\/wp\/v2\/types\/product"}],"replies":[{"embeddable":true,"href":"https:\/\/www.vintape.org\/index.php?rest_route=%2Fwp%2Fv2%2Fcomments&post=127"}],"version-history":[{"count":0,"href":"https:\/\/www.vintape.org\/index.php?rest_route=\/wp\/v2\/product\/127\/revisions"}],"wp:featuredmedia":[{"embeddable":true,"href":"https:\/\/www.vintape.org\/index.php?rest_route=\/wp\/v2\/media\/157"}],"wp:attachment":[{"href":"https:\/\/www.vintape.org\/index.php?rest_route=%2Fwp%2Fv2%2Fmedia&parent=127"}],"wp:term":[{"taxonomy":"product_cat","embeddable":true,"href":"https:\/\/www.vintape.org\/index.php?rest_route=%2Fwp%2Fv2%2Fproduct_cat&post=127"},{"taxonomy":"product_tag","embeddable":true,"href":"https:\/\/www.vintape.org\/index.php?rest_route=%2Fwp%2Fv2%2Fproduct_tag&post=127"}],"curies":[{"name":"wp","href":"https:\/\/api.w.org\/{rel}","templated":true}]}}