{"id":1263,"date":"2025-12-02T16:34:09","date_gmt":"2025-12-02T15:34:09","guid":{"rendered":"https:\/\/www.vintape.org\/?post_type=product&#038;p=1263"},"modified":"2026-04-12T19:04:37","modified_gmt":"2026-04-12T18:04:37","slug":"dusunbil-arsiv-sayi-02","status":"publish","type":"product","link":"https:\/\/www.vintape.org\/?product=dusunbil-arsiv-sayi-02","title":{"rendered":"D\u00fc\u015f\u00fcnbil Ar\u015fiv \u2013 Say\u0131 02"},"content":{"rendered":"<div class=\"_1mf _1mj\">\n<p><strong>Edit\u00f6r:<\/strong>\u00a0Olcay Y\u0131lmaz<br \/>\n<strong>\u00c7eviri Edit\u00f6r\u00fc:<\/strong>\u00a0Onur Demir<br \/>\n<strong>Son Okuma:\u00a0<\/strong>Selin Melikler \u2013 Elif \u0130stanbullu Alisbah<br \/>\n<strong>D\u00fczeltme:<\/strong>\u00a0Cemre Y\u0131lmaz<br \/>\n<strong>Yay\u0131nevi:<\/strong>\u00a0D\u00fc\u015f\u00fcnbil Yay\u0131nc\u0131l\u0131k<br \/>\n<strong>Sayfa:<\/strong>\u00a0104 Sayfa<br \/>\n<strong>Boyut:<\/strong>\u00a019,5 x 27,5 cm<\/p>\n<div>\n<div><\/div>\n<div>\n<p><strong>\u0130\u00c7\u0130NDEK\u0130LER<\/strong><\/p>\n<\/div>\n<\/div>\n<\/div>\n<div class=\"_1mf _1mj\">\n<p><strong>Nietzsche\u2019de Ya\u015fam, \u0130\u00e7g\u00fcd\u00fc ve Ak\u0131l<\/strong><br \/>\nHamdi Bravo<\/p>\n<p><strong>Ezik Gibi Okumak<\/strong><br \/>\nDavid Winters<\/p>\n<p><strong>Friedrich Nietzsche ve Toplumsal Planlar\u0131<\/strong><br \/>\nGavin Jacobson<\/p>\n<p><strong>Yakla\u015ft\u0131k\u00e7a Uzakla\u015fan Ufuk \u00c7izgisi: Nietzsche\u2019nin \u201cUmudu\u201d!<\/strong><br \/>\nMurat M\u00fcfetti\u015fo\u011flu<\/p>\n<p><strong>Nietzsche ve Kendini \u0130nk\u00e2r Etmenin Tehlikeleri<\/strong><br \/>\nGuy Elgat<\/p>\n<p><strong>Nietzsche\u2019nin Gelece\u011fi<\/strong><br \/>\nG\u00fclseren Dinvar<\/p>\n<p><strong>Nietzsche\u2019nin Tesellisi:Ahlak\u0131n Me\u015frulu\u011fu \u00dczerine<\/strong><br \/>\nMurat Keser<\/p>\n<p><strong>Nietzsche\u2019de \u0130nsan M\u00fckemmelli\u011finin Ko\u015fulu Olarak \u201cAmor Fati\u201d<\/strong><br \/>\nAy\u015fe Bilge Demir<\/p>\n<p><strong>Ateist \u015e\u00f6lenindeki Hayalet: Nietzsche \u0130nan\u00e7 Konusunda Hakl\u0131 m\u0131yd\u0131?<\/strong><br \/>\nJohn Gray<\/p>\n<p><strong>Nietzsche\u2019nin \u201cTanr\u0131 \u00d6ld\u00fc\u201d S\u00f6z\u00fc \u00dczerine<\/strong><br \/>\nSebahattin \u00c7evikba\u015f<\/p>\n<p><strong>Tanr\u0131 Olarak \u0130nsan: Bir Nietzsche Tragedyas\u0131<\/strong><br \/>\nO\u011fuz Ha\u015flako\u011flu<\/p>\n<p><strong>Y\u00f6ns\u00fcz Labirent: Kutsal\u0131n \u00c7\u0131plakl\u0131\u011f\u0131<\/strong><br \/>\nY\u0131ld\u0131r\u0131m Ortao\u011flan<\/p>\n<p><strong>Tanr\u0131 \u00d6ld\u00fc Bilincinin Felaketi: Tanr\u0131\u2019n\u0131n \u00d6l\u00fcm\u00fcn\u00fcn Deh\u015fet Uyand\u0131r\u0131c\u0131 ve \u0130lham Verici Sonu\u00e7lar\u0131<\/strong><br \/>\nJosef Hasek K\u0131l\u00e7\u0131ks\u0131z<\/p>\n<p><strong>F.W. Nietzsche\u2019de Ahlak: Agnes Heller, Ross Pool ve Gilles Deleuze Yorumuyla<\/strong><br \/>\nNilay Erbalaban G\u00fcrb\u00fcz<\/p>\n<p><strong>Politik Bir D\u00fc\u015f\u00fcn\u00fcr Olarak Nietzsche<\/strong><br \/>\nMaudemarie Clark ile Bir S\u00f6yle\u015fi<\/p>\n<p><strong>D\u00fcnya Edebiyat\u0131ndan Bir \u00dcstinsan Portresi: Aleksi Zorba<\/strong><br \/>\nAn\u0131l \u00d6zden<\/p>\n<p><strong>Nietzsche Dali\u2019yi Nas\u0131l Etkiledi?<\/strong><br \/>\nMagdalena Scholle<\/p>\n<p><strong>Nietzsche\u2019nin \u201cAhlak\u201d\u0131 I\u015f\u0131\u011f\u0131nda Nabokov\u2019un Lolita\u2019s\u0131<\/strong><br \/>\nFulya Turhan<\/p>\n<p><strong>Nietzsche mi, K\u0131z Karde\u015fi mi?<\/strong><br \/>\nJenny Diski<\/p>\n<p><strong>Tragedya ve Nietzsche Ba\u011flam\u0131nda Katharsis Kavram\u0131<\/strong><br \/>\nMerve Karacan<\/p>\n<p><strong>Rash\u00f4mon: Nietzscheci Bir Anlat\u0131<\/strong><br \/>\nTayfun Y\u0131ld\u0131r\u0131m<\/p>\n<p><strong>Ebed\u00ee D\u00f6n\u00fc\u015f Yahut Sisifos\u2019un Y\u00fcre\u011fini Dolduran \u015eey \u00dczerine<\/strong><br \/>\nMert Aldemir<\/p>\n<p><strong>Nietzsche\u2019nin G\u00fc\u00e7 \u0130stenci ve Distopyalar\u0131n Sava\u015f\u0131<\/strong><br \/>\nNilsu Yi\u011fito\u011flu<\/p>\n<p><strong>Nietzsche\u2019nin Freud\u2019u<\/strong><br \/>\nDilan Erg\u00fcn<\/p>\n<p><strong>Toplumsal Cinsiyet Ba\u011flam\u0131nda Tanr\u0131y\u0131 \u00d6ld\u00fcrme Denemesi<\/strong><br \/>\nSeray Soysal<\/p>\n<p><strong>Bir Nietzsche Kompozisyonu Par\u00e7an\u0131n Kendisi: Das \u201cFragment An Sich\u201d<\/strong><br \/>\nDerya \u00d6l\u00e7ener<\/p>\n<p><strong>Friedrich Nietzsche\u2019de R\u00fcya<\/strong><br \/>\nAziz Ard\u0131\u00e7<\/p>\n<\/div>\n","protected":false},"excerpt":{"rendered":"<p>Edit\u00f6r:\u00a0Olcay Y\u0131lmaz \u00c7eviri Edit\u00f6r\u00fc:\u00a0Onur Demir Son Okuma:\u00a0Selin Melikler \u2013 Elif \u0130stanbullu Alisbah D\u00fczeltme:\u00a0Cemre Y\u0131lmaz Yay\u0131nevi:\u00a0D\u00fc\u015f\u00fcnbil Yay\u0131nc\u0131l\u0131k Sayfa:\u00a0104 Sayfa Boyut:\u00a019,5 x 27,5 cm \u0130\u00c7\u0130NDEK\u0130LER Nietzsche\u2019de Ya\u015fam, \u0130\u00e7g\u00fcd\u00fc ve Ak\u0131l Hamdi Bravo<\/p>\n","protected":false},"featured_media":1264,"comment_status":"open","ping_status":"closed","template":"","meta":[],"product_cat":[21],"product_tag":[24,25,64],"class_list":{"0":"post-1263","1":"product","2":"type-product","3":"status-publish","4":"has-post-thumbnail","6":"product_cat-magazine","7":"product_tag-dusunbil","8":"product_tag-felsefe","9":"product_tag-friedrich-nietzsche","11":"first","12":"instock","13":"shipping-taxable","14":"purchasable","15":"product-type-simple"},"_links":{"self":[{"href":"https:\/\/www.vintape.org\/index.php?rest_route=\/wp\/v2\/product\/1263","targetHints":{"allow":["GET"]}}],"collection":[{"href":"https:\/\/www.vintape.org\/index.php?rest_route=\/wp\/v2\/product"}],"about":[{"href":"https:\/\/www.vintape.org\/index.php?rest_route=\/wp\/v2\/types\/product"}],"replies":[{"embeddable":true,"href":"https:\/\/www.vintape.org\/index.php?rest_route=%2Fwp%2Fv2%2Fcomments&post=1263"}],"version-history":[{"count":1,"href":"https:\/\/www.vintape.org\/index.php?rest_route=\/wp\/v2\/product\/1263\/revisions"}],"predecessor-version":[{"id":1265,"href":"https:\/\/www.vintape.org\/index.php?rest_route=\/wp\/v2\/product\/1263\/revisions\/1265"}],"wp:featuredmedia":[{"embeddable":true,"href":"https:\/\/www.vintape.org\/index.php?rest_route=\/wp\/v2\/media\/1264"}],"wp:attachment":[{"href":"https:\/\/www.vintape.org\/index.php?rest_route=%2Fwp%2Fv2%2Fmedia&parent=1263"}],"wp:term":[{"taxonomy":"product_cat","embeddable":true,"href":"https:\/\/www.vintape.org\/index.php?rest_route=%2Fwp%2Fv2%2Fproduct_cat&post=1263"},{"taxonomy":"product_tag","embeddable":true,"href":"https:\/\/www.vintape.org\/index.php?rest_route=%2Fwp%2Fv2%2Fproduct_tag&post=1263"}],"curies":[{"name":"wp","href":"https:\/\/api.w.org\/{rel}","templated":true}]}}