{"id":126,"date":"2019-10-04T01:05:42","date_gmt":"2019-10-03T22:05:42","guid":{"rendered":"https:\/\/www.vintape.org\/urun\/import-placeholder-for-304\/"},"modified":"2019-10-04T01:05:48","modified_gmt":"2019-10-03T22:05:48","slug":"dusunbil-sayi-47","status":"publish","type":"product","link":"https:\/\/www.vintape.org\/?product=dusunbil-sayi-47","title":{"rendered":"D\u00fc\u015f\u00fcnbil Say\u0131 47"},"content":{"rendered":"<p><span style=\"color: #000000\">Kuantumun Tarihsel Geli\u015fimi ve G\u00fcn\u00fcm\u00fczdeki Etkileri<\/span><br \/>\n<span style=\"color: #000000\">Vedat Tanr\u0131verdi<\/span><\/p>\n<p><span style=\"color: #000000\">Zihin Ara\u015ft\u0131rmalar\u0131nda Modern Tutumu A\u015fmak \u0130\u00e7in Kuantum Mekani\u011fi<\/span><br \/>\n<span style=\"color: #000000\">\u015eevki I\u015f\u0131kl\u0131<\/span><\/p>\n<p><span style=\"color: #000000\">Zihin Kuantumu A\u00e7\u0131klayabilir mi?<\/span><br \/>\n<span style=\"color: #000000\">Necmi Bu\u011fdayc\u0131<\/span><\/p>\n<p><span style=\"color: #000000\">\u0130mparatorun Yeni Zihni \u00dczerine<\/span><br \/>\n<span style=\"color: #000000\">Kelley L. Ross<\/span><br \/>\n<span style=\"color: #000000\">\u00c7eviren: Naz Ba\u015fak G\u00fcrler<\/span><\/p>\n<p><span style=\"color: #000000\">\u2018Yanl\u0131\u015f Oldu\u011fu Bilinen\u2019 Materyalist Zihin Felsefeleri \u00dczerine<\/span><br \/>\n<span style=\"color: #000000\">Graham Smetham<\/span><br \/>\n<span style=\"color: #000000\">\u00c7eviren: Bar\u0131\u015f Solmaz<\/span><\/p>\n<p><span style=\"color: #000000\">Evan Harris Walker\u2019dan Zihnin Fizi\u011fi De\u011ferlendirmesi<\/span><br \/>\n<span style=\"color: #000000\">Matthew J. Donald<\/span><br \/>\n<span style=\"color: #000000\">\u00c7eviren: Gizem \u00d6yk\u00fcm Y\u0131lmaz<\/span><\/p>\n<p><span style=\"color: #000000\">Danah Zohar\u2019un \u201cKuantum Benlik\u201d Kitab\u0131 \u00dczerine<\/span><br \/>\n<span style=\"color: #000000\">Vikas Rai Bhatnagar<\/span><br \/>\n<span style=\"color: #000000\">\u00c7eviren: Ferhat Bay\u0131k<\/span><\/p>\n<p><span style=\"color: #000000\">Kuantum Beyin Meselesi<\/span><br \/>\n<span style=\"color: #000000\">George Johnson<\/span><br \/>\n<span style=\"color: #000000\">\u00c7eviren: Deniz Bozkuzu<\/span><\/p>\n<p><span style=\"color: #000000\">Zihnimiz Kuantum Modeli ile mi \u00c7al\u0131\u015f\u0131yor<\/span><br \/>\n<span style=\"color: #000000\">\u0130nan\u00e7 K\u0131z\u0131lkaya<\/span><\/p>\n<p><span style=\"color: #000000\">Bilin\u00e7-D\u0131\u015f\u0131 Zihin Kuantum Mant\u0131\u011f\u0131 Taraf\u0131ndan Y\u00f6netiliyor<\/span><br \/>\n<span style=\"color: #000000\">Melissa Telling<\/span><br \/>\n<span style=\"color: #000000\">\u00c7eviren: Naz Ba\u015fak G\u00fcrler<\/span><\/p>\n<p><span style=\"color: #000000\">Psikanalitik Bilin\u00e7-D\u0131\u015f\u0131 ve Kuantum Teorisi<\/span><br \/>\n<span style=\"color: #000000\">Gerald J. Gargiulo<\/span><br \/>\n<span style=\"color: #000000\">\u00c7eviren: Zeynep \u015eenel Gencer<\/span><\/p>\n<p><span style=\"color: #000000\">Psikanaliz ve Fizik<\/span><br \/>\n<span style=\"color: #000000\">Olcay Y\u0131lmaz<\/span><\/p>\n<p><span style=\"color: #000000\">\u0130ndirgemeci Materyalizm<\/span><br \/>\n<span style=\"color: #000000\">Engin Erkiner<\/span><\/p>\n<p><span style=\"color: #000000\">Heidegger ve Marksizm<\/span><br \/>\n<span style=\"color: #000000\">Abdullah \u015eevki<\/span><\/p>\n<p><span style=\"color: #000000\">Sonsuzlu\u011fa Sayg\u0131<\/span><br \/>\n<span style=\"color: #000000\">Nihat Cengiz<\/span><\/p>\n<p><span style=\"color: #000000\">H\u00fccre D\u0131\u015f\u0131 En K\u00fc\u00e7\u00fck Canl\u0131 ve Evrimi<\/span><br \/>\n<span style=\"color: #000000\">Pedram T\u00fcrko\u011flu<\/span><\/p>\n<p><span style=\"color: #000000\">Feminizm ve Edebiyat<\/span><br \/>\n<span style=\"color: #000000\">Jill Lebihan<\/span><br \/>\n<span style=\"color: #000000\">\u00c7eviren: Emre Arda Erdenk<\/span><\/p>\n<p><span style=\"color: #000000\">Bize Gelen Kitap ve Dergiler<\/span><\/p>\n","protected":false},"excerpt":{"rendered":"<p>Kuantumun Tarihsel Geli\u015fimi ve G\u00fcn\u00fcm\u00fczdeki Etkileri Vedat Tanr\u0131verdi Zihin Ara\u015ft\u0131rmalar\u0131nda Modern Tutumu A\u015fmak \u0130\u00e7in Kuantum Mekani\u011fi \u015eevki I\u015f\u0131kl\u0131 Zihin Kuantumu A\u00e7\u0131klayabilir mi? Necmi Bu\u011fdayc\u0131 \u0130mparatorun Yeni Zihni \u00dczerine Kelley L.<\/p>\n","protected":false},"featured_media":156,"comment_status":"open","ping_status":"closed","template":"","meta":[],"product_cat":[21],"product_tag":[],"class_list":{"0":"post-126","1":"product","2":"type-product","3":"status-publish","4":"has-post-thumbnail","6":"product_cat-magazine","8":"first","9":"outofstock","10":"shipping-taxable","11":"purchasable","12":"product-type-simple"},"_links":{"self":[{"href":"https:\/\/www.vintape.org\/index.php?rest_route=\/wp\/v2\/product\/126","targetHints":{"allow":["GET"]}}],"collection":[{"href":"https:\/\/www.vintape.org\/index.php?rest_route=\/wp\/v2\/product"}],"about":[{"href":"https:\/\/www.vintape.org\/index.php?rest_route=\/wp\/v2\/types\/product"}],"replies":[{"embeddable":true,"href":"https:\/\/www.vintape.org\/index.php?rest_route=%2Fwp%2Fv2%2Fcomments&post=126"}],"version-history":[{"count":0,"href":"https:\/\/www.vintape.org\/index.php?rest_route=\/wp\/v2\/product\/126\/revisions"}],"wp:featuredmedia":[{"embeddable":true,"href":"https:\/\/www.vintape.org\/index.php?rest_route=\/wp\/v2\/media\/156"}],"wp:attachment":[{"href":"https:\/\/www.vintape.org\/index.php?rest_route=%2Fwp%2Fv2%2Fmedia&parent=126"}],"wp:term":[{"taxonomy":"product_cat","embeddable":true,"href":"https:\/\/www.vintape.org\/index.php?rest_route=%2Fwp%2Fv2%2Fproduct_cat&post=126"},{"taxonomy":"product_tag","embeddable":true,"href":"https:\/\/www.vintape.org\/index.php?rest_route=%2Fwp%2Fv2%2Fproduct_tag&post=126"}],"curies":[{"name":"wp","href":"https:\/\/api.w.org\/{rel}","templated":true}]}}