{"id":1255,"date":"2025-11-24T23:20:22","date_gmt":"2025-11-24T22:20:22","guid":{"rendered":"https:\/\/www.vintape.org\/?post_type=product&#038;p=1255"},"modified":"2025-12-02T15:08:29","modified_gmt":"2025-12-02T14:08:29","slug":"dergi-seti-12-adet","status":"publish","type":"product","link":"https:\/\/www.vintape.org\/?product=dergi-seti-12-adet","title":{"rendered":"Dergi Seti 12 Adet"},"content":{"rendered":"<p>Say\u0131lar:<\/p>\n<p>D\u00fc\u015f\u00fcnbil Say\u0131 58<\/p>\n<p>D\u00fc\u015f\u00fcnbil Say\u0131 61<\/p>\n<p>D\u00fc\u015f\u00fcnbil Say\u0131 63<\/p>\n<p>D\u00fc\u015f\u00fcnbil Say\u0131 73<\/p>\n<p>D\u00fc\u015f\u00fcnbil Say\u0131 94<\/p>\n<p>D\u00fc\u015f\u00fcnbil Say\u0131 100<\/p>\n<p>D\u00fc\u015f\u00fcnbil Say\u0131 101<\/p>\n<p>D\u00fc\u015f\u00fcnbil Say\u0131 107<\/p>\n<p>D\u00fc\u015f\u00fcnbil Say\u0131 109<\/p>\n<p>D\u00fc\u015f\u00fcnbil Say\u0131 111<\/p>\n<p>D\u00fc\u015f\u00fcnbil Ar\u015fiv 01<\/p>\n<p>D\u00fc\u015f\u00fcnbil Ar\u015fiv 02<\/p>\n","protected":false},"excerpt":{"rendered":"<p>Say\u0131lar: D\u00fc\u015f\u00fcnbil Say\u0131 58 D\u00fc\u015f\u00fcnbil Say\u0131 61 D\u00fc\u015f\u00fcnbil Say\u0131 63 D\u00fc\u015f\u00fcnbil Say\u0131 73 D\u00fc\u015f\u00fcnbil Say\u0131 94 D\u00fc\u015f\u00fcnbil Say\u0131 100 D\u00fc\u015f\u00fcnbil Say\u0131 101 D\u00fc\u015f\u00fcnbil Say\u0131 107 D\u00fc\u015f\u00fcnbil Say\u0131 109 D\u00fc\u015f\u00fcnbil Say\u0131<\/p>\n","protected":false},"featured_media":0,"comment_status":"open","ping_status":"closed","template":"","meta":[],"product_cat":[175],"product_tag":[],"class_list":{"0":"post-1255","1":"product","2":"type-product","3":"status-publish","5":"product_cat-cd","7":"first","8":"outofstock","9":"sale","10":"shipping-taxable","11":"purchasable","12":"product-type-simple"},"_links":{"self":[{"href":"https:\/\/www.vintape.org\/index.php?rest_route=\/wp\/v2\/product\/1255","targetHints":{"allow":["GET"]}}],"collection":[{"href":"https:\/\/www.vintape.org\/index.php?rest_route=\/wp\/v2\/product"}],"about":[{"href":"https:\/\/www.vintape.org\/index.php?rest_route=\/wp\/v2\/types\/product"}],"replies":[{"embeddable":true,"href":"https:\/\/www.vintape.org\/index.php?rest_route=%2Fwp%2Fv2%2Fcomments&post=1255"}],"version-history":[{"count":1,"href":"https:\/\/www.vintape.org\/index.php?rest_route=\/wp\/v2\/product\/1255\/revisions"}],"predecessor-version":[{"id":1256,"href":"https:\/\/www.vintape.org\/index.php?rest_route=\/wp\/v2\/product\/1255\/revisions\/1256"}],"wp:attachment":[{"href":"https:\/\/www.vintape.org\/index.php?rest_route=%2Fwp%2Fv2%2Fmedia&parent=1255"}],"wp:term":[{"taxonomy":"product_cat","embeddable":true,"href":"https:\/\/www.vintape.org\/index.php?rest_route=%2Fwp%2Fv2%2Fproduct_cat&post=1255"},{"taxonomy":"product_tag","embeddable":true,"href":"https:\/\/www.vintape.org\/index.php?rest_route=%2Fwp%2Fv2%2Fproduct_tag&post=1255"}],"curies":[{"name":"wp","href":"https:\/\/api.w.org\/{rel}","templated":true}]}}