{"id":125,"date":"2019-10-04T01:05:42","date_gmt":"2019-10-03T22:05:42","guid":{"rendered":"https:\/\/www.vintape.org\/urun\/import-placeholder-for-225\/"},"modified":"2019-10-04T01:05:47","modified_gmt":"2019-10-03T22:05:47","slug":"dusunbil-sayi-46","status":"publish","type":"product","link":"https:\/\/www.vintape.org\/?product=dusunbil-sayi-46","title":{"rendered":"D\u00fc\u015f\u00fcnbil Say\u0131 46"},"content":{"rendered":"<p><span style=\"color: #000000;\">\u0130nan\u00e7 U\u011fruna Neden \u0130nsan \u00d6ld\u00fcr\u00fcl\u00fcr<\/span><br \/>\n<span style=\"color: #000000;\"> St\u00e9phane Charbonnier<\/span><\/p>\n<p><span style=\"color: #000000;\">Cehennemin Kap\u0131s\u0131n\u0131 Aralayan Ger\u00e7ek: Evrim<\/span><br \/>\n<span style=\"color: #000000;\"> Philippe Honor\u00e9<\/span><\/p>\n<p><span style=\"color: #000000;\">Bir \u0130deoloji Olarak Din<\/span><br \/>\n<span style=\"color: #000000;\"> Jean Cabut<\/span><\/p>\n<p><span style=\"color: #000000;\">Bir Nevroz Olarak Din<\/span><br \/>\n<span style=\"color: #000000;\"> Bernard Verlhac<\/span><\/p>\n<p><span style=\"color: #000000;\">Bir Baba Olarak Tanr\u0131<\/span><br \/>\n<span style=\"color: #000000;\"> Georges Wolinski<\/span><\/p>\n<p><span style=\"color: #000000;\">Bir Afyon Olarak Din<\/span><br \/>\n<span style=\"color: #000000;\"> Elsa Cayat<\/span><\/p>\n<p><span style=\"color: #000000;\">Orta\u00e7a\u011f Avrupas\u0131\u2019nda Din ve \u015eiddetin Tarihi<\/span><br \/>\n<span style=\"color: #000000;\"> Olcay BA\u011eIR<\/span><\/p>\n<p><span style=\"color: #000000;\">Din ve \u0130nfantil \u0130ll\u00fczyon<\/span><br \/>\n<span style=\"color: #000000;\"> Cengiz G\u00fcle\u00e7<\/span><\/p>\n<p><span style=\"color: #000000;\">K\u00fcresel Cihad<\/span><br \/>\n<span style=\"color: #000000;\"> Engin Erkiner<\/span><\/p>\n<p><span style=\"color: #000000;\">\u015eiddetin Kayna\u011f\u0131 \u00d6tekile\u015ftirme Bi\u00e7imimizde Yatar<\/span><br \/>\n<span style=\"color: #000000;\"> Mutluhan \u0130zmir<\/span><\/p>\n<p><span style=\"color: #000000;\">Dinsel Ter\u00f6r Kimin \u0130\u015fine Yar\u0131yor?<\/span><br \/>\n<span style=\"color: #000000;\"> Abdullah \u015eevki<\/span><\/p>\n<p><span style=\"color: #000000;\">Freud, Marx ve Kierkegaard<\/span><br \/>\n<span style=\"color: #000000;\"> Freder\u0131ck J. Hacker<\/span><br \/>\n<span style=\"color: #000000;\"> \u00c7eviren: Evin\u00e7 Din\u00e7er<\/span><\/p>\n<p><span style=\"color: #000000;\">Hint Uygarl\u0131\u011f\u0131 ve Tiyatrosu \u00dczerine<\/span><br \/>\n<span style=\"color: #000000;\"> Serkan F\u0131rt\u0131na<\/span><\/p>\n<p><span style=\"color: #000000;\">Buyurun Beyler, \u015eu Sorunu \u00c7\u00f6zelim\u2026<\/span><br \/>\n<span style=\"color: #000000;\"> Olcay Y\u0131lmaz<\/span><\/p>\n<p><span style=\"color: #000000;\">\u00dctopya Ya Da Distopya Olarak Demokrasi Kavram\u0131<\/span><br \/>\n<span style=\"color: #000000;\"> Halit Payza<\/span><\/p>\n<p><span style=\"color: #000000;\">\u0130nanca Sayg\u0131 Tabusu \u00dczerine<\/span><br \/>\n<span style=\"color: #000000;\"> Mehmet Mirio\u011flu<\/span><\/p>\n<p><span style=\"color: #000000;\">Etkinlikler<\/span><br \/>\n<span style=\"color: #000000;\"> (Seminer, Panel, Sempozyum)<\/span><\/p>\n<p><span style=\"color: #000000;\">Kitap Kurdu<\/span><br \/>\n<span style=\"color: #000000;\"> (Dergi ve Kitap)<\/span><\/p>\n","protected":false},"excerpt":{"rendered":"<p>\u0130nan\u00e7 U\u011fruna Neden \u0130nsan \u00d6ld\u00fcr\u00fcl\u00fcr St\u00e9phane Charbonnier Cehennemin Kap\u0131s\u0131n\u0131 Aralayan Ger\u00e7ek: Evrim Philippe Honor\u00e9 Bir \u0130deoloji Olarak Din Jean Cabut Bir Nevroz Olarak Din Bernard Verlhac Bir Baba Olarak Tanr\u0131<\/p>\n","protected":false},"featured_media":155,"comment_status":"open","ping_status":"closed","template":"","meta":[],"product_cat":[21],"product_tag":[],"class_list":{"0":"post-125","1":"product","2":"type-product","3":"status-publish","4":"has-post-thumbnail","6":"product_cat-magazine","8":"first","9":"outofstock","10":"shipping-taxable","11":"purchasable","12":"product-type-simple"},"_links":{"self":[{"href":"https:\/\/www.vintape.org\/index.php?rest_route=\/wp\/v2\/product\/125","targetHints":{"allow":["GET"]}}],"collection":[{"href":"https:\/\/www.vintape.org\/index.php?rest_route=\/wp\/v2\/product"}],"about":[{"href":"https:\/\/www.vintape.org\/index.php?rest_route=\/wp\/v2\/types\/product"}],"replies":[{"embeddable":true,"href":"https:\/\/www.vintape.org\/index.php?rest_route=%2Fwp%2Fv2%2Fcomments&post=125"}],"version-history":[{"count":0,"href":"https:\/\/www.vintape.org\/index.php?rest_route=\/wp\/v2\/product\/125\/revisions"}],"wp:featuredmedia":[{"embeddable":true,"href":"https:\/\/www.vintape.org\/index.php?rest_route=\/wp\/v2\/media\/155"}],"wp:attachment":[{"href":"https:\/\/www.vintape.org\/index.php?rest_route=%2Fwp%2Fv2%2Fmedia&parent=125"}],"wp:term":[{"taxonomy":"product_cat","embeddable":true,"href":"https:\/\/www.vintape.org\/index.php?rest_route=%2Fwp%2Fv2%2Fproduct_cat&post=125"},{"taxonomy":"product_tag","embeddable":true,"href":"https:\/\/www.vintape.org\/index.php?rest_route=%2Fwp%2Fv2%2Fproduct_tag&post=125"}],"curies":[{"name":"wp","href":"https:\/\/api.w.org\/{rel}","templated":true}]}}