{"id":124,"date":"2019-10-04T01:05:42","date_gmt":"2019-10-03T22:05:42","guid":{"rendered":"https:\/\/www.vintape.org\/urun\/import-placeholder-for-135\/"},"modified":"2019-10-04T01:05:47","modified_gmt":"2019-10-03T22:05:47","slug":"dusunbil-sayi-43","status":"publish","type":"product","link":"https:\/\/www.vintape.org\/?product=dusunbil-sayi-43","title":{"rendered":"D\u00fc\u015f\u00fcnbil Say\u0131 43"},"content":{"rendered":"<p><span style=\"color: #000000;\">Psikiyatri ve Felsefe, Freud ve Felsefe<\/span><br \/>\n<span style=\"color: #000000;\"> Prof. Dr. Yaman \u00d6rs<\/span><\/p>\n<p><span style=\"color: #000000;\">\u0130lerleyen Zihine Kar\u015f\u0131 Gerileyen Beyin \u0130kilemi<\/span><br \/>\n<span style=\"color: #000000;\"> Prof. Dr. Banu Cang\u00f6z<\/span><\/p>\n<p><span style=\"color: #000000;\">\u00d6znellik ve N\u00f6robiyoloji A\u00e7\u0131s\u0131ndan Psikanalitik Kuramc\u0131lar\u0131n\u0131n Zihin Yap\u0131lar\u0131<\/span><br \/>\n<span style=\"color: #000000;\"> Uz. Dr. Tahir \u00d6zakka\u015f<\/span><\/p>\n<p><span style=\"color: #000000;\">Freud\u2019un Topografyas\u0131ndan Lacan\u2019\u0131n Topografyas\u0131na<\/span><br \/>\n<span style=\"color: #000000;\"> Uzm. Dr. Mutluhan \u0130zmir<\/span><\/p>\n<p><span style=\"color: #000000;\">\u201cZihin Kavram\u0131\u201d A\u00e7\u0131s\u0131ndan Descartes\u00e7i \u0130kicili\u011fin Ele\u015ftirisi<\/span><br \/>\n<span style=\"color: #000000;\"> Prof. Dr. Sara \u00c7elik<\/span><\/p>\n<p><span style=\"color: #000000;\">A\u00e7\u0131k Zihin ve Kapal\u0131 Zihin<\/span><br \/>\n<span style=\"color: #000000;\"> Yrd. Do\u00e7. Dr. Mehmet Kas\u0131m \u00d6zgen<\/span><\/p>\n<p><span style=\"color: #000000;\">Ger\u00e7eklik ve \u00d6znellik: Psikanaliz, Felsefe ve N\u00f6ropsikanaliz I\u015f\u0131\u011f\u0131nda \u0130nsan\u0131n Varolu\u015fu<\/span><br \/>\n<span style=\"color: #000000;\"> Uzm. Psk. Ferhat Jak \u0130\u00e7\u00f6z<\/span><\/p>\n<p><span style=\"color: #000000;\">Schopenhauer\u2019da \u00d6zg\u00fcr \u0130rade Sorunu ve Akl\u0131n \u0130\u015flevi<\/span><br \/>\n<span style=\"color: #000000;\"> Do\u00e7. Dr. Hamdi Bravo<\/span><\/p>\n<p><span style=\"color: #000000;\">Beden ve Zihnin Bulu\u015ftu\u011fu Yer: D\u00fcrt\u00fc<\/span><br \/>\n<span style=\"color: #000000;\"> Do\u00e7. Dr. Gamze \u00d6z\u00e7\u00fcr\u00fcmez<\/span><\/p>\n<p><span style=\"color: #000000;\">Kuantum Kuram\u0131 ve Bilin\u00e7<\/span><br \/>\n<span style=\"color: #000000;\"> Dr. Necmi Bu\u011fdayc\u0131<\/span><\/p>\n<p><span style=\"color: #000000;\">Do\u011fa Bilimleri ve Bilin\u00e7d\u0131\u015f\u0131<\/span><br \/>\n<span style=\"color: #000000;\"> Engin Erkiner<\/span><\/p>\n<p><span style=\"color: #000000;\">Libido Dergisi<\/span><\/p>\n<p><span style=\"color: #000000;\">Klon \u0130nsanlar<\/span><br \/>\n<span style=\"color: #000000;\"> Olcay Y\u0131lmaz<\/span><\/p>\n","protected":false},"excerpt":{"rendered":"<p>Psikiyatri ve Felsefe, Freud ve Felsefe Prof. Dr. Yaman \u00d6rs \u0130lerleyen Zihine Kar\u015f\u0131 Gerileyen Beyin \u0130kilemi Prof. Dr. Banu Cang\u00f6z \u00d6znellik ve N\u00f6robiyoloji A\u00e7\u0131s\u0131ndan Psikanalitik Kuramc\u0131lar\u0131n\u0131n Zihin Yap\u0131lar\u0131 Uz. Dr.<\/p>\n","protected":false},"featured_media":154,"comment_status":"open","ping_status":"closed","template":"","meta":[],"product_cat":[21],"product_tag":[22,23,24,25],"class_list":{"0":"post-124","1":"product","2":"type-product","3":"status-publish","4":"has-post-thumbnail","6":"product_cat-magazine","7":"product_tag-bilim","8":"product_tag-dergi","9":"product_tag-dusunbil","10":"product_tag-felsefe","12":"first","13":"outofstock","14":"shipping-taxable","15":"purchasable","16":"product-type-simple"},"_links":{"self":[{"href":"https:\/\/www.vintape.org\/index.php?rest_route=\/wp\/v2\/product\/124","targetHints":{"allow":["GET"]}}],"collection":[{"href":"https:\/\/www.vintape.org\/index.php?rest_route=\/wp\/v2\/product"}],"about":[{"href":"https:\/\/www.vintape.org\/index.php?rest_route=\/wp\/v2\/types\/product"}],"replies":[{"embeddable":true,"href":"https:\/\/www.vintape.org\/index.php?rest_route=%2Fwp%2Fv2%2Fcomments&post=124"}],"version-history":[{"count":0,"href":"https:\/\/www.vintape.org\/index.php?rest_route=\/wp\/v2\/product\/124\/revisions"}],"wp:featuredmedia":[{"embeddable":true,"href":"https:\/\/www.vintape.org\/index.php?rest_route=\/wp\/v2\/media\/154"}],"wp:attachment":[{"href":"https:\/\/www.vintape.org\/index.php?rest_route=%2Fwp%2Fv2%2Fmedia&parent=124"}],"wp:term":[{"taxonomy":"product_cat","embeddable":true,"href":"https:\/\/www.vintape.org\/index.php?rest_route=%2Fwp%2Fv2%2Fproduct_cat&post=124"},{"taxonomy":"product_tag","embeddable":true,"href":"https:\/\/www.vintape.org\/index.php?rest_route=%2Fwp%2Fv2%2Fproduct_tag&post=124"}],"curies":[{"name":"wp","href":"https:\/\/api.w.org\/{rel}","templated":true}]}}