{"id":123,"date":"2019-10-04T01:05:42","date_gmt":"2019-10-03T22:05:42","guid":{"rendered":"https:\/\/www.vintape.org\/urun\/import-placeholder-for-134\/"},"modified":"2019-10-04T01:05:46","modified_gmt":"2019-10-03T22:05:46","slug":"dusunbil-sayi-41-42","status":"publish","type":"product","link":"https:\/\/www.vintape.org\/?product=dusunbil-sayi-41-42","title":{"rendered":"D\u00fc\u015f\u00fcnbil Say\u0131 41-42"},"content":{"rendered":"<p><span style=\"color: #000000;\">Freud ve Marksizm<\/span><br \/>\n<span style=\"color: #000000;\"> Ed Blewitt (\u00c7eviren: Emre Oral)<\/span><\/p>\n<p><span style=\"color: #000000;\">Marksizm ve Psikanaliz: \u00d6zg\u00fcrl\u00fck Y\u00f6ntemleri<\/span><br \/>\n<span style=\"color: #000000;\"> Tobias-Ren\u00e9 Wilczek (\u00c7eviren: \u0130lker \u00d6zdemir)<\/span><\/p>\n<p><span style=\"color: #000000;\">Ruh ve Madde: Freud ve Marx<\/span><br \/>\n<span style=\"color: #000000;\"> Frederick Hackeer (\u00c7eviren: Ender G\u00fcrol)<\/span><\/p>\n<p><span style=\"color: #000000;\">Politik Psikoloji<\/span><br \/>\n<span style=\"color: #000000;\"> Engin Erkiner<\/span><\/p>\n<p><span style=\"color: #000000;\">Yeni Solun Ele\u015ftirisi ve Herbert Marcuse<\/span><br \/>\n<span style=\"color: #000000;\"> Maurice Cranston (\u00c7eviren: F. Sanem)<\/span><\/p>\n<p><span style=\"color: #000000;\">Psikanaliz ve Psikolojinin Marksizm \u0130\u00e7indeki \u201cBo\u015f Yeri\u201d<\/span><br \/>\n<span style=\"color: #000000;\"> Frank Brenner (\u00c7eviren: Bar\u0131\u015f Solmaz)<\/span><\/p>\n<p><span style=\"color: #000000;\">Hi\u00e7lik ve Evren<\/span><br \/>\n<span style=\"color: #000000;\"> Abdullah \u015eevki<\/span><\/p>\n<p><span style=\"color: #000000;\">Psikanaliz Felsefesi<\/span><br \/>\n<span style=\"color: #000000;\"> Olcay Y\u0131lmaz<\/span><\/p>\n<p><span style=\"color: #000000;\">Sineman\u0131n Tanr\u0131s\u0131: Kubr\u0131ck<\/span><br \/>\n<span style=\"color: #000000;\"> Olcay Ba\u011f\u0131r<\/span><\/p>\n<p><span style=\"color: #000000;\">Lakatos ve S\u00f6zdebilim Tart\u0131\u015fmalar\u0131 \u00dczerine Birka\u00e7 S\u00f6z<\/span><br \/>\n<span style=\"color: #000000;\"> Tamer Ertangil<\/span><\/p>\n<p><span style=\"color: #000000;\">Kitap Kurdu<\/span><\/p>\n<p><span style=\"color: #000000;\">Kediler ve Kad\u0131nlar<\/span><br \/>\n<span style=\"color: #000000;\"> Olcay Y\u0131lmaz<\/span><\/p>\n<p><span style=\"color: #000000;\">\u201cFreud\u2019un Yanl\u0131\u015f Anla\u015f\u0131lmas\u0131\u201d<\/span><br \/>\n<span style=\"color: #000000;\"> S\u00f6yle\u015fi: Jeffrey Stern (\u00c7eviren: Dr.Sibel Mercan)<\/span><\/p>\n","protected":false},"excerpt":{"rendered":"<p>Freud ve Marksizm Ed Blewitt (\u00c7eviren: Emre Oral) Marksizm ve Psikanaliz: \u00d6zg\u00fcrl\u00fck Y\u00f6ntemleri Tobias-Ren\u00e9 Wilczek (\u00c7eviren: \u0130lker \u00d6zdemir) Ruh ve Madde: Freud ve Marx Frederick Hackeer (\u00c7eviren: Ender G\u00fcrol) Politik<\/p>\n","protected":false},"featured_media":153,"comment_status":"open","ping_status":"closed","template":"","meta":[],"product_cat":[21],"product_tag":[22,23,24,25],"class_list":{"0":"post-123","1":"product","2":"type-product","3":"status-publish","4":"has-post-thumbnail","6":"product_cat-magazine","7":"product_tag-bilim","8":"product_tag-dergi","9":"product_tag-dusunbil","10":"product_tag-felsefe","12":"first","13":"outofstock","14":"shipping-taxable","15":"purchasable","16":"product-type-simple"},"_links":{"self":[{"href":"https:\/\/www.vintape.org\/index.php?rest_route=\/wp\/v2\/product\/123","targetHints":{"allow":["GET"]}}],"collection":[{"href":"https:\/\/www.vintape.org\/index.php?rest_route=\/wp\/v2\/product"}],"about":[{"href":"https:\/\/www.vintape.org\/index.php?rest_route=\/wp\/v2\/types\/product"}],"replies":[{"embeddable":true,"href":"https:\/\/www.vintape.org\/index.php?rest_route=%2Fwp%2Fv2%2Fcomments&post=123"}],"version-history":[{"count":0,"href":"https:\/\/www.vintape.org\/index.php?rest_route=\/wp\/v2\/product\/123\/revisions"}],"wp:featuredmedia":[{"embeddable":true,"href":"https:\/\/www.vintape.org\/index.php?rest_route=\/wp\/v2\/media\/153"}],"wp:attachment":[{"href":"https:\/\/www.vintape.org\/index.php?rest_route=%2Fwp%2Fv2%2Fmedia&parent=123"}],"wp:term":[{"taxonomy":"product_cat","embeddable":true,"href":"https:\/\/www.vintape.org\/index.php?rest_route=%2Fwp%2Fv2%2Fproduct_cat&post=123"},{"taxonomy":"product_tag","embeddable":true,"href":"https:\/\/www.vintape.org\/index.php?rest_route=%2Fwp%2Fv2%2Fproduct_tag&post=123"}],"curies":[{"name":"wp","href":"https:\/\/api.w.org\/{rel}","templated":true}]}}