{"id":122,"date":"2019-10-04T01:05:42","date_gmt":"2019-10-03T22:05:42","guid":{"rendered":"https:\/\/www.vintape.org\/urun\/import-placeholder-for-133\/"},"modified":"2019-10-04T01:05:46","modified_gmt":"2019-10-03T22:05:46","slug":"dusunbil-sayi-39-40","status":"publish","type":"product","link":"https:\/\/www.vintape.org\/?product=dusunbil-sayi-39-40","title":{"rendered":"D\u00fc\u015f\u00fcnbil Say\u0131 39-40"},"content":{"rendered":"<p><span style=\"color: #000000;\">Ger\u00e7ekli\u011fe D\u00fc\u015fen G\u00f6lge: Hologram Evren<\/span><br \/>\n<span style=\"color: #000000;\">Emre Oral<\/span><\/p>\n<p><span style=\"color: #000000;\">Par\u00e7alanm\u0131\u015f Bir Buz Da\u011f\u0131 Olarak Felsefe ve Felsefeci<\/span><br \/>\n<span style=\"color: #000000;\">Olcay Y\u0131lmaz<\/span><\/p>\n<p><span style=\"color: #000000;\">Ac\u0131ya Adanm\u0131\u015f Bir Deha: Charles Baudelaire<\/span><br \/>\n<span style=\"color: #000000;\">Emre Oral<\/span><\/p>\n<p><span style=\"color: #000000;\">Umut Tacirlerinin Yeni Ekmek Kap\u0131s\u0131:Kuantum Piyasas\u0131<\/span><br \/>\n<span style=\"color: #000000;\">Emre Oral<\/span><\/p>\n<p><span style=\"color: #000000;\">Bilim Haber<\/span><br \/>\n<span style=\"color: #000000;\">\u0130nsanl\u0131k Daha Da Et\u00e7il Oluyor<\/span><\/p>\n<p><span style=\"color: #000000;\">K\u0131saca \u0130nsanl\u0131k Tarihi<\/span><br \/>\n<span style=\"color: #000000;\">Ya\u011fmur G\u00fcven\u00e7<\/span><\/p>\n<p><span style=\"color: #000000;\">Evrimsel Psikanaliz<\/span><br \/>\n<span style=\"color: #000000;\">\u00c7eviren: Cemre Topcu<\/span><\/p>\n<p><span style=\"color: #000000;\">\u00d6zg\u00fcr Anayasa<\/span><br \/>\n<span style=\"color: #000000;\">Muhammet Aky\u0131ld\u0131z<\/span><\/p>\n<p><span style=\"color: #000000;\">Kahrolsun Irk\u00e7\u0131l\u0131k<\/span><br \/>\n<span style=\"color: #000000;\">Okan Yolcu<\/span><\/p>\n<p><span style=\"color: #000000;\">Walter Benjamin\u2019in Tarih Tezlerinden<\/span><br \/>\n<span style=\"color: #000000;\">A.Kadir \u015eahin<\/span><\/p>\n<p><span style=\"color: #000000;\">Marx\u2019ta Din Sorunsal\u0131<\/span><br \/>\n<span style=\"color: #000000;\">Halit Payza<\/span><\/p>\n<p><span style=\"color: #000000;\">Sanat\u0131 Anlamak<\/span><br \/>\n<span style=\"color: #000000;\">Serkan F\u0131rt\u0131na<\/span><\/p>\n<p><span style=\"color: #000000;\">\u201cAk\u0131l \u00c7a\u011f\u0131nda \u0130nanc\u0131n Ele\u015ftirisi\u201d B\u00f6l\u00fcm -2-<\/span><br \/>\n<span style=\"color: #000000;\">\u0130lker \u00c7a\u011fatay A\u015f\u0131k<\/span><\/p>\n<p><span style=\"color: #000000;\">Sosyalist Ger\u00e7ek\u00e7ilik \u00dczerine<\/span><br \/>\n<span style=\"color: #000000;\">Refik U\u011fur<\/span><\/p>\n<p><span style=\"color: #000000;\">\u00c7arp\u0131c\u0131 Bir Film: Network<\/span><br \/>\n<span style=\"color: #000000;\">Olcay Ba\u011f\u0131r<\/span><\/p>\n<p><span style=\"color: #000000;\">Gayet Hayati Bir Oyun \/ Conway\u2019in Hayat Oyunu<\/span><br \/>\n<span style=\"color: #000000;\">Emre Oral<\/span><\/p>\n<p><span style=\"color: #000000;\">Freud: The Secret Pass\u0131on (Gizli Hakikatler)<\/span><br \/>\n<span style=\"color: #000000;\">Cemre Topcu<\/span><\/p>\n<p><span style=\"color: #000000;\">Kitap Kurdu<\/span><\/p>\n","protected":false},"excerpt":{"rendered":"<p>Ger\u00e7ekli\u011fe D\u00fc\u015fen G\u00f6lge: Hologram Evren Emre Oral Par\u00e7alanm\u0131\u015f Bir Buz Da\u011f\u0131 Olarak Felsefe ve Felsefeci Olcay Y\u0131lmaz Ac\u0131ya Adanm\u0131\u015f Bir Deha: Charles Baudelaire Emre Oral Umut Tacirlerinin Yeni Ekmek Kap\u0131s\u0131:Kuantum<\/p>\n","protected":false},"featured_media":152,"comment_status":"open","ping_status":"closed","template":"","meta":[],"product_cat":[21],"product_tag":[22,23,24,25],"class_list":{"0":"post-122","1":"product","2":"type-product","3":"status-publish","4":"has-post-thumbnail","6":"product_cat-magazine","7":"product_tag-bilim","8":"product_tag-dergi","9":"product_tag-dusunbil","10":"product_tag-felsefe","12":"first","13":"outofstock","14":"shipping-taxable","15":"purchasable","16":"product-type-simple"},"_links":{"self":[{"href":"https:\/\/www.vintape.org\/index.php?rest_route=\/wp\/v2\/product\/122","targetHints":{"allow":["GET"]}}],"collection":[{"href":"https:\/\/www.vintape.org\/index.php?rest_route=\/wp\/v2\/product"}],"about":[{"href":"https:\/\/www.vintape.org\/index.php?rest_route=\/wp\/v2\/types\/product"}],"replies":[{"embeddable":true,"href":"https:\/\/www.vintape.org\/index.php?rest_route=%2Fwp%2Fv2%2Fcomments&post=122"}],"version-history":[{"count":0,"href":"https:\/\/www.vintape.org\/index.php?rest_route=\/wp\/v2\/product\/122\/revisions"}],"wp:featuredmedia":[{"embeddable":true,"href":"https:\/\/www.vintape.org\/index.php?rest_route=\/wp\/v2\/media\/152"}],"wp:attachment":[{"href":"https:\/\/www.vintape.org\/index.php?rest_route=%2Fwp%2Fv2%2Fmedia&parent=122"}],"wp:term":[{"taxonomy":"product_cat","embeddable":true,"href":"https:\/\/www.vintape.org\/index.php?rest_route=%2Fwp%2Fv2%2Fproduct_cat&post=122"},{"taxonomy":"product_tag","embeddable":true,"href":"https:\/\/www.vintape.org\/index.php?rest_route=%2Fwp%2Fv2%2Fproduct_tag&post=122"}],"curies":[{"name":"wp","href":"https:\/\/api.w.org\/{rel}","templated":true}]}}