{"id":121,"date":"2019-10-04T01:05:42","date_gmt":"2019-10-03T22:05:42","guid":{"rendered":"https:\/\/www.vintape.org\/urun\/import-placeholder-for-132\/"},"modified":"2019-10-04T01:05:45","modified_gmt":"2019-10-03T22:05:45","slug":"dusunbil-sayi-38","status":"publish","type":"product","link":"https:\/\/www.vintape.org\/?product=dusunbil-sayi-38","title":{"rendered":"D\u00fc\u015f\u00fcnbil Say\u0131 38"},"content":{"rendered":"<p><span style=\"color: #000000;\">Teori, Deneyler, Higgs ve Nobel Ne Oldu?<\/span><br \/>\n<span style=\"color: #000000;\"> Emre Oral<\/span><\/p>\n<p><span style=\"color: #000000;\">Gen ve Mem<\/span><br \/>\n<span style=\"color: #000000;\"> Olcay Y\u0131lmaz<\/span><\/p>\n<p><span style=\"color: #000000;\">Modern \u00c7a\u011f\u0131n Siber-Uyu\u015fturucusu: Sosyal Medyada Pop\u00fclerle\u015fen Bilim<\/span><br \/>\n<span style=\"color: #000000;\"> Emre Oral<\/span><\/p>\n<p><span style=\"color: #000000;\">S\u0131n\u0131rda Kavramlar K\u00f6\u015fesi<\/span><br \/>\n<span style=\"color: #000000;\"> Emre Oral<\/span><\/p>\n<p><span style=\"color: #000000;\">I\u015f\u0131k H\u0131z\u0131 Neden Ge\u00e7ilemez?<\/span><br \/>\n<span style=\"color: #000000;\"> Emre Oral<\/span><\/p>\n<p><span style=\"color: #000000;\">Ba\u015fkald\u0131ran \u00dcstger\u00e7ek\u00e7ilik<\/span><br \/>\n<span style=\"color: #000000;\"> Halit Payza<\/span><\/p>\n<p><span style=\"color: #000000;\">\u201cTarihin Belirlenmi\u015f Bir Fizi\u011fi Yoktur\u201d<\/span><br \/>\n<span style=\"color: #000000;\"> Can Murat Demir<\/span><\/p>\n<p><span style=\"color: #000000;\">\u201cAk\u0131l \u00c7a\u011f\u0131nda \u0130nanc\u0131n Ele\u015ftirisi\u201d B\u00f6l\u00fcm -1-<\/span><br \/>\n<span style=\"color: #000000;\"> \u0130lker \u00c7a\u011fatay A\u015f\u0131k<\/span><\/p>\n<p><span style=\"color: #000000;\">Darwin ve Sonras\u0131<\/span><br \/>\n<span style=\"color: #000000;\"> Okan Yolcu<\/span><\/p>\n<p><span style=\"color: #000000;\">Pop\u00fcler Yay\u0131nlara Bir Kar\u015f\u0131 Duru\u015f; Fanzinler<\/span><br \/>\n<span style=\"color: #000000;\"> Bar\u0131\u015f Azar<\/span><\/p>\n<p><span style=\"color: #000000;\">Benmerkezci \u0130nsan\u0131n Kozmolojisi \u00dczerine<\/span><br \/>\n<span style=\"color: #000000;\"> Emre Oral<\/span><\/p>\n<p><span style=\"color: #000000;\">Tarihi Yan\u0131lsamada Paradoks<\/span><br \/>\n<span style=\"color: #000000;\"> Ya\u011fmur G\u00fcven\u00e7<\/span><\/p>\n<p><span style=\"color: #000000;\">Kitap Yasaklama \u00dczerine D\u00fc\u015f\u00fcnceler<\/span><br \/>\n<span style=\"color: #000000;\"> Hikmet Ulu\u011fbay<\/span><\/p>\n<p><span style=\"color: #000000;\">\u201cHepimiz Katiliz\u201d<\/span><br \/>\n<span style=\"color: #000000;\"> Sevra F\u0131r\u0131nc\u0131o\u011fullar\u0131<\/span><\/p>\n<p><span style=\"color: #000000;\">Bilim D\u00fcnyas\u0131ndan \/ Emre Oral<\/span><br \/>\n<span style=\"color: #000000;\"> \u2013 Bir ISON Ge\u00e7iyor G\u00f6ky\u00fcz\u00fcnden<\/span><br \/>\n<span style=\"color: #000000;\"> \u2013 Kar\u0131ncalar da \u0130nsanlar Gibi, \u00d6nceliklerini De\u011fi\u015ftirebiliyor!<\/span><br \/>\n<span style=\"color: #000000;\"> \u2013 Ya\u015fanabilir Gezegenler Ne Kadar Yayg\u0131n?<\/span><br \/>\n<span style=\"color: #000000;\"> \u2013 Kennedy Suikast\u0131 Neden \u0130zleyen Y\u0131llarda,<\/span><br \/>\n<span style=\"color: #000000;\"> \u2013 Dallas\u2019ta Kalp Krizlerini Art\u0131rd\u0131?<\/span><br \/>\n<span style=\"color: #000000;\"> \u2013 Bilim \u0130nsanlar\u0131 I\u015f\u0131ktan Madde Yaratt\u0131lar!<\/span><\/p>\n<p><span style=\"color: #000000;\">\u0130mgelerle Dolu Bir Klasik: Cam Armonika<\/span><br \/>\n<span style=\"color: #000000;\"> Emre Oral<\/span><\/p>\n<p><span style=\"color: #000000;\">Libido Dergisi<\/span><\/p>\n<p><span style=\"color: #000000;\">Ba\u015fbakan\u0131n Psikanalizi<\/span><br \/>\n<span style=\"color: #000000;\"> Olcay Y\u0131lmaz<\/span><\/p>\n<p><span style=\"color: #000000;\">Psikanaliz Nedir?<\/span><br \/>\n<span style=\"color: #000000;\"> Olcay Y\u0131lmaz<\/span><\/p>\n<p><span style=\"color: #000000;\">Kitap Kurdu<\/span><\/p>\n","protected":false},"excerpt":{"rendered":"<p>Teori, Deneyler, Higgs ve Nobel Ne Oldu? Emre Oral Gen ve Mem Olcay Y\u0131lmaz Modern \u00c7a\u011f\u0131n Siber-Uyu\u015fturucusu: Sosyal Medyada Pop\u00fclerle\u015fen Bilim Emre Oral S\u0131n\u0131rda Kavramlar K\u00f6\u015fesi Emre Oral I\u015f\u0131k H\u0131z\u0131<\/p>\n","protected":false},"featured_media":151,"comment_status":"open","ping_status":"closed","template":"","meta":[],"product_cat":[21],"product_tag":[22,23,24,25],"class_list":{"0":"post-121","1":"product","2":"type-product","3":"status-publish","4":"has-post-thumbnail","6":"product_cat-magazine","7":"product_tag-bilim","8":"product_tag-dergi","9":"product_tag-dusunbil","10":"product_tag-felsefe","12":"first","13":"outofstock","14":"shipping-taxable","15":"purchasable","16":"product-type-simple"},"_links":{"self":[{"href":"https:\/\/www.vintape.org\/index.php?rest_route=\/wp\/v2\/product\/121","targetHints":{"allow":["GET"]}}],"collection":[{"href":"https:\/\/www.vintape.org\/index.php?rest_route=\/wp\/v2\/product"}],"about":[{"href":"https:\/\/www.vintape.org\/index.php?rest_route=\/wp\/v2\/types\/product"}],"replies":[{"embeddable":true,"href":"https:\/\/www.vintape.org\/index.php?rest_route=%2Fwp%2Fv2%2Fcomments&post=121"}],"version-history":[{"count":0,"href":"https:\/\/www.vintape.org\/index.php?rest_route=\/wp\/v2\/product\/121\/revisions"}],"wp:featuredmedia":[{"embeddable":true,"href":"https:\/\/www.vintape.org\/index.php?rest_route=\/wp\/v2\/media\/151"}],"wp:attachment":[{"href":"https:\/\/www.vintape.org\/index.php?rest_route=%2Fwp%2Fv2%2Fmedia&parent=121"}],"wp:term":[{"taxonomy":"product_cat","embeddable":true,"href":"https:\/\/www.vintape.org\/index.php?rest_route=%2Fwp%2Fv2%2Fproduct_cat&post=121"},{"taxonomy":"product_tag","embeddable":true,"href":"https:\/\/www.vintape.org\/index.php?rest_route=%2Fwp%2Fv2%2Fproduct_tag&post=121"}],"curies":[{"name":"wp","href":"https:\/\/api.w.org\/{rel}","templated":true}]}}