{"id":120,"date":"2019-10-04T01:05:42","date_gmt":"2019-10-03T22:05:42","guid":{"rendered":"https:\/\/www.vintape.org\/urun\/import-placeholder-for-131\/"},"modified":"2019-10-04T01:05:45","modified_gmt":"2019-10-03T22:05:45","slug":"dusunbil-sayi-37","status":"publish","type":"product","link":"https:\/\/www.vintape.org\/?product=dusunbil-sayi-37","title":{"rendered":"D\u00fc\u015f\u00fcnbil Say\u0131 37"},"content":{"rendered":"<p><span style=\"color: #000000;\">Fight Club &amp; V For Vendetta Felsefi ve Psikanalitik Bak\u0131\u015f<\/span><br \/>\n<span style=\"color: #000000;\"> Olcay Y\u0131lmaz<\/span><\/p>\n<p><span style=\"color: #000000;\">Felsefe Olarak Film: \u201cFarkl\u0131 \u0130fadelerle Aktarma Problemi\u201dnde Kilitlenmi\u015f Bir Tart\u0131\u015fma<\/span><br \/>\n<span style=\"color: #000000;\"> U\u011fur Ayta\u00e7<\/span><\/p>\n<p><span style=\"color: #000000;\">Tanr\u0131 \u00f6ld\u00fc ve ben yorgunum: Tarr\u2019dan Nietzsche\u2019ye Hi\u00e7lik A\u011f\u0131t\u0131<\/span><br \/>\n<span style=\"color: #000000;\"> Cem Zengin<\/span><\/p>\n<p><span style=\"color: #000000;\">Kev\u0131n Hakk\u0131nda Konu\u015fmal\u0131y\u0131z<\/span><br \/>\n<span style=\"color: #000000;\"> Berkcan \u0130kizler \u2013 Aylin \u00c7\u0131takba\u015f \u2013 Ezgi Bahad\u0131r<\/span><\/p>\n<p><span style=\"color: #000000;\">Yedinci Sanata Selam \u00c7akan Bir Film \u201cUvert\u00fcr\u201d<\/span><br \/>\n<span style=\"color: #000000;\"> Serkan F\u0131rt\u0131na<\/span><\/p>\n<p><span style=\"color: #000000;\">\u00d6zg\u00fcrl\u00fc\u011f\u00fc(n) HayalEt(i) Luis Bunuel, The Phantom Of Liberty(1974)<\/span><br \/>\n<span style=\"color: #000000;\"> \u0130rem G\u00fcr\u015fim\u015fir<\/span><\/p>\n<p><span style=\"color: #000000;\">\u201cMetager\u00e7ekli\u011fe\u201d Yolculuk, Stalker ve Tarkovsky<\/span><br \/>\n<span style=\"color: #000000;\"> Murat Mufettisoglu<\/span><\/p>\n<p><span style=\"color: #000000;\">Simurg<\/span><br \/>\n<span style=\"color: #000000;\"> Okan Yolcu<\/span><\/p>\n<p><span style=\"color: #000000;\">Olimpo Garaj\u0131 Filminin \u0130leti\u015fim Mekan\u0131 Ba\u011flam\u0131nda \u0130ncelenmesi<\/span><br \/>\n<span style=\"color: #000000;\"> Faruk \u00c7ay\u0131r<\/span><\/p>\n<p><span style=\"color: #000000;\">Uyand\u0131rma Dersleri<\/span><br \/>\n<span style=\"color: #000000;\"> Muhammet Aky\u0131ld\u0131z<\/span><\/p>\n<p><span style=\"color: #000000;\">Haf\u0131za Nas\u0131l \u0130\u015fler?<\/span><br \/>\n<span style=\"color: #000000;\"> Emre Oral<\/span><\/p>\n<p><span style=\"color: #000000;\">Tart\u0131n\u0131n D\u0131\u015f\u0131ndaki K\u00fctle: Karanl\u0131k Madde<\/span><br \/>\n<span style=\"color: #000000;\"> Emre Oral<\/span><\/p>\n<p><span style=\"color: #000000;\">Pandora\u2019n\u0131n Mavi-Ye\u015fil Kutusu: D\u00fcnya, Sakinleri Ve Ge\u00e7mi\u015fi \u00dczerine Bir \u00d6yk\u00fc<\/span><br \/>\n<span style=\"color: #000000;\"> Emre Oral<\/span><\/p>\n<p><span style=\"color: #000000;\">Neler Oluyor?<\/span><br \/>\n<span style=\"color: #000000;\"> Haz\u0131rlayan: Emre Oral<\/span><\/p>\n<p><span style=\"color: #000000;\">\u201cD\u00fc\u015f\u00fcn\u00fcyorum O Halde Var\u0131m\u201d<\/span><br \/>\n<span style=\"color: #000000;\"> Muhammet Aky\u0131ld\u0131z<\/span><\/p>\n<p><span style=\"color: #000000;\">Kitap Kurdu<\/span><\/p>\n","protected":false},"excerpt":{"rendered":"<p>Fight Club &amp; V For Vendetta Felsefi ve Psikanalitik Bak\u0131\u015f Olcay Y\u0131lmaz Felsefe Olarak Film: \u201cFarkl\u0131 \u0130fadelerle Aktarma Problemi\u201dnde Kilitlenmi\u015f Bir Tart\u0131\u015fma U\u011fur Ayta\u00e7 Tanr\u0131 \u00f6ld\u00fc ve ben yorgunum: Tarr\u2019dan<\/p>\n","protected":false},"featured_media":150,"comment_status":"open","ping_status":"closed","template":"","meta":[],"product_cat":[21],"product_tag":[22,23,24,25],"class_list":{"0":"post-120","1":"product","2":"type-product","3":"status-publish","4":"has-post-thumbnail","6":"product_cat-magazine","7":"product_tag-bilim","8":"product_tag-dergi","9":"product_tag-dusunbil","10":"product_tag-felsefe","12":"first","13":"outofstock","14":"shipping-taxable","15":"purchasable","16":"product-type-simple"},"_links":{"self":[{"href":"https:\/\/www.vintape.org\/index.php?rest_route=\/wp\/v2\/product\/120","targetHints":{"allow":["GET"]}}],"collection":[{"href":"https:\/\/www.vintape.org\/index.php?rest_route=\/wp\/v2\/product"}],"about":[{"href":"https:\/\/www.vintape.org\/index.php?rest_route=\/wp\/v2\/types\/product"}],"replies":[{"embeddable":true,"href":"https:\/\/www.vintape.org\/index.php?rest_route=%2Fwp%2Fv2%2Fcomments&post=120"}],"version-history":[{"count":0,"href":"https:\/\/www.vintape.org\/index.php?rest_route=\/wp\/v2\/product\/120\/revisions"}],"wp:featuredmedia":[{"embeddable":true,"href":"https:\/\/www.vintape.org\/index.php?rest_route=\/wp\/v2\/media\/150"}],"wp:attachment":[{"href":"https:\/\/www.vintape.org\/index.php?rest_route=%2Fwp%2Fv2%2Fmedia&parent=120"}],"wp:term":[{"taxonomy":"product_cat","embeddable":true,"href":"https:\/\/www.vintape.org\/index.php?rest_route=%2Fwp%2Fv2%2Fproduct_cat&post=120"},{"taxonomy":"product_tag","embeddable":true,"href":"https:\/\/www.vintape.org\/index.php?rest_route=%2Fwp%2Fv2%2Fproduct_tag&post=120"}],"curies":[{"name":"wp","href":"https:\/\/api.w.org\/{rel}","templated":true}]}}