{"id":1152,"date":"2023-03-18T00:07:31","date_gmt":"2023-03-17T23:07:31","guid":{"rendered":"https:\/\/www.vintape.org\/?post_type=product&#038;p=1152"},"modified":"2026-04-13T15:09:33","modified_gmt":"2026-04-13T14:09:33","slug":"dusunbil-arsiv-cilt-01","status":"publish","type":"product","link":"https:\/\/www.vintape.org\/?product=dusunbil-arsiv-cilt-01","title":{"rendered":"D\u00fc\u015f\u00fcnbil Ar\u015fiv &#8211; Cilt 01"},"content":{"rendered":"<div class=\"_2cuy _3dgx\">\n<div class=\"_1mf _1mj\">\n<div class=\"_2cuy _3dgx\">\n<div class=\"_1mf _1mj\">\n<div class=\"_2cuy _3dgx\">\n<div class=\"_1mf _1mj\">\n<div class=\"_2cuy _3dgx\">\n<div class=\"_1mf _1mj\">\n<div class=\"_2cuy _3dgx\">\n<div class=\"_1mf _1mj\">\n<div class=\"_2cuy _3dgx\">\n<div class=\"_1mf _1mj\">\n<div class=\"_2cuy _3dgx\">\n<div class=\"_1mf _1mj\">\n<div class=\"_2cuy _3dgx\">\n<div class=\"_1mf _1mj\">\n<div class=\"_2cuy _3dgx\">\n<div class=\"_1mf _1mj\">\n<div class=\"_2cuy _3dgx\">\n<div class=\"_1mf _1mj\">\n<div class=\"_2cuy _3dgx\">\n<div class=\"_1mf _1mj\">\n<div class=\"_2cuy _3dgx\">\n<div class=\"_1mf _1mj\">\n<div class=\"_2cuy _3dgx\">\n<div class=\"_1mf _1mj\">\n<div class=\"_2cuy _3dgx\">\n<div class=\"_1mf _1mj\">\n<div class=\"_2cuy _3dgx\">\n<div class=\"_1mf _1mj\">\n<div class=\"_2cuy _3dgx\">\n<div class=\"_1mf _1mj\">\n<div class=\"_2cuy _3dgx\">\n<div class=\"_1mf _1mj\">\n<div class=\"_2cuy _3dgx\">\n<div class=\"_1mf _1mj\">\n<div class=\"_2cuy _3dgx\">\n<div class=\"_1mf _1mj\">\n<div class=\"_2cuy _3dgx\">\n<div class=\"_1mf _1mj\">\n<div class=\"_2cuy _3dgx\">\n<div class=\"_1mf _1mj\">\n<div class=\"_2cuy _3dgx\">\n<div class=\"_1mf _1mj\">\n<div class=\"_2cuy _3dgx\">\n<div class=\"_1mf _1mj\">\n<div class=\"_2cuy _3dgx\">\n<div class=\"_1mf _1mj\">\n<div class=\"_2cuy _3dgx\">\n<div class=\"_1mf _1mj\">\n<div class=\"_2cuy _3dgx\">\n<div class=\"_1mf _1mj\">\n<div class=\"_2cuy _3dgx\">\n<div class=\"_1mf _1mj\">\n<div class=\"_2cuy _3dgx\">\n<div class=\"_1mf _1mj\">\n<div class=\"_2cuy _3dgx\">\n<div class=\"_1mf _1mj\">\n<div class=\"_2cuy _3dgx\">\n<div class=\"_1mf _1mj\">\n<div class=\"_2cuy _3dgx\">\n<div class=\"_1mf _1mj\">\n<div class=\"_2cuy _3dgx\">\n<div class=\"_1mf _1mj\">\n<div class=\"_2cuy _3dgx\">\n<div class=\"_1mf _1mj\">\n<div class=\"_2cuy _3dgx\">\n<div class=\"_1mf _1mj\">\n<div class=\"_2cuy _3dgx\">\n<div class=\"_1mf _1mj\">\n<div class=\"_2cuy _3dgx\">\n<div class=\"_1mf _1mj\">\n<div class=\"_2cuy _3dgx\">\n<div class=\"_1mf _1mj\">\n<div class=\"_2cuy _3dgx\">\n<div class=\"_1mf _1mj\">\n<div class=\"_2cuy _3dgx\">\n<div class=\"_1mf _1mj\">\n<div class=\"_2cuy _3dgx\">\n<div class=\"_1mf _1mj\">\n<div class=\"_2cuy _3dgx\">\n<div class=\"_1mf _1mj\">\n<div class=\"_2cuy _3dgx\">\n<div class=\"_1mf _1mj\">\n<div class=\"_2cuy _3dgx\">\n<div class=\"_1mf _1mj\">\n<div class=\"_2cuy _3dgx\">\n<div class=\"_1mf _1mj\">\n<div class=\"_2cuy _3dgx\">\n<div class=\"_1mf _1mj\">\n<div class=\"_2cuy _3dgx\">\n<div class=\"_1mf _1mj\">\n<div class=\"_2cuy _3dgx\">\n<div class=\"_1mf _1mj\">\n<div class=\"_2cuy _3dgx\">\n<div class=\"_1mf _1mj\">\n<div class=\"_2cuy _3dgx\">\n<div class=\"_1mf _1mj\">\n<div class=\"_2cuy _3dgx\">\n<div class=\"_1mf _1mj\">\n<div class=\"_2cuy _3dgx\">\n<div class=\"_1mf _1mj\">\n<div class=\"_2cuy _3dgx\">\n<div class=\"_1mf _1mj\">\n<div class=\"_2cuy _3dgx\">\n<div class=\"_1mf _1mj\">\n<div class=\"_2cuy _3dgx\">\n<div class=\"_1mf _1mj\">\n<div class=\"_2cuy _3dgx\">\n<div class=\"_1mf _1mj\">\n<div class=\"_2cuy _3dgx\">\n<div class=\"_1mf _1mj\">\n<div class=\"_2cuy _3dgx\">\n<div class=\"_1mf _1mj\">\n<div class=\"_2cuy _3dgx\">\n<div class=\"_1mf _1mj\">\n<div class=\"_2cuy _3dgx\">\n<div class=\"_1mf _1mj\">\n<div class=\"_2cuy _3dgx\">\n<div class=\"_1mf _1mj\">\n<div class=\"_2cuy _3dgx\">\n<div class=\"_1mf _1mj\">\n<div class=\"_1mf _1mj\">\n<ul>\n<li>Edit\u00f6r:<span style=\"color: #000000;\"> Olcay Y\u0131lmaz<\/span><\/li>\n<\/ul>\n<div>\n<div><span style=\"color: #000000;\"><strong>\u00c7eviri Edit\u00f6r\u00fc:<\/strong> Onur Demir<\/span><\/div>\n<div><span style=\"color: #000000;\"><strong>D\u00fczeltme ve Son Okuma:<\/strong> Cemre Y\u0131lmaz<\/span><\/div>\n<div><span style=\"color: #000000;\"><strong>Yay\u0131nevi:<\/strong> D\u00fc\u015f\u00fcnbil Yay\u0131nc\u0131l\u0131k<\/span><\/div>\n<div><span style=\"color: #000000;\"><strong>Sayfa:<\/strong> 80 Sayfa<\/span><\/div>\n<div>\n<p><span style=\"color: #000000;\"><strong>Boyut:<\/strong> 19,5 x 27,5 cm<\/span><\/p>\n<\/div>\n<div><\/div>\n<div>\n<p><span style=\"color: #000000;\"><strong>\u0130\u00c7\u0130NDEK\u0130LER<\/strong><\/span><\/p>\n<p><span style=\"color: #000000;\"><strong>Psikanaliz ve Psikolojinin Marksizm \u0130\u00e7indeki \u201cBo\u015f Yeri\u201d<br \/>\n<\/strong>Frank Brenner<\/span><br \/>\n<span style=\"color: #000000;\">\u00c7eviren: Bar\u0131\u015f Solmaz<\/span><\/p>\n<p><span style=\"color: #000000;\"><strong>Korkusuz D\u00fc\u015f\u00fcnce: Sovyetler Birli\u011finde Psikanaliz<br \/>\n<\/strong>Frank Brenner<\/span><br \/>\n<span style=\"color: #000000;\">\u00c7eviren: Bar\u0131\u015f Solmaz<\/span><\/p>\n<\/div>\n<\/div>\n<\/div>\n<div class=\"_1mf _1mj\">\n<div>\n<p><span style=\"color: #000000;\"><strong>\u201cKorkusuz D\u00fc\u015f\u00fcnce: Sovyetler Birli\u011finde Psikanaliz\u201d <\/strong><strong>Yaz\u0131s\u0131 \u00dczerine Bir Yorum<br \/>\n<\/strong>\u00c7eviren: Meltem \u00c7etin Sever<\/span><\/p>\n<p><span style=\"color: #000000;\"><strong>Freudyenizm ve Marksizm \u00dczerine Mektupla\u015fma -I<br \/>\n<\/strong>Allen Whyte<\/span><br \/>\n<span style=\"color: #000000;\">\u00c7eviren: Ay\u015fe Kalav<\/span><\/p>\n<p><span style=\"color: #000000;\"><strong>Freudyenizm ve Marksizm \u00dczerine Mektupla\u015fma -II<br \/>\n<\/strong>Frank Brenner<\/span><br \/>\n<span style=\"color: #000000;\">\u00c7eviren: Ay\u015fe Kalav<\/span><\/p>\n<\/div>\n<p><span style=\"color: #000000;\"><strong>Freudyenizm ve Marksizm \u00dczerine Alan Whyte ve Frank Brenner Aras\u0131ndaki Mektupla\u015fmaya Bir Okuyucunun Yan\u0131t\u0131<\/strong><\/span><br \/>\n<span style=\"color: #000000;\">Tom Bishop<\/span><br \/>\n<span style=\"color: #000000;\">\u00c7eviren: Sevilcan Ba\u015fak \u00dcnal<\/span><\/p>\n<p><span style=\"color: #000000;\"><strong>Gen\u00e7 Sovyetler Birli\u011fi\u2019nde Freud: Umut ve Hayal K\u0131r\u0131kl\u0131\u011f\u0131<\/strong><\/span><br \/>\n<span style=\"color: #000000;\">Christfried T\u00f6gel<\/span><br \/>\n<span style=\"color: #000000;\">\u00c7eviren: \u00d6zge Kocakula<\/span><\/p>\n<p><span style=\"color: #000000;\"><strong>Marksizm ve Psikanalizde \u00d6zg\u00fcrl\u00fc\u011fe Kavu\u015fma Y\u00f6ntemleri<\/strong><\/span><br \/>\n<span style=\"color: #000000;\">Tobias-Ren\u00e9 Wilczek<\/span><br \/>\n<span style=\"color: #000000;\">\u00c7eviren: Cemre Y\u0131lmaz<\/span><\/p>\n<p><span style=\"color: #000000;\"><strong>Freudyenizm ile Marksizmi Bulu\u015fturmak<\/strong><\/span><br \/>\n<span style=\"color: #000000;\">Ed Blewitt<\/span><br \/>\n<span style=\"color: #000000;\">\u00c7eviren: Emre Oral &amp; Onur Demir<\/span><\/p>\n<p><span style=\"color: #000000;\"><strong>Marx ile Freud\u2019un D\u00fcnyaya Bak\u0131\u015flar\u0131ndaki Radikal Kar\u015f\u0131tl\u0131klar<\/strong><\/span><br \/>\n<span style=\"color: #000000;\">Thomas Alfred Jackson<\/span><br \/>\n<span style=\"color: #000000;\">\u00c7eviren: Deniz Bozkuzu<\/span><\/p>\n<p><span style=\"color: #000000;\"><strong>Wilhelm Reich ve Cinsel Devrim<\/strong><\/span><br \/>\n<span style=\"color: #000000;\">Marie Louise Berneri<\/span><br \/>\n<span style=\"color: #000000;\">\u00c7eviren: Ferhat Bay\u0131k<\/span><\/p>\n<\/div>\n<\/div>\n<\/div>\n<\/div>\n<\/div>\n<\/div>\n<\/div>\n<\/div>\n<\/div>\n<\/div>\n<\/div>\n<\/div>\n<\/div>\n<\/div>\n<\/div>\n<\/div>\n<\/div>\n<\/div>\n<\/div>\n<\/div>\n<\/div>\n<\/div>\n<\/div>\n<\/div>\n<\/div>\n<\/div>\n<\/div>\n<\/div>\n<\/div>\n<\/div>\n<\/div>\n<\/div>\n<\/div>\n<\/div>\n<\/div>\n<\/div>\n<\/div>\n<\/div>\n<\/div>\n<\/div>\n<\/div>\n<\/div>\n<\/div>\n<\/div>\n<\/div>\n<\/div>\n<\/div>\n<\/div>\n<\/div>\n<\/div>\n<\/div>\n<\/div>\n<\/div>\n<\/div>\n<\/div>\n<\/div>\n<\/div>\n<\/div>\n<\/div>\n<\/div>\n<\/div>\n<\/div>\n<\/div>\n<\/div>\n<\/div>\n<\/div>\n<\/div>\n<\/div>\n<\/div>\n<\/div>\n<\/div>\n<\/div>\n<\/div>\n<\/div>\n<\/div>\n<\/div>\n<\/div>\n<\/div>\n<\/div>\n<\/div>\n<\/div>\n<\/div>\n<\/div>\n<\/div>\n<\/div>\n<\/div>\n<\/div>\n<\/div>\n<\/div>\n<\/div>\n<\/div>\n<\/div>\n<\/div>\n<\/div>\n<\/div>\n<\/div>\n<\/div>\n<\/div>\n<\/div>\n<\/div>\n<\/div>\n<\/div>\n<\/div>\n<\/div>\n<\/div>\n<\/div>\n<\/div>\n<\/div>\n<\/div>\n<\/div>\n<\/div>\n<\/div>\n<\/div>\n<\/div>\n<\/div>\n<\/div>\n<\/div>\n<\/div>\n<\/div>\n<\/div>\n<\/div>\n<\/div>\n<\/div>\n","protected":false},"excerpt":{"rendered":"<p>Edit\u00f6r: Olcay Y\u0131lmaz \u00c7eviri Edit\u00f6r\u00fc: Onur Demir D\u00fczeltme ve Son Okuma: Cemre Y\u0131lmaz Yay\u0131nevi: D\u00fc\u015f\u00fcnbil Yay\u0131nc\u0131l\u0131k Sayfa: 80 Sayfa Boyut: 19,5 x 27,5 cm \u0130\u00c7\u0130NDEK\u0130LER Psikanaliz ve Psikolojinin Marksizm \u0130\u00e7indeki<\/p>\n","protected":false},"featured_media":1153,"comment_status":"open","ping_status":"closed","template":"","meta":[],"product_cat":[21],"product_tag":[259,260,258,24],"class_list":{"0":"post-1152","1":"product","2":"type-product","3":"status-publish","4":"has-post-thumbnail","6":"product_cat-magazine","7":"product_tag-anadolu","8":"product_tag-antik","9":"product_tag-arkeoloji","10":"product_tag-dusunbil","12":"first","13":"instock","14":"shipping-taxable","15":"purchasable","16":"product-type-simple"},"_links":{"self":[{"href":"https:\/\/www.vintape.org\/index.php?rest_route=\/wp\/v2\/product\/1152","targetHints":{"allow":["GET"]}}],"collection":[{"href":"https:\/\/www.vintape.org\/index.php?rest_route=\/wp\/v2\/product"}],"about":[{"href":"https:\/\/www.vintape.org\/index.php?rest_route=\/wp\/v2\/types\/product"}],"replies":[{"embeddable":true,"href":"https:\/\/www.vintape.org\/index.php?rest_route=%2Fwp%2Fv2%2Fcomments&post=1152"}],"version-history":[{"count":1,"href":"https:\/\/www.vintape.org\/index.php?rest_route=\/wp\/v2\/product\/1152\/revisions"}],"predecessor-version":[{"id":1262,"href":"https:\/\/www.vintape.org\/index.php?rest_route=\/wp\/v2\/product\/1152\/revisions\/1262"}],"wp:featuredmedia":[{"embeddable":true,"href":"https:\/\/www.vintape.org\/index.php?rest_route=\/wp\/v2\/media\/1153"}],"wp:attachment":[{"href":"https:\/\/www.vintape.org\/index.php?rest_route=%2Fwp%2Fv2%2Fmedia&parent=1152"}],"wp:term":[{"taxonomy":"product_cat","embeddable":true,"href":"https:\/\/www.vintape.org\/index.php?rest_route=%2Fwp%2Fv2%2Fproduct_cat&post=1152"},{"taxonomy":"product_tag","embeddable":true,"href":"https:\/\/www.vintape.org\/index.php?rest_route=%2Fwp%2Fv2%2Fproduct_tag&post=1152"}],"curies":[{"name":"wp","href":"https:\/\/api.w.org\/{rel}","templated":true}]}}