{"id":1058,"date":"2022-12-18T16:15:56","date_gmt":"2022-12-18T15:15:56","guid":{"rendered":"https:\/\/www.vintape.org\/?post_type=product&#038;p=1058"},"modified":"2024-08-08T22:14:34","modified_gmt":"2024-08-08T21:14:34","slug":"zulfu-livaneli-nazim-turkusu-lp","status":"publish","type":"product","link":"https:\/\/www.vintape.org\/?product=zulfu-livaneli-nazim-turkusu-lp","title":{"rendered":"Z\u00fclf\u00fc Livaneli &#8211; Naz\u0131m T\u00fcrk\u00fcs\u00fc (LP)"},"content":{"rendered":"<p><b>Z\u00fclf\u00fc Livaneli &#8211; Naz\u0131m T\u00fcrk\u00fcs\u00fc PLAK\u00a0<\/b><\/p>\n<p><b>A Y\u00fcz\u00fc:<\/b><\/p>\n<ol>\n<li><b>Mehmet\u00e7ik Mehmet<\/b><\/li>\n<li><b>Arhavili \u0130smail<\/b><\/li>\n<li><b>K\u0131z \u00c7ocu\u011fu<\/b><\/li>\n<li><b>\u00dc\u00e7 Saz<\/b><\/li>\n<\/ol>\n<p>&nbsp;<\/p>\n<p><b>B Y\u00fcz\u00fc:\u00a0<\/b><\/p>\n<ol>\n<li><b>Karl\u0131 Kay\u0131n Orman\u0131<\/b><\/li>\n<li><b>Ho\u015f Geldin Bebek<\/b><\/li>\n<li><b>Ho\u015f\u00e7akal Karde\u015fim Deniz<\/b><\/li>\n<li><b>Naz\u0131m T\u00fcrk\u00fcs\u00fc<\/b><\/li>\n<\/ol>\n","protected":false},"excerpt":{"rendered":"<p>Z\u00fclf\u00fc Livaneli &#8211; Naz\u0131m T\u00fcrk\u00fcs\u00fc PLAK\u00a0 A Y\u00fcz\u00fc: Mehmet\u00e7ik Mehmet Arhavili \u0130smail K\u0131z \u00c7ocu\u011fu \u00dc\u00e7 Saz &nbsp; B Y\u00fcz\u00fc:\u00a0 Karl\u0131 Kay\u0131n Orman\u0131 Ho\u015f Geldin Bebek Ho\u015f\u00e7akal Karde\u015fim Deniz Naz\u0131m T\u00fcrk\u00fcs\u00fc<\/p>\n","protected":false},"featured_media":1059,"comment_status":"open","ping_status":"closed","template":"","meta":[],"product_cat":[173],"product_tag":[191,255,190,254],"class_list":{"0":"post-1058","1":"product","2":"type-product","3":"status-publish","4":"has-post-thumbnail","6":"product_cat-vinyl","7":"product_tag-lp","8":"product_tag-nazim-turkusu","9":"product_tag-vinyl","10":"product_tag-zulfu-livaneli","12":"first","13":"outofstock","14":"shipping-taxable","15":"purchasable","16":"product-type-simple"},"_links":{"self":[{"href":"https:\/\/www.vintape.org\/index.php?rest_route=\/wp\/v2\/product\/1058","targetHints":{"allow":["GET"]}}],"collection":[{"href":"https:\/\/www.vintape.org\/index.php?rest_route=\/wp\/v2\/product"}],"about":[{"href":"https:\/\/www.vintape.org\/index.php?rest_route=\/wp\/v2\/types\/product"}],"replies":[{"embeddable":true,"href":"https:\/\/www.vintape.org\/index.php?rest_route=%2Fwp%2Fv2%2Fcomments&post=1058"}],"version-history":[{"count":0,"href":"https:\/\/www.vintape.org\/index.php?rest_route=\/wp\/v2\/product\/1058\/revisions"}],"wp:featuredmedia":[{"embeddable":true,"href":"https:\/\/www.vintape.org\/index.php?rest_route=\/wp\/v2\/media\/1059"}],"wp:attachment":[{"href":"https:\/\/www.vintape.org\/index.php?rest_route=%2Fwp%2Fv2%2Fmedia&parent=1058"}],"wp:term":[{"taxonomy":"product_cat","embeddable":true,"href":"https:\/\/www.vintape.org\/index.php?rest_route=%2Fwp%2Fv2%2Fproduct_cat&post=1058"},{"taxonomy":"product_tag","embeddable":true,"href":"https:\/\/www.vintape.org\/index.php?rest_route=%2Fwp%2Fv2%2Fproduct_tag&post=1058"}],"curies":[{"name":"wp","href":"https:\/\/api.w.org\/{rel}","templated":true}]}}