{"id":1051,"date":"2022-12-18T15:59:03","date_gmt":"2022-12-18T14:59:03","guid":{"rendered":"https:\/\/www.vintape.org\/?post_type=product&#038;p=1051"},"modified":"2026-04-11T17:53:55","modified_gmt":"2026-04-11T16:53:55","slug":"ilhan-irem-ilhan-i-ask-lp","status":"publish","type":"product","link":"https:\/\/www.vintape.org\/?product=ilhan-irem-ilhan-i-ask-lp","title":{"rendered":"\u0130lhan \u0130rem &#8211; \u0130lhan-\u0131 A\u015fk (LP)"},"content":{"rendered":"<div>LP 1<\/div>\n<div>A Y\u00fcz\u00fc:<\/div>\n<div>\n<ol>\n<li>Ara Ara Beni Ara<\/li>\n<li>Ruh Gibi<\/li>\n<li>Hayat\u0131n \u00dc\u00e7\u00fcnc\u00fc G\u00f6z\u00fc<\/li>\n<li>\u0130lhan-\u0131 A\u015fk<\/li>\n<\/ol>\n<\/div>\n<div>B Y\u00fcz\u00fc:<\/div>\n<div>\n<ol>\n<li>\u00d6yle Durma<\/li>\n<li>S\u00fcrg\u00fcn Gibi Masallarda<\/li>\n<li>G\u00fcne\u015f Tutulmas\u0131<\/li>\n<\/ol>\n<\/div>\n<div>LP 2<\/div>\n<div>A Y\u00fcz\u00fc:<\/div>\n<div>\n<ol>\n<li>D\u00f6n<\/li>\n<li>Ya\u011fma Ya\u011fmur<\/li>\n<li>Daima<\/li>\n<\/ol>\n<\/div>\n<div>B Y\u00fcz\u00fc:<\/div>\n<div>\n<ol>\n<li>Belki<\/li>\n<li>Bitti<\/li>\n<li>Cennetin K\u0131p\u0131rt\u0131lar\u0131 \u2013 Instrumental<\/li>\n<\/ol>\n<\/div>\n","protected":false},"excerpt":{"rendered":"<p>LP 1 A Y\u00fcz\u00fc: Ara Ara Beni Ara Ruh Gibi Hayat\u0131n \u00dc\u00e7\u00fcnc\u00fc G\u00f6z\u00fc \u0130lhan-\u0131 A\u015fk B Y\u00fcz\u00fc: \u00d6yle Durma S\u00fcrg\u00fcn Gibi Masallarda G\u00fcne\u015f Tutulmas\u0131 LP 2 A Y\u00fcz\u00fc: D\u00f6n Ya\u011fma<\/p>\n","protected":false},"featured_media":1052,"comment_status":"open","ping_status":"closed","template":"","meta":[],"product_cat":[173],"product_tag":[250,251,191,190],"class_list":{"0":"post-1051","1":"product","2":"type-product","3":"status-publish","4":"has-post-thumbnail","6":"product_cat-vinyl","7":"product_tag-ilhan-irem","8":"product_tag-ilhan-i-ask","9":"product_tag-lp","10":"product_tag-vinyl","12":"first","13":"instock","14":"shipping-taxable","15":"purchasable","16":"product-type-simple"},"_links":{"self":[{"href":"https:\/\/www.vintape.org\/index.php?rest_route=\/wp\/v2\/product\/1051","targetHints":{"allow":["GET"]}}],"collection":[{"href":"https:\/\/www.vintape.org\/index.php?rest_route=\/wp\/v2\/product"}],"about":[{"href":"https:\/\/www.vintape.org\/index.php?rest_route=\/wp\/v2\/types\/product"}],"replies":[{"embeddable":true,"href":"https:\/\/www.vintape.org\/index.php?rest_route=%2Fwp%2Fv2%2Fcomments&post=1051"}],"version-history":[{"count":0,"href":"https:\/\/www.vintape.org\/index.php?rest_route=\/wp\/v2\/product\/1051\/revisions"}],"wp:featuredmedia":[{"embeddable":true,"href":"https:\/\/www.vintape.org\/index.php?rest_route=\/wp\/v2\/media\/1052"}],"wp:attachment":[{"href":"https:\/\/www.vintape.org\/index.php?rest_route=%2Fwp%2Fv2%2Fmedia&parent=1051"}],"wp:term":[{"taxonomy":"product_cat","embeddable":true,"href":"https:\/\/www.vintape.org\/index.php?rest_route=%2Fwp%2Fv2%2Fproduct_cat&post=1051"},{"taxonomy":"product_tag","embeddable":true,"href":"https:\/\/www.vintape.org\/index.php?rest_route=%2Fwp%2Fv2%2Fproduct_tag&post=1051"}],"curies":[{"name":"wp","href":"https:\/\/api.w.org\/{rel}","templated":true}]}}