{"id":1047,"date":"2022-12-18T15:56:58","date_gmt":"2022-12-18T14:56:58","guid":{"rendered":"https:\/\/www.vintape.org\/?post_type=product&#038;p=1047"},"modified":"2026-02-15T02:13:21","modified_gmt":"2026-02-15T01:13:21","slug":"ajda-pekkan-hos-gor-senlp","status":"publish","type":"product","link":"https:\/\/www.vintape.org\/?product=ajda-pekkan-hos-gor-senlp","title":{"rendered":"Ajda Pekkan &#8211; Ho\u015f G\u00f6r Sen(LP)"},"content":{"rendered":"<div><b>A Y\u00fcz\u00fc:<\/b><\/div>\n<div>\n<ol>\n<li>Sana Neler Edece\u011fim<\/li>\n<li>\u0130nanmam<\/li>\n<li>Tanr\u0131 Misafiri<\/li>\n<li>Kaderimin Oyunu<\/li>\n<li>Sana Ne Kime Ne<\/li>\n<li>Palavra<\/li>\n<li>Vars\u0131n Yans\u0131n<\/li>\n<li>Al Beni<\/li>\n<\/ol>\n<\/div>\n<div><b>B Y\u00fcz\u00fc: \u00a0<\/b><\/p>\n<ol>\n<li>Nas\u0131ls\u0131n \u0130yimisin<\/li>\n<li>Seninleyim<\/li>\n<li>Ho\u015f G\u00f6r Sen<\/li>\n<li>Kimler Geldi Kimler Ge\u00e7ti<\/li>\n<li>\u0130\u00e7me Sak\u0131n<\/li>\n<li>Olanlar Oldu Bana<\/li>\n<li>\u00c7apk\u0131n Sat\u0131c\u0131<\/li>\n<li>Dert Bende Derman Sende<\/li>\n<\/ol>\n<\/div>\n","protected":false},"excerpt":{"rendered":"<p>A Y\u00fcz\u00fc: Sana Neler Edece\u011fim \u0130nanmam Tanr\u0131 Misafiri Kaderimin Oyunu Sana Ne Kime Ne Palavra Vars\u0131n Yans\u0131n Al Beni B Y\u00fcz\u00fc: \u00a0 Nas\u0131ls\u0131n \u0130yimisin Seninleyim Ho\u015f G\u00f6r Sen Kimler Geldi<\/p>\n","protected":false},"featured_media":1048,"comment_status":"open","ping_status":"closed","template":"","meta":[],"product_cat":[173],"product_tag":[248,249,191,190],"class_list":{"0":"post-1047","1":"product","2":"type-product","3":"status-publish","4":"has-post-thumbnail","6":"product_cat-vinyl","7":"product_tag-ajda-pekkan","8":"product_tag-hos-gor-sen","9":"product_tag-lp","10":"product_tag-vinyl","12":"first","13":"instock","14":"shipping-taxable","15":"purchasable","16":"product-type-simple"},"_links":{"self":[{"href":"https:\/\/www.vintape.org\/index.php?rest_route=\/wp\/v2\/product\/1047","targetHints":{"allow":["GET"]}}],"collection":[{"href":"https:\/\/www.vintape.org\/index.php?rest_route=\/wp\/v2\/product"}],"about":[{"href":"https:\/\/www.vintape.org\/index.php?rest_route=\/wp\/v2\/types\/product"}],"replies":[{"embeddable":true,"href":"https:\/\/www.vintape.org\/index.php?rest_route=%2Fwp%2Fv2%2Fcomments&post=1047"}],"version-history":[{"count":0,"href":"https:\/\/www.vintape.org\/index.php?rest_route=\/wp\/v2\/product\/1047\/revisions"}],"wp:featuredmedia":[{"embeddable":true,"href":"https:\/\/www.vintape.org\/index.php?rest_route=\/wp\/v2\/media\/1048"}],"wp:attachment":[{"href":"https:\/\/www.vintape.org\/index.php?rest_route=%2Fwp%2Fv2%2Fmedia&parent=1047"}],"wp:term":[{"taxonomy":"product_cat","embeddable":true,"href":"https:\/\/www.vintape.org\/index.php?rest_route=%2Fwp%2Fv2%2Fproduct_cat&post=1047"},{"taxonomy":"product_tag","embeddable":true,"href":"https:\/\/www.vintape.org\/index.php?rest_route=%2Fwp%2Fv2%2Fproduct_tag&post=1047"}],"curies":[{"name":"wp","href":"https:\/\/api.w.org\/{rel}","templated":true}]}}