{"id":1043,"date":"2022-12-18T15:54:56","date_gmt":"2022-12-18T14:54:56","guid":{"rendered":"https:\/\/www.vintape.org\/?post_type=product&#038;p=1043"},"modified":"2025-10-23T04:43:06","modified_gmt":"2025-10-23T03:43:06","slug":"zeki-muren-klasikler-5-lp-2","status":"publish","type":"product","link":"https:\/\/www.vintape.org\/?product=zeki-muren-klasikler-5-lp-2","title":{"rendered":"Zeki M\u00fcren &#8211; Klasikler 5 (LP)"},"content":{"rendered":"<p><strong>Zeki M\u00fcren &#8211; Klasikler 5\u00a0<\/strong><strong>\/ An\u0131lar\u0131m (Plak)<\/strong><\/p>\n<p><span style=\"color: #666666\"><strong>A Y\u00fcz\u00fc:<\/strong><\/span><\/p>\n<ol>\n<li><strong><span style=\"color: #666666\">Sevemez Kimse Seni<\/span><\/strong><\/li>\n<li><strong><span style=\"color: #666666\">Bir Yang\u0131n\u0131n K\u00fcl\u00fcn\u00fc<\/span><\/strong><\/li>\n<li><strong><span style=\"color: #666666\">Yar\u0131m Kalan A\u015fk<\/span><\/strong><\/li>\n<li><strong><span style=\"color: #666666\">Benimde Can\u0131m Var<\/span><\/strong><\/li>\n<li><strong><span style=\"color: #666666\">A\u015fk\u0131n Kanunu<\/span><\/strong><\/li>\n<li><strong><span style=\"color: #666666\">Ar\u0131m Bal\u0131m Pete\u011fim<\/span><\/strong><\/li>\n<\/ol>\n<p>&nbsp;<\/p>\n<p><strong><span style=\"color: #666666\">B Y\u00fcz\u00fc:<\/span><\/strong><\/p>\n<ol>\n<li><strong><span style=\"color: #666666\">Ne \u00c7\u0131kar Baht\u0131m\u0131zda<\/span><\/strong><\/li>\n<li><strong><span style=\"color: #666666\">K\u0131skan\u0131r\u0131m<\/span><\/strong><\/li>\n<li><strong><span style=\"color: #666666\">G\u00f6ky\u00fcz\u00fcnde Yaln\u0131z Gezen Y\u0131ld\u0131zlar<\/span><\/strong><\/li>\n<li><strong><span style=\"color: #666666\">\u00d6mr\u00fcmce Hep Ad\u0131m Ad\u0131m<\/span><\/strong><\/li>\n<li><strong><span style=\"color: #666666\">A\u011flama De\u011fmez Hayat<\/span><\/strong><\/li>\n<li><strong><span style=\"color: #666666\">Gizli A\u015fk Bu<\/span><\/strong><\/li>\n<\/ol>\n","protected":false},"excerpt":{"rendered":"<p>Zeki M\u00fcren &#8211; Klasikler 5\u00a0\/ An\u0131lar\u0131m (Plak) A Y\u00fcz\u00fc: Sevemez Kimse Seni Bir Yang\u0131n\u0131n K\u00fcl\u00fcn\u00fc Yar\u0131m Kalan A\u015fk Benimde Can\u0131m Var A\u015fk\u0131n Kanunu Ar\u0131m Bal\u0131m Pete\u011fim &nbsp; B Y\u00fcz\u00fc: Ne<\/p>\n","protected":false},"featured_media":1044,"comment_status":"open","ping_status":"closed","template":"","meta":[],"product_cat":[173],"product_tag":[247,191,190,233],"class_list":{"0":"post-1043","1":"product","2":"type-product","3":"status-publish","4":"has-post-thumbnail","6":"product_cat-vinyl","7":"product_tag-klasikler-5","8":"product_tag-lp","9":"product_tag-vinyl","10":"product_tag-zeki-muren","12":"first","13":"instock","14":"shipping-taxable","15":"purchasable","16":"product-type-simple"},"_links":{"self":[{"href":"https:\/\/www.vintape.org\/index.php?rest_route=\/wp\/v2\/product\/1043","targetHints":{"allow":["GET"]}}],"collection":[{"href":"https:\/\/www.vintape.org\/index.php?rest_route=\/wp\/v2\/product"}],"about":[{"href":"https:\/\/www.vintape.org\/index.php?rest_route=\/wp\/v2\/types\/product"}],"replies":[{"embeddable":true,"href":"https:\/\/www.vintape.org\/index.php?rest_route=%2Fwp%2Fv2%2Fcomments&post=1043"}],"version-history":[{"count":0,"href":"https:\/\/www.vintape.org\/index.php?rest_route=\/wp\/v2\/product\/1043\/revisions"}],"wp:featuredmedia":[{"embeddable":true,"href":"https:\/\/www.vintape.org\/index.php?rest_route=\/wp\/v2\/media\/1044"}],"wp:attachment":[{"href":"https:\/\/www.vintape.org\/index.php?rest_route=%2Fwp%2Fv2%2Fmedia&parent=1043"}],"wp:term":[{"taxonomy":"product_cat","embeddable":true,"href":"https:\/\/www.vintape.org\/index.php?rest_route=%2Fwp%2Fv2%2Fproduct_cat&post=1043"},{"taxonomy":"product_tag","embeddable":true,"href":"https:\/\/www.vintape.org\/index.php?rest_route=%2Fwp%2Fv2%2Fproduct_tag&post=1043"}],"curies":[{"name":"wp","href":"https:\/\/api.w.org\/{rel}","templated":true}]}}