{"id":1038,"date":"2022-12-18T15:52:10","date_gmt":"2022-12-18T14:52:10","guid":{"rendered":"https:\/\/www.vintape.org\/?post_type=product&#038;p=1038"},"modified":"2026-03-26T21:29:42","modified_gmt":"2026-03-26T20:29:42","slug":"ibrahim-tatlises-kara-zindan-lp","status":"publish","type":"product","link":"https:\/\/www.vintape.org\/?product=ibrahim-tatlises-kara-zindan-lp","title":{"rendered":"\u0130brahim Tatl\u0131ses &#8211; Kara Zindan (LP)"},"content":{"rendered":"<ol>\n<li>Kara Zindan<\/li>\n<li>D\u00f6nmem Asla<\/li>\n<li>A\u015f\u0131ks\u0131n<\/li>\n<li>Bir Kulum \u0130\u015fte<\/li>\n<li>Kafama Takt\u0131m Seni<\/li>\n<li>Ben \u0130nsan De\u011fil Miyim<\/li>\n<li>Bebeklerin Bebe\u011fidir<\/li>\n<li>Duydunuz Mu<\/li>\n<li>Bu G\u00fcn Derdin Yar\u0131n Derdin<\/li>\n<li>Nuranim Nuran<\/li>\n<li>Tren Gelir Ho\u015f Gelir<\/li>\n<\/ol>\n","protected":false},"excerpt":{"rendered":"<p>Kara Zindan D\u00f6nmem Asla A\u015f\u0131ks\u0131n Bir Kulum \u0130\u015fte Kafama Takt\u0131m Seni Ben \u0130nsan De\u011fil Miyim Bebeklerin Bebe\u011fidir Duydunuz Mu Bu G\u00fcn Derdin Yar\u0131n Derdin Nuranim Nuran Tren Gelir Ho\u015f Gelir<\/p>\n","protected":false},"featured_media":1039,"comment_status":"open","ping_status":"closed","template":"","meta":[],"product_cat":[173],"product_tag":[226,246,191,190],"class_list":{"0":"post-1038","1":"product","2":"type-product","3":"status-publish","4":"has-post-thumbnail","6":"product_cat-vinyl","7":"product_tag-ibrahim-tatlises","8":"product_tag-kara-zindan","9":"product_tag-lp","10":"product_tag-vinyl","12":"first","13":"instock","14":"shipping-taxable","15":"purchasable","16":"product-type-simple"},"_links":{"self":[{"href":"https:\/\/www.vintape.org\/index.php?rest_route=\/wp\/v2\/product\/1038","targetHints":{"allow":["GET"]}}],"collection":[{"href":"https:\/\/www.vintape.org\/index.php?rest_route=\/wp\/v2\/product"}],"about":[{"href":"https:\/\/www.vintape.org\/index.php?rest_route=\/wp\/v2\/types\/product"}],"replies":[{"embeddable":true,"href":"https:\/\/www.vintape.org\/index.php?rest_route=%2Fwp%2Fv2%2Fcomments&post=1038"}],"version-history":[{"count":0,"href":"https:\/\/www.vintape.org\/index.php?rest_route=\/wp\/v2\/product\/1038\/revisions"}],"wp:featuredmedia":[{"embeddable":true,"href":"https:\/\/www.vintape.org\/index.php?rest_route=\/wp\/v2\/media\/1039"}],"wp:attachment":[{"href":"https:\/\/www.vintape.org\/index.php?rest_route=%2Fwp%2Fv2%2Fmedia&parent=1038"}],"wp:term":[{"taxonomy":"product_cat","embeddable":true,"href":"https:\/\/www.vintape.org\/index.php?rest_route=%2Fwp%2Fv2%2Fproduct_cat&post=1038"},{"taxonomy":"product_tag","embeddable":true,"href":"https:\/\/www.vintape.org\/index.php?rest_route=%2Fwp%2Fv2%2Fproduct_tag&post=1038"}],"curies":[{"name":"wp","href":"https:\/\/api.w.org\/{rel}","templated":true}]}}