{"id":1029,"date":"2022-12-18T15:25:38","date_gmt":"2022-12-18T14:25:38","guid":{"rendered":"https:\/\/www.vintape.org\/?post_type=product&#038;p=1029"},"modified":"2026-04-02T03:12:03","modified_gmt":"2026-04-02T02:12:03","slug":"ferdi-ozbegen-nice-yillara-lp","status":"publish","type":"product","link":"https:\/\/www.vintape.org\/?product=ferdi-ozbegen-nice-yillara-lp","title":{"rendered":"Ferdi \u00d6zbe\u011fen &#8211; Nice Y\u0131llara (LP)"},"content":{"rendered":"<p><strong><u>A:<\/u><\/strong><\/p>\n<ol>\n<li><strong>Eskimeyen Dost<\/strong><br \/>\nS\u00f6z: \u00dclk\u00fc Aker\u00a0\u00a0\u00a0\u00a0 M\u00fczik: Selami \u015eahin<\/li>\n<li><strong>Kadere \u015eikayet<\/strong><br \/>\nS\u00f6z:\u00dclk\u00fc Aker\u00a0\u00a0\u00a0\u00a0 M\u00fczik: Selami \u015eahin<\/li>\n<li><strong>Tek Sat\u0131r Mektup Gibi<\/strong><br \/>\nS\u00f6z: \u00dclk\u00fc Aker\u00a0\u00a0\u00a0\u00a0 M\u00fczik:R\u0131fat \u015eanl\u0131el<\/li>\n<li><strong>Hata<\/strong><br \/>\nS\u00f6z: Sezen Aksu\u00a0\u00a0\u00a0\u00a0 M\u00fczik:Sezen Aksu<\/li>\n<li><strong>G\u00fcnd\u00fcz\u00fcm Kar\u0131\u015fm\u0131\u015f<\/strong><br \/>\nS\u00f6z:Ali Tekint\u00fcre\u00a0\u00a0\u00a0 M\u00fczik:\u00d6zer \u015eenay<\/li>\n<li><strong>Susad\u0131m<\/strong><br \/>\nS\u00f6z: \u00dclk\u00fc Aker\u00a0\u00a0\u00a0\u00a0 M\u00fczik:Anonim<\/li>\n<li><strong>S\u0131rayla S\u0131rayla<\/strong><br \/>\nS\u00f6z: \u00dclk\u00fc Aker\u00a0\u00a0\u00a0\u00a0 M\u00fczik: Anonim<\/li>\n<\/ol>\n<p><strong><u>B:<\/u><\/strong><\/p>\n<ol>\n<li><strong>\u0130\u015fte Bu Bizim Hikayemiz<\/strong><br \/>\nS\u00f6z:\u00dclk\u00fc Aker\u00a0\u00a0\u00a0\u00a0 M\u00fczik: \u00c7o\u015fkun Sabah<\/li>\n<li><strong>A\u011fla Halime<\/strong><br \/>\nS\u00f6z:\u00dclk\u00fc Aker\u00a0\u00a0\u00a0\u00a0 M\u00fczik: Anonim<\/li>\n<li><strong>Gidiyorum Gidiyorum<\/strong><br \/>\nS\u00f6z &amp; M\u00fczik:Bora Ayano\u011flu<\/li>\n<li><strong>Sen Vars\u0131n<\/strong><br \/>\nS\u00f6z: \u00dclk\u00fc Aker\u00a0\u00a0\u00a0\u00a0 M\u00fczik: Anonim<\/li>\n<li><strong>Sen Bir Yana<\/strong><br \/>\nS\u00f6z:\u00dclk\u00fc Aker\u00a0\u00a0\u00a0\u00a0 M\u00fczik:Noray Demirci<\/li>\n<li><strong>Kadehime Dol<\/strong><br \/>\nS\u00f6z:\u00dclk\u00fc Aker\u00a0\u00a0\u00a0\u00a0 M\u00fczik: Anonim<\/li>\n<li><strong>Kahveyi Kaynat\u0131rlar<\/strong><br \/>\nS\u00f6z &amp; M\u00fczik: Anonim<\/li>\n<\/ol>\n","protected":false},"excerpt":{"rendered":"<p>A: Eskimeyen Dost S\u00f6z: \u00dclk\u00fc Aker\u00a0\u00a0\u00a0\u00a0 M\u00fczik: Selami \u015eahin Kadere \u015eikayet S\u00f6z:\u00dclk\u00fc Aker\u00a0\u00a0\u00a0\u00a0 M\u00fczik: Selami \u015eahin Tek Sat\u0131r Mektup Gibi S\u00f6z: \u00dclk\u00fc Aker\u00a0\u00a0\u00a0\u00a0 M\u00fczik:R\u0131fat \u015eanl\u0131el Hata S\u00f6z: Sezen Aksu\u00a0\u00a0\u00a0\u00a0 M\u00fczik:Sezen<\/p>\n","protected":false},"featured_media":1030,"comment_status":"open","ping_status":"closed","template":"","meta":[],"product_cat":[173],"product_tag":[242,191,244,190],"class_list":{"0":"post-1029","1":"product","2":"type-product","3":"status-publish","4":"has-post-thumbnail","6":"product_cat-vinyl","7":"product_tag-ferdi-ozbegen","8":"product_tag-lp","9":"product_tag-nice-yillara","10":"product_tag-vinyl","12":"first","13":"instock","14":"shipping-taxable","15":"purchasable","16":"product-type-simple"},"_links":{"self":[{"href":"https:\/\/www.vintape.org\/index.php?rest_route=\/wp\/v2\/product\/1029","targetHints":{"allow":["GET"]}}],"collection":[{"href":"https:\/\/www.vintape.org\/index.php?rest_route=\/wp\/v2\/product"}],"about":[{"href":"https:\/\/www.vintape.org\/index.php?rest_route=\/wp\/v2\/types\/product"}],"replies":[{"embeddable":true,"href":"https:\/\/www.vintape.org\/index.php?rest_route=%2Fwp%2Fv2%2Fcomments&post=1029"}],"version-history":[{"count":0,"href":"https:\/\/www.vintape.org\/index.php?rest_route=\/wp\/v2\/product\/1029\/revisions"}],"wp:featuredmedia":[{"embeddable":true,"href":"https:\/\/www.vintape.org\/index.php?rest_route=\/wp\/v2\/media\/1030"}],"wp:attachment":[{"href":"https:\/\/www.vintape.org\/index.php?rest_route=%2Fwp%2Fv2%2Fmedia&parent=1029"}],"wp:term":[{"taxonomy":"product_cat","embeddable":true,"href":"https:\/\/www.vintape.org\/index.php?rest_route=%2Fwp%2Fv2%2Fproduct_cat&post=1029"},{"taxonomy":"product_tag","embeddable":true,"href":"https:\/\/www.vintape.org\/index.php?rest_route=%2Fwp%2Fv2%2Fproduct_tag&post=1029"}],"curies":[{"name":"wp","href":"https:\/\/api.w.org\/{rel}","templated":true}]}}