{"id":1017,"date":"2022-12-18T13:32:40","date_gmt":"2022-12-18T12:32:40","guid":{"rendered":"https:\/\/www.vintape.org\/?post_type=product&#038;p=1017"},"modified":"2026-04-15T13:42:15","modified_gmt":"2026-04-15T12:42:15","slug":"sezen-aksu-sevgilerimle-lp","status":"publish","type":"product","link":"https:\/\/www.vintape.org\/?product=sezen-aksu-sevgilerimle-lp","title":{"rendered":"Sezen Aksu &#8211; Sevgilerimle (LP)"},"content":{"rendered":"<p><strong>A Y\u00fcz\u00fc:<\/strong><\/p>\n<p>&nbsp;<\/p>\n<p><strong>1 \u2013 D\u00f6rt G\u00fcnl\u00fck Bir \u015eey<\/strong><\/p>\n<p><strong>2 \u2013 K\u00fc\u00e7\u00fck Yaz \u00c7i\u00e7e\u011fi<\/strong><\/p>\n<p><strong>3 \u2013 Uzaklarda Bir Yerde<\/strong><\/p>\n<p><strong>4 \u2013 S\u00fcr\u00fckl\u00fcyorum \u00c7aresizli\u011fimi<\/strong><\/p>\n<p><strong>5 \u2013 Bir Ac\u0131 Kahvenin<\/strong><\/p>\n<p>&nbsp;<\/p>\n<p><strong>B\u00a0 Y\u00fcz\u00fc:<\/strong><\/p>\n<p><strong>6 \u2013 Hani<\/strong><\/p>\n<p><strong>7 \u2013 Dilimin Ucunda Kelimeler<\/strong><\/p>\n<p><strong>8 \u2013 Sensizim<\/strong><\/p>\n<p><strong>9 \u2013 \u00c7ocuk<\/strong><\/p>\n","protected":false},"excerpt":{"rendered":"<p>A Y\u00fcz\u00fc: &nbsp; 1 \u2013 D\u00f6rt G\u00fcnl\u00fck Bir \u015eey 2 \u2013 K\u00fc\u00e7\u00fck Yaz \u00c7i\u00e7e\u011fi 3 \u2013 Uzaklarda Bir Yerde 4 \u2013 S\u00fcr\u00fckl\u00fcyorum \u00c7aresizli\u011fimi 5 \u2013 Bir Ac\u0131 Kahvenin &nbsp; B\u00a0<\/p>\n","protected":false},"featured_media":1018,"comment_status":"open","ping_status":"closed","template":"","meta":[],"product_cat":[173],"product_tag":[191,239,237,190],"class_list":{"0":"post-1017","1":"product","2":"type-product","3":"status-publish","4":"has-post-thumbnail","6":"product_cat-vinyl","7":"product_tag-lp","8":"product_tag-sevgilerimle","9":"product_tag-sezen-aksu","10":"product_tag-vinyl","12":"first","13":"instock","14":"shipping-taxable","15":"purchasable","16":"product-type-simple"},"_links":{"self":[{"href":"https:\/\/www.vintape.org\/index.php?rest_route=\/wp\/v2\/product\/1017","targetHints":{"allow":["GET"]}}],"collection":[{"href":"https:\/\/www.vintape.org\/index.php?rest_route=\/wp\/v2\/product"}],"about":[{"href":"https:\/\/www.vintape.org\/index.php?rest_route=\/wp\/v2\/types\/product"}],"replies":[{"embeddable":true,"href":"https:\/\/www.vintape.org\/index.php?rest_route=%2Fwp%2Fv2%2Fcomments&post=1017"}],"version-history":[{"count":0,"href":"https:\/\/www.vintape.org\/index.php?rest_route=\/wp\/v2\/product\/1017\/revisions"}],"wp:featuredmedia":[{"embeddable":true,"href":"https:\/\/www.vintape.org\/index.php?rest_route=\/wp\/v2\/media\/1018"}],"wp:attachment":[{"href":"https:\/\/www.vintape.org\/index.php?rest_route=%2Fwp%2Fv2%2Fmedia&parent=1017"}],"wp:term":[{"taxonomy":"product_cat","embeddable":true,"href":"https:\/\/www.vintape.org\/index.php?rest_route=%2Fwp%2Fv2%2Fproduct_cat&post=1017"},{"taxonomy":"product_tag","embeddable":true,"href":"https:\/\/www.vintape.org\/index.php?rest_route=%2Fwp%2Fv2%2Fproduct_tag&post=1017"}],"curies":[{"name":"wp","href":"https:\/\/api.w.org\/{rel}","templated":true}]}}