{"id":1012,"date":"2022-12-18T13:27:14","date_gmt":"2022-12-18T12:27:14","guid":{"rendered":"https:\/\/www.vintape.org\/?post_type=product&#038;p=1012"},"modified":"2026-04-12T19:07:59","modified_gmt":"2026-04-12T18:07:59","slug":"sezen-aksu-allahaismarladik-lp","status":"publish","type":"product","link":"https:\/\/www.vintape.org\/?product=sezen-aksu-allahaismarladik-lp","title":{"rendered":"Sezen Aksu &#8211; Allaha\u0131smarlad\u0131k (LP)"},"content":{"rendered":"<p><b>A Y\u00fcz\u00fc:<\/b><\/p>\n<p><b>1-\u00a0 Allaha\u0131smarlad\u0131k<\/b><\/p>\n<p><b>2-\u00a0 Kendi Kendime<\/b><\/p>\n<p><b>3-\u00a0 Haydi S\u00f6yle<\/b><\/p>\n<p><b>4-\u00a0 Uzun Laf\u0131n K\u0131sas\u0131<\/b><\/p>\n<p><b>5-\u00a0 Seni Gidi Vurdumduymaz<\/b><\/p>\n<p><b>6-\u00a0 Ge\u00e7en Yaz<\/b><\/p>\n<p><b>7-\u00a0 G\u00f6zlerindeki Bulut<\/b><\/p>\n<p><b>8-\u00a0 S\u00f6yle Kimsin<\/b><\/p>\n<p>&nbsp;<\/p>\n<p><b>B Y\u00fcz\u00fc:<\/b><\/p>\n<p><b>1-\u00a0 Alev Alev<\/b><\/p>\n<p><b>2-\u00a0 Olmaz Olsun<\/b><\/p>\n<p><b>3-\u00a0 Allaha\u015fk\u0131na<\/b><\/p>\n<p><b>4-\u00a0 \u0130lk G\u00fcn Gibi<\/b><\/p>\n<p><b>5-\u00a0 Yalanc\u0131<\/b><\/p>\n<p><b>6-\u00a0 Kusura Bakma<\/b><\/p>\n<p><b>7-\u00a0 Ya\u015fanmam\u0131\u015f Y\u0131llar<\/b><\/p>\n","protected":false},"excerpt":{"rendered":"<p>A Y\u00fcz\u00fc: 1-\u00a0 Allaha\u0131smarlad\u0131k 2-\u00a0 Kendi Kendime 3-\u00a0 Haydi S\u00f6yle 4-\u00a0 Uzun Laf\u0131n K\u0131sas\u0131 5-\u00a0 Seni Gidi Vurdumduymaz 6-\u00a0 Ge\u00e7en Yaz 7-\u00a0 G\u00f6zlerindeki Bulut 8-\u00a0 S\u00f6yle Kimsin &nbsp; B Y\u00fcz\u00fc:<\/p>\n","protected":false},"featured_media":1013,"comment_status":"open","ping_status":"closed","template":"","meta":[],"product_cat":[173],"product_tag":[238,191,237,190],"class_list":{"0":"post-1012","1":"product","2":"type-product","3":"status-publish","4":"has-post-thumbnail","6":"product_cat-vinyl","7":"product_tag-allahaismarladik","8":"product_tag-lp","9":"product_tag-sezen-aksu","10":"product_tag-vinyl","12":"first","13":"instock","14":"shipping-taxable","15":"purchasable","16":"product-type-simple"},"_links":{"self":[{"href":"https:\/\/www.vintape.org\/index.php?rest_route=\/wp\/v2\/product\/1012","targetHints":{"allow":["GET"]}}],"collection":[{"href":"https:\/\/www.vintape.org\/index.php?rest_route=\/wp\/v2\/product"}],"about":[{"href":"https:\/\/www.vintape.org\/index.php?rest_route=\/wp\/v2\/types\/product"}],"replies":[{"embeddable":true,"href":"https:\/\/www.vintape.org\/index.php?rest_route=%2Fwp%2Fv2%2Fcomments&post=1012"}],"version-history":[{"count":0,"href":"https:\/\/www.vintape.org\/index.php?rest_route=\/wp\/v2\/product\/1012\/revisions"}],"wp:featuredmedia":[{"embeddable":true,"href":"https:\/\/www.vintape.org\/index.php?rest_route=\/wp\/v2\/media\/1013"}],"wp:attachment":[{"href":"https:\/\/www.vintape.org\/index.php?rest_route=%2Fwp%2Fv2%2Fmedia&parent=1012"}],"wp:term":[{"taxonomy":"product_cat","embeddable":true,"href":"https:\/\/www.vintape.org\/index.php?rest_route=%2Fwp%2Fv2%2Fproduct_cat&post=1012"},{"taxonomy":"product_tag","embeddable":true,"href":"https:\/\/www.vintape.org\/index.php?rest_route=%2Fwp%2Fv2%2Fproduct_tag&post=1012"}],"curies":[{"name":"wp","href":"https:\/\/api.w.org\/{rel}","templated":true}]}}