{"id":1008,"date":"2022-12-18T13:22:53","date_gmt":"2022-12-18T12:22:53","guid":{"rendered":"https:\/\/www.vintape.org\/?post_type=product&#038;p=1008"},"modified":"2026-04-22T02:54:14","modified_gmt":"2026-04-22T01:54:14","slug":"zeki-muren-sukse-lp","status":"publish","type":"product","link":"https:\/\/www.vintape.org\/?product=zeki-muren-sukse-lp","title":{"rendered":"Zeki M\u00fcren- S\u00fckse (LP)"},"content":{"rendered":"<p><strong>A Y\u00fcz\u00fc:<\/strong><\/p>\n<p>1. Ud Taksimi \/ Yine Bir S\u0131z\u0131 Var<br \/>\n2. Derman Kar Eylemez<br \/>\n3. \u0130\u00e7imde Kim Vard\u0131r<br \/>\n4. Dertliyim Ruhuma<br \/>\n5. Bir Demet Yasemen<br \/>\n6. Hayat Harcad\u0131n Beni<br \/>\nB Y\u00fcz\u00fc:<\/p>\n<p>7. Ni\u00e7in A Sevdi\u011fim<br \/>\n8. Yad Eller Ald\u0131 Beni<br \/>\n9. Unutamam Seni<br \/>\n10. Sen Beni Unut<br \/>\n11. Aya\u011f\u0131nda Kundura<br \/>\n12. Esmerim<\/p>\n","protected":false},"excerpt":{"rendered":"<p>A Y\u00fcz\u00fc: 1. Ud Taksimi \/ Yine Bir S\u0131z\u0131 Var 2. Derman Kar Eylemez 3. \u0130\u00e7imde Kim Vard\u0131r 4. Dertliyim Ruhuma 5. Bir Demet Yasemen 6. Hayat Harcad\u0131n Beni B<\/p>\n","protected":false},"featured_media":1009,"comment_status":"open","ping_status":"closed","template":"","meta":[],"product_cat":[173],"product_tag":[191,236,190,233],"class_list":{"0":"post-1008","1":"product","2":"type-product","3":"status-publish","4":"has-post-thumbnail","6":"product_cat-vinyl","7":"product_tag-lp","8":"product_tag-sukse","9":"product_tag-vinyl","10":"product_tag-zeki-muren","12":"first","13":"instock","14":"shipping-taxable","15":"purchasable","16":"product-type-simple"},"_links":{"self":[{"href":"https:\/\/www.vintape.org\/index.php?rest_route=\/wp\/v2\/product\/1008","targetHints":{"allow":["GET"]}}],"collection":[{"href":"https:\/\/www.vintape.org\/index.php?rest_route=\/wp\/v2\/product"}],"about":[{"href":"https:\/\/www.vintape.org\/index.php?rest_route=\/wp\/v2\/types\/product"}],"replies":[{"embeddable":true,"href":"https:\/\/www.vintape.org\/index.php?rest_route=%2Fwp%2Fv2%2Fcomments&post=1008"}],"version-history":[{"count":0,"href":"https:\/\/www.vintape.org\/index.php?rest_route=\/wp\/v2\/product\/1008\/revisions"}],"wp:featuredmedia":[{"embeddable":true,"href":"https:\/\/www.vintape.org\/index.php?rest_route=\/wp\/v2\/media\/1009"}],"wp:attachment":[{"href":"https:\/\/www.vintape.org\/index.php?rest_route=%2Fwp%2Fv2%2Fmedia&parent=1008"}],"wp:term":[{"taxonomy":"product_cat","embeddable":true,"href":"https:\/\/www.vintape.org\/index.php?rest_route=%2Fwp%2Fv2%2Fproduct_cat&post=1008"},{"taxonomy":"product_tag","embeddable":true,"href":"https:\/\/www.vintape.org\/index.php?rest_route=%2Fwp%2Fv2%2Fproduct_tag&post=1008"}],"curies":[{"name":"wp","href":"https:\/\/api.w.org\/{rel}","templated":true}]}}