{"id":1004,"date":"2022-12-18T13:20:53","date_gmt":"2022-12-18T12:20:53","guid":{"rendered":"https:\/\/www.vintape.org\/?post_type=product&#038;p=1004"},"modified":"2026-03-26T21:31:00","modified_gmt":"2026-03-26T20:31:00","slug":"zeki-muren-gozlerin-doguyor-gecelerime-lp","status":"publish","type":"product","link":"https:\/\/www.vintape.org\/?product=zeki-muren-gozlerin-doguyor-gecelerime-lp","title":{"rendered":"Zeki M\u00fcren- G\u00f6zlerin Do\u011fuyor Gecelerime (LP)"},"content":{"rendered":"<div><strong>A Y\u00fcz\u00fc:<\/strong><\/div>\n<div>\n<ol>\n<li><strong>G\u00f6zlerin Do\u011fuyor Gecelerime<\/strong><\/li>\n<li><strong>Hi\u00e7bir \u015eeyde G\u00f6z\u00fcm Yok<\/strong><\/li>\n<li><strong>O \u00c7e\u015fme<\/strong><\/li>\n<li><strong>Ne Olur Anla Beni<\/strong><\/li>\n<li><strong>Seviyorum \u0130\u015fte Var M\u0131 Diyece\u011fin<\/strong><\/li>\n<\/ol>\n<\/div>\n<div>B\u00a0 Y\u00fcz\u00fc:<\/div>\n<div>\n<ol>\n<li><strong>G\u00fcnlerdir \u0130\u00e7ime \u00c7\u00f6kt\u00fc Ayr\u0131l\u0131k<\/strong><\/li>\n<li><strong>Neler Ettin Sen Neler<\/strong><\/li>\n<li><strong>Sana Olan \u00d6zlemim<\/strong><\/li>\n<li><strong>Al Mendilim<\/strong><\/li>\n<li><strong>Gayri Dayanamam Ben Bu Hasrete<\/strong><\/li>\n<li><strong>Ak\u015fam Olunca Yarelerim S\u0131zlar<\/strong><\/li>\n<\/ol>\n<\/div>\n","protected":false},"excerpt":{"rendered":"<p>A Y\u00fcz\u00fc: G\u00f6zlerin Do\u011fuyor Gecelerime Hi\u00e7bir \u015eeyde G\u00f6z\u00fcm Yok O \u00c7e\u015fme Ne Olur Anla Beni Seviyorum \u0130\u015fte Var M\u0131 Diyece\u011fin B\u00a0 Y\u00fcz\u00fc: G\u00fcnlerdir \u0130\u00e7ime \u00c7\u00f6kt\u00fc Ayr\u0131l\u0131k Neler Ettin Sen Neler<\/p>\n","protected":false},"featured_media":1005,"comment_status":"open","ping_status":"closed","template":"","meta":[],"product_cat":[173],"product_tag":[235,191,190,233],"class_list":{"0":"post-1004","1":"product","2":"type-product","3":"status-publish","4":"has-post-thumbnail","6":"product_cat-vinyl","7":"product_tag-gozlerin-doguyor-gecelerime","8":"product_tag-lp","9":"product_tag-vinyl","10":"product_tag-zeki-muren","12":"first","13":"instock","14":"shipping-taxable","15":"purchasable","16":"product-type-simple"},"_links":{"self":[{"href":"https:\/\/www.vintape.org\/index.php?rest_route=\/wp\/v2\/product\/1004","targetHints":{"allow":["GET"]}}],"collection":[{"href":"https:\/\/www.vintape.org\/index.php?rest_route=\/wp\/v2\/product"}],"about":[{"href":"https:\/\/www.vintape.org\/index.php?rest_route=\/wp\/v2\/types\/product"}],"replies":[{"embeddable":true,"href":"https:\/\/www.vintape.org\/index.php?rest_route=%2Fwp%2Fv2%2Fcomments&post=1004"}],"version-history":[{"count":0,"href":"https:\/\/www.vintape.org\/index.php?rest_route=\/wp\/v2\/product\/1004\/revisions"}],"wp:featuredmedia":[{"embeddable":true,"href":"https:\/\/www.vintape.org\/index.php?rest_route=\/wp\/v2\/media\/1005"}],"wp:attachment":[{"href":"https:\/\/www.vintape.org\/index.php?rest_route=%2Fwp%2Fv2%2Fmedia&parent=1004"}],"wp:term":[{"taxonomy":"product_cat","embeddable":true,"href":"https:\/\/www.vintape.org\/index.php?rest_route=%2Fwp%2Fv2%2Fproduct_cat&post=1004"},{"taxonomy":"product_tag","embeddable":true,"href":"https:\/\/www.vintape.org\/index.php?rest_route=%2Fwp%2Fv2%2Fproduct_tag&post=1004"}],"curies":[{"name":"wp","href":"https:\/\/api.w.org\/{rel}","templated":true}]}}